{"id":9257,"date":"2023-09-02T13:39:21","date_gmt":"2023-09-02T11:39:21","guid":{"rendered":"https:\/\/forempleo.uc3m.es\/alumnnos2024\/?page_id=9257"},"modified":"2025-09-09T13:55:16","modified_gmt":"2025-09-09T11:55:16","slug":"genera-tu-cv-qr","status":"publish","type":"page","link":"https:\/\/forempleo.uc3m.es\/visitantes2025\/genera-tu-cv-qr\/","title":{"rendered":"Genera tu CV-QR"},"content":{"rendered":"<section class=\"l-section wpb_row height_medium\"><div class=\"l-section-h i-cf\"><div class=\"g-cols vc_row via_flex valign_top type_default stacking_default\" style=\"--additional-gap:20px;\"><div class=\"vc_col-sm-6 wpb_column vc_column_container\"><div class=\"vc_column-inner us_custom_a518f36e us_animate_this\"><div class=\"wpb_wrapper\"><div class=\"g-cols wpb_row us_custom_4bfee42a us_animate_this via_flex valign_top type_default stacking_default\"><div class=\"vc_col-sm-12 wpb_column vc_column_container\"><div class=\"vc_column-inner\"><div class=\"wpb_wrapper\"><div class=\"wpb_text_column\"><div class=\"wpb_wrapper\"><h1 style=\"text-align: left;\">Genera tu CV-QR<\/h1>\n<\/div><\/div><div class=\"wpb_text_column\"><div class=\"wpb_wrapper\"><p><span>Preparar tu CV antes de visitar forempleo es fundamental. Genera tu c\u00f3digo QR con tu CV y podr\u00e1s compartirlo con las empresas directamente desde tu m\u00f3vil. <\/span><\/p>\n<\/div><\/div><div class=\"w-btn-wrapper align_right\"><a class=\"w-btn us-btn-style_1 us_custom_cdf14ffd\" href=\"https:\/\/forempleo.uc3m.es\/visitantes2025\/es\/acceso-alumnos\/\"><span class=\"w-btn-label\">Reg\u00edstrate<\/span><\/a><\/div><\/div><\/div><\/div><\/div><\/div><\/div><\/div><div class=\"vc_col-sm-6 wpb_column vc_column_container\"><div class=\"vc_column-inner\"><div class=\"wpb_wrapper\"><div class=\"w-separator size_small\"><\/div><div class=\"w-image us_custom_773e51d2 has_height align_center\"><div class=\"w-image-h\"><img decoding=\"async\" width=\"344\" height=\"391\" src=\"https:\/\/forempleo.uc3m.es\/visitantes2025\/wp-content\/uploads\/sites\/21\/2025\/07\/Group-39.png\" class=\"attachment-large size-large\" alt=\"\" loading=\"lazy\" srcset=\"https:\/\/forempleo.uc3m.es\/visitantes2025\/wp-content\/uploads\/sites\/21\/2025\/07\/Group-39.png 344w, https:\/\/forempleo.uc3m.es\/visitantes2025\/wp-content\/uploads\/sites\/21\/2025\/07\/Group-39-264x300.png 264w\" sizes=\"auto, (max-width: 344px) 100vw, 344px\" \/><\/div><\/div><div class=\"w-separator size_large\"><\/div><\/div><\/div><\/div><\/div><\/div><\/section><section class=\"l-section wpb_row height_auto\"><div class=\"l-section-h i-cf\"><div class=\"g-cols vc_row via_flex valign_top type_default stacking_default\" style=\"--additional-gap:20px;\"><div class=\"vc_col-sm-4 wpb_column vc_column_container\"><div class=\"vc_column-inner\"><div class=\"wpb_wrapper\"><div class=\"g-cols wpb_row us_custom_1fdffc95 us_animate_this via_flex valign_top type_default stacking_default\"><div class=\"vc_col-sm-12 wpb_column vc_column_container\"><div class=\"vc_column-inner\"><div class=\"wpb_wrapper\"><div class=\"w-image us_custom_4f24afa8 align_center\"><div class=\"w-image-h\"><img decoding=\"async\" width=\"125\" height=\"120\" src=\"https:\/\/forempleo.uc3m.es\/visitantes2025\/wp-content\/uploads\/sites\/21\/2025\/07\/perfil-del-usuario-1.png\" class=\"attachment-large size-large\" alt=\"\" loading=\"lazy\" \/><\/div><\/div><div class=\"w-separator size_custom\" style=\"height:25px\"><\/div><div class=\"wpb_text_column\"><div class=\"wpb_wrapper\"><h3 style=\"text-align: center;\">Reg\u00edstrate<\/h3>\n<\/div><\/div><div class=\"wpb_text_column us_custom_8e09cc6b\"><div class=\"wpb_wrapper\"><p style=\"text-align: center;\">Si eres Estudiante o Alumni de UC3M, pulsa sobre el bot\u00f3n<br \/>\n<a href=\"https:\/\/forempleo.uc3m.es\/visitantes2025\/es\/acceso-alumnos\/\"><strong style=\"color: #00b2df;\">ACCESO VISITANTES<\/strong><\/a>\u00a0 para acceder al registro de Forempleo 2025.<\/p>\n<\/div><\/div><\/div><\/div><\/div><\/div><\/div><\/div><\/div><div class=\"vc_col-sm-4 wpb_column vc_column_container\"><div class=\"vc_column-inner\"><div class=\"wpb_wrapper\"><div class=\"g-cols wpb_row us_custom_1fdffc95 us_animate_this via_flex valign_top type_default stacking_default\"><div class=\"vc_col-sm-12 wpb_column vc_column_container\"><div class=\"vc_column-inner\"><div class=\"wpb_wrapper\"><div class=\"w-image us_custom_4f24afa8 align_center\"><div class=\"w-image-h\"><img decoding=\"async\" width=\"122\" height=\"122\" src=\"https:\/\/forempleo.uc3m.es\/visitantes2025\/wp-content\/uploads\/sites\/21\/2025\/07\/revisar-1-1.png\" class=\"attachment-large size-large\" alt=\"\" loading=\"lazy\" \/><\/div><\/div><div class=\"w-separator size_custom\" style=\"height:20px\"><\/div><div class=\"wpb_text_column\"><div class=\"wpb_wrapper\"><h3 style=\"text-align: center;\">Sube tu CV<\/h3>\n<\/div><\/div><div class=\"wpb_text_column us_custom_8e09cc6b\"><div class=\"wpb_wrapper\"><p style=\"text-align: center;\">Completa el formulario incluyendo \u2028el Grado o M\u00e1ster que est\u00e1s o has estudiado, tu nivel de idiomas y sube \u2028tu CV en formato PDF.<\/p>\n<\/div><\/div><\/div><\/div><\/div><\/div><\/div><\/div><\/div><div class=\"vc_col-sm-4 wpb_column vc_column_container\"><div class=\"vc_column-inner\"><div class=\"wpb_wrapper\"><div class=\"g-cols wpb_row us_custom_1fdffc95 us_animate_this via_flex valign_top type_default stacking_default\"><div class=\"vc_col-sm-12 wpb_column vc_column_container\"><div class=\"vc_column-inner\"><div class=\"wpb_wrapper\"><div class=\"w-image us_custom_4f24afa8 align_center\"><div class=\"w-image-h\"><img decoding=\"async\" width=\"120\" height=\"120\" src=\"https:\/\/forempleo.uc3m.es\/visitantes2025\/wp-content\/uploads\/sites\/21\/2025\/07\/Group-37.png\" class=\"attachment-large size-large\" alt=\"\" loading=\"lazy\" \/><\/div><\/div><div class=\"w-separator size_custom\" style=\"height:20px\"><\/div><div class=\"wpb_text_column\"><div class=\"wpb_wrapper\"><h3 style=\"text-align: center;\">Genera tu QR<\/h3>\n<\/div><\/div><div class=\"wpb_text_column\"><div class=\"wpb_wrapper\"><p style=\"text-align: center;\">Genera tu c\u00f3digo QR con tu CV y podr\u00e1s compartirlo con las empresas directamente desde tu m\u00f3vil.<\/p>\n<p>\u00a0<\/p>\n<\/div><\/div><\/div><\/div><\/div><\/div><\/div><\/div><\/div><\/div><\/div><\/section>\n","protected":false},"excerpt":{"rendered":"Genera tu CV-QR Preparar tu CV antes de visitar forempleo es fundamental. Genera tu c\u00f3digo QR con tu CV y podr\u00e1s compartirlo con las empresas directamente desde tu m\u00f3vil. Reg\u00edstrateReg\u00edstrate Si eres Estudiante o Alumni de UC3M, pulsa sobre el bot\u00f3n ACCESO VISITANTES\u00a0 para acceder al registro de Forempleo 2025. Sube tu CV Completa el...","protected":false},"author":3,"featured_media":0,"parent":0,"menu_order":0,"comment_status":"closed","ping_status":"closed","template":"","meta":{"footnotes":""},"class_list":["post-9257","page","type-page","status-publish","hentry"],"yoast_head":"<!-- This site is optimized with the Yoast SEO plugin v27.3 - https:\/\/yoast.com\/product\/yoast-seo-wordpress\/ -->\n<title>Forempleo 2025 | Genera tu CV-QR<\/title>\n<meta name=\"description\" content=\"Reg\u00edstrate y genera un c\u00f3digo QR con tu CV para compartirlo con todas las empresas que visites durante la feria.\" \/>\n<meta name=\"robots\" content=\"index, follow, max-snippet:-1, max-image-preview:large, max-video-preview:-1\" \/>\n<link rel=\"canonical\" href=\"https:\/\/forempleo.uc3m.es\/visitantes2025\/genera-tu-cv-qr\/\" \/>\n<meta property=\"og:locale\" content=\"es_ES\" \/>\n<meta property=\"og:type\" content=\"article\" \/>\n<meta property=\"og:title\" content=\"Forempleo 2025 | Genera tu CV-QR\" \/>\n<meta property=\"og:description\" content=\"Reg\u00edstrate y genera un c\u00f3digo QR con tu CV para compartirlo con todas las empresas que visites durante la feria.\" \/>\n<meta property=\"og:url\" content=\"https:\/\/forempleo.uc3m.es\/visitantes2025\/genera-tu-cv-qr\/\" \/>\n<meta property=\"og:site_name\" content=\"Forempleo 2025\" \/>\n<meta property=\"article:publisher\" content=\"https:\/\/www.facebook.com\/Forempleo-2017-1184284735049966\/\" \/>\n<meta property=\"article:modified_time\" content=\"2025-09-09T11:55:16+00:00\" \/>\n<meta property=\"og:image\" content=\"https:\/\/forempleo.uc3m.es\/visitantes2025\/wp-content\/uploads\/sites\/21\/2022\/08\/cropped-fav-icon-2022.png\" \/>\n\t<meta property=\"og:image:width\" content=\"512\" \/>\n\t<meta property=\"og:image:height\" content=\"512\" \/>\n\t<meta property=\"og:image:type\" content=\"image\/png\" \/>\n<meta name=\"twitter:card\" content=\"summary_large_image\" \/>\n<meta name=\"twitter:site\" content=\"@forempleoUC3M\" \/>\n<meta name=\"twitter:label1\" content=\"Tiempo de lectura\" \/>\n\t<meta name=\"twitter:data1\" content=\"1 minuto\" \/>\n<script type=\"application\/ld+json\" class=\"yoast-schema-graph\">{\"@context\":\"https:\\\/\\\/schema.org\",\"@graph\":[{\"@type\":\"WebPage\",\"@id\":\"https:\\\/\\\/forempleo.uc3m.es\\\/visitantes2025\\\/genera-tu-cv-qr\\\/\",\"url\":\"https:\\\/\\\/forempleo.uc3m.es\\\/visitantes2025\\\/genera-tu-cv-qr\\\/\",\"name\":\"Forempleo 2025 | Genera tu CV-QR\",\"isPartOf\":{\"@id\":\"https:\\\/\\\/forempleo.uc3m.es\\\/visitantes2025\\\/#website\"},\"datePublished\":\"2023-09-02T11:39:21+00:00\",\"dateModified\":\"2025-09-09T11:55:16+00:00\",\"description\":\"Reg\u00edstrate y genera un c\u00f3digo QR con tu CV para compartirlo con todas las empresas que visites durante la feria.\",\"breadcrumb\":{\"@id\":\"https:\\\/\\\/forempleo.uc3m.es\\\/visitantes2025\\\/genera-tu-cv-qr\\\/#breadcrumb\"},\"inLanguage\":\"es\",\"potentialAction\":[{\"@type\":\"ReadAction\",\"target\":[\"https:\\\/\\\/forempleo.uc3m.es\\\/visitantes2025\\\/genera-tu-cv-qr\\\/\"]}]},{\"@type\":\"BreadcrumbList\",\"@id\":\"https:\\\/\\\/forempleo.uc3m.es\\\/visitantes2025\\\/genera-tu-cv-qr\\\/#breadcrumb\",\"itemListElement\":[{\"@type\":\"ListItem\",\"position\":1,\"name\":\"Portada\",\"item\":\"https:\\\/\\\/forempleo.uc3m.es\\\/visitantes2025\\\/\"},{\"@type\":\"ListItem\",\"position\":2,\"name\":\"Genera tu CV-QR\"}]},{\"@type\":\"WebSite\",\"@id\":\"https:\\\/\\\/forempleo.uc3m.es\\\/visitantes2025\\\/#website\",\"url\":\"https:\\\/\\\/forempleo.uc3m.es\\\/visitantes2025\\\/\",\"name\":\"Forempleo\",\"description\":\"La Feria de Empleo Universitario m\u00e1s importante de Espa\u00f1a\",\"publisher\":{\"@id\":\"https:\\\/\\\/forempleo.uc3m.es\\\/visitantes2025\\\/#organization\"},\"potentialAction\":[{\"@type\":\"SearchAction\",\"target\":{\"@type\":\"EntryPoint\",\"urlTemplate\":\"https:\\\/\\\/forempleo.uc3m.es\\\/visitantes2025\\\/?s={search_term_string}\"},\"query-input\":{\"@type\":\"PropertyValueSpecification\",\"valueRequired\":true,\"valueName\":\"search_term_string\"}}],\"inLanguage\":\"es\"},{\"@type\":\"Organization\",\"@id\":\"https:\\\/\\\/forempleo.uc3m.es\\\/visitantes2025\\\/#organization\",\"name\":\"Forempleo\",\"url\":\"https:\\\/\\\/forempleo.uc3m.es\\\/visitantes2025\\\/\",\"logo\":{\"@type\":\"ImageObject\",\"inLanguage\":\"es\",\"@id\":\"https:\\\/\\\/forempleo.uc3m.es\\\/visitantes2025\\\/#\\\/schema\\\/logo\\\/image\\\/\",\"url\":\"https:\\\/\\\/forempleo.uc3m.es\\\/visitantes2025\\\/wp-content\\\/uploads\\\/sites\\\/21\\\/2022\\\/08\\\/cropped-fav-icon-2022.png\",\"contentUrl\":\"https:\\\/\\\/forempleo.uc3m.es\\\/visitantes2025\\\/wp-content\\\/uploads\\\/sites\\\/21\\\/2022\\\/08\\\/cropped-fav-icon-2022.png\",\"width\":512,\"height\":512,\"caption\":\"Forempleo\"},\"image\":{\"@id\":\"https:\\\/\\\/forempleo.uc3m.es\\\/visitantes2025\\\/#\\\/schema\\\/logo\\\/image\\\/\"},\"sameAs\":[\"https:\\\/\\\/www.facebook.com\\\/Forempleo-2017-1184284735049966\\\/\",\"https:\\\/\\\/x.com\\\/forempleoUC3M\",\"https:\\\/\\\/www.instagram.com\\\/forempleo\\\/\",\"https:\\\/\\\/www.youtube.com\\\/channel\\\/UCyXs2GMKVt54bEBJVjkq-cg\"]}]}<\/script>\n<!-- \/ Yoast SEO plugin. -->","yoast_head_json":{"title":"Forempleo 2025 | Genera tu CV-QR","description":"Reg\u00edstrate y genera un c\u00f3digo QR con tu CV para compartirlo con todas las empresas que visites durante la feria.","robots":{"index":"index","follow":"follow","max-snippet":"max-snippet:-1","max-image-preview":"max-image-preview:large","max-video-preview":"max-video-preview:-1"},"canonical":"https:\/\/forempleo.uc3m.es\/visitantes2025\/genera-tu-cv-qr\/","og_locale":"es_ES","og_type":"article","og_title":"Forempleo 2025 | Genera tu CV-QR","og_description":"Reg\u00edstrate y genera un c\u00f3digo QR con tu CV para compartirlo con todas las empresas que visites durante la feria.","og_url":"https:\/\/forempleo.uc3m.es\/visitantes2025\/genera-tu-cv-qr\/","og_site_name":"Forempleo 2025","article_publisher":"https:\/\/www.facebook.com\/Forempleo-2017-1184284735049966\/","article_modified_time":"2025-09-09T11:55:16+00:00","og_image":[{"width":512,"height":512,"url":"https:\/\/forempleo.uc3m.es\/visitantes2025\/wp-content\/uploads\/sites\/21\/2022\/08\/cropped-fav-icon-2022.png","type":"image\/png"}],"twitter_card":"summary_large_image","twitter_site":"@forempleoUC3M","twitter_misc":{"Tiempo de lectura":"1 minuto"},"schema":{"@context":"https:\/\/schema.org","@graph":[{"@type":"WebPage","@id":"https:\/\/forempleo.uc3m.es\/visitantes2025\/genera-tu-cv-qr\/","url":"https:\/\/forempleo.uc3m.es\/visitantes2025\/genera-tu-cv-qr\/","name":"Forempleo 2025 | Genera tu CV-QR","isPartOf":{"@id":"https:\/\/forempleo.uc3m.es\/visitantes2025\/#website"},"datePublished":"2023-09-02T11:39:21+00:00","dateModified":"2025-09-09T11:55:16+00:00","description":"Reg\u00edstrate y genera un c\u00f3digo QR con tu CV para compartirlo con todas las empresas que visites durante la feria.","breadcrumb":{"@id":"https:\/\/forempleo.uc3m.es\/visitantes2025\/genera-tu-cv-qr\/#breadcrumb"},"inLanguage":"es","potentialAction":[{"@type":"ReadAction","target":["https:\/\/forempleo.uc3m.es\/visitantes2025\/genera-tu-cv-qr\/"]}]},{"@type":"BreadcrumbList","@id":"https:\/\/forempleo.uc3m.es\/visitantes2025\/genera-tu-cv-qr\/#breadcrumb","itemListElement":[{"@type":"ListItem","position":1,"name":"Portada","item":"https:\/\/forempleo.uc3m.es\/visitantes2025\/"},{"@type":"ListItem","position":2,"name":"Genera tu CV-QR"}]},{"@type":"WebSite","@id":"https:\/\/forempleo.uc3m.es\/visitantes2025\/#website","url":"https:\/\/forempleo.uc3m.es\/visitantes2025\/","name":"Forempleo","description":"La Feria de Empleo Universitario m\u00e1s importante de Espa\u00f1a","publisher":{"@id":"https:\/\/forempleo.uc3m.es\/visitantes2025\/#organization"},"potentialAction":[{"@type":"SearchAction","target":{"@type":"EntryPoint","urlTemplate":"https:\/\/forempleo.uc3m.es\/visitantes2025\/?s={search_term_string}"},"query-input":{"@type":"PropertyValueSpecification","valueRequired":true,"valueName":"search_term_string"}}],"inLanguage":"es"},{"@type":"Organization","@id":"https:\/\/forempleo.uc3m.es\/visitantes2025\/#organization","name":"Forempleo","url":"https:\/\/forempleo.uc3m.es\/visitantes2025\/","logo":{"@type":"ImageObject","inLanguage":"es","@id":"https:\/\/forempleo.uc3m.es\/visitantes2025\/#\/schema\/logo\/image\/","url":"https:\/\/forempleo.uc3m.es\/visitantes2025\/wp-content\/uploads\/sites\/21\/2022\/08\/cropped-fav-icon-2022.png","contentUrl":"https:\/\/forempleo.uc3m.es\/visitantes2025\/wp-content\/uploads\/sites\/21\/2022\/08\/cropped-fav-icon-2022.png","width":512,"height":512,"caption":"Forempleo"},"image":{"@id":"https:\/\/forempleo.uc3m.es\/visitantes2025\/#\/schema\/logo\/image\/"},"sameAs":["https:\/\/www.facebook.com\/Forempleo-2017-1184284735049966\/","https:\/\/x.com\/forempleoUC3M","https:\/\/www.instagram.com\/forempleo\/","https:\/\/www.youtube.com\/channel\/UCyXs2GMKVt54bEBJVjkq-cg"]}]}},"_links":{"self":[{"href":"https:\/\/forempleo.uc3m.es\/visitantes2025\/wp-json\/wp\/v2\/pages\/9257","targetHints":{"allow":["GET"]}}],"collection":[{"href":"https:\/\/forempleo.uc3m.es\/visitantes2025\/wp-json\/wp\/v2\/pages"}],"about":[{"href":"https:\/\/forempleo.uc3m.es\/visitantes2025\/wp-json\/wp\/v2\/types\/page"}],"author":[{"embeddable":true,"href":"https:\/\/forempleo.uc3m.es\/visitantes2025\/wp-json\/wp\/v2\/users\/3"}],"replies":[{"embeddable":true,"href":"https:\/\/forempleo.uc3m.es\/visitantes2025\/wp-json\/wp\/v2\/comments?post=9257"}],"version-history":[{"count":43,"href":"https:\/\/forempleo.uc3m.es\/visitantes2025\/wp-json\/wp\/v2\/pages\/9257\/revisions"}],"predecessor-version":[{"id":10606,"href":"https:\/\/forempleo.uc3m.es\/visitantes2025\/wp-json\/wp\/v2\/pages\/9257\/revisions\/10606"}],"wp:attachment":[{"href":"https:\/\/forempleo.uc3m.es\/visitantes2025\/wp-json\/wp\/v2\/media?parent=9257"}],"curies":[{"name":"wp","href":"https:\/\/api.w.org\/{rel}","templated":true}]}}