{"id":4820,"date":"2023-09-02T09:52:12","date_gmt":"2023-09-02T07:52:12","guid":{"rendered":"http:\/\/www.forempleo.com\/alumnos2020\/?page_id=4820"},"modified":"2025-09-05T11:13:40","modified_gmt":"2025-09-05T09:13:40","slug":"acceso-alumnos","status":"publish","type":"page","link":"https:\/\/forempleo.uc3m.es\/visitantes2025\/acceso-alumnos\/","title":{"rendered":"Acceso Alumnos"},"content":{"rendered":"<section class=\"l-section wpb_row height_auto width_full\"><div class=\"l-section-h i-cf\"><div class=\"g-cols vc_row via_flex valign_top type_default stacking_default\"><div class=\"vc_col-sm-12 wpb_column vc_column_container\"><div class=\"vc_column-inner\"><div class=\"wpb_wrapper\">[vc_raw_js]JTNDc2NyaXB0JTIwdHlwZSUzRCUyMnRleHQlMkZqYXZhc2NyaXB0JTIyJTNFJTBBJTIwJTIwZnVuY3Rpb24lMjByZXNpemVJZnJhbWUlMjhvYmolMjklMjAlN0IlMEElMjAlMjAlMjAlMjBvYmouc3R5bGUuaGVpZ2h0JTIwJTNEJTIwJTI4b2JqLmNvbnRlbnRXaW5kb3cuZG9jdW1lbnQuYm9keS5zY3JvbGxIZWlnaHQlMkIxMDAlMjklMjAlMkIlMjAlMjdweCUyNyUzQiUwQSUyMCUyMCU3RCUwQSUzQyUyRnNjcmlwdCUzRQ==[\/vc_raw_js][vc_raw_html]JTNDaWZyYW1lJTIwc3JjJTNEJTIyJTJGYWNjZXNvLWFsdW1ub3MucGhwJTIyJTIwd2lkdGglM0QlMjIxMDAlMjUlMjIlMjBoZWlnaHQlM0QlMjI2MDAlMjIlMjBvbmxvYWQlM0QlMjJyZXNpemVJZnJhbWUlMjh0aGlzJTI5JTIyJTNFJTNDJTJGaWZyYW1lJTNF[\/vc_raw_html]<\/div><\/div><\/div><\/div><\/div><\/section><div class=\"vc_col-sm-12 wpb_column vc_column_container\"><div class=\"vc_column-inner us_custom_7d5e32d4\"><div class=\"wpb_wrapper\"><\/div><\/div><\/div>\n","protected":false},"excerpt":{"rendered":"[vc_raw_js]JTNDc2NyaXB0JTIwdHlwZSUzRCUyMnRleHQlMkZqYXZhc2NyaXB0JTIyJTNFJTBBJTIwJTIwZnVuY3Rpb24lMjByZXNpemVJZnJhbWUlMjhvYmolMjklMjAlN0IlMEElMjAlMjAlMjAlMjBvYmouc3R5bGUuaGVpZ2h0JTIwJTNEJTIwJTI4b2JqLmNvbnRlbnRXaW5kb3cuZG9jdW1lbnQuYm9keS5zY3JvbGxIZWlnaHQlMkIxMDAlMjklMjAlMkIlMjAlMjdweCUyNyUzQiUwQSUyMCUyMCU3RCUwQSUzQyUyRnNjcmlwdCUzRQ==[\/vc_raw_js][vc_raw_html]JTNDaWZyYW1lJTIwc3JjJTNEJTIyJTJGYWNjZXNvLWFsdW1ub3MucGhwJTIyJTIwd2lkdGglM0QlMjIxMDAlMjUlMjIlMjBoZWlnaHQlM0QlMjI2MDAlMjIlMjBvbmxvYWQlM0QlMjJyZXNpemVJZnJhbWUlMjh0aGlzJTI5JTIyJTNFJTNDJTJGaWZyYW1lJTNF[\/vc_raw_html]","protected":false},"author":3,"featured_media":0,"parent":0,"menu_order":0,"comment_status":"closed","ping_status":"closed","template":"","meta":{"footnotes":""},"class_list":["post-4820","page","type-page","status-publish","hentry"],"yoast_head":"<!-- This site is optimized with the Yoast SEO plugin v27.3 - https:\/\/yoast.com\/product\/yoast-seo-wordpress\/ -->\n<title>Forempleo | Acceso visitantes<\/title>\n<meta name=\"description\" content=\"Acceso a visitantes a Forempleo. Reg\u00edstrate para participar en las diferentes actividades. Ven a la feria, el primer mi\u00e9rcoles y jueves de octubre Campus Legan\u00e9s UC3M\" \/>\n<meta name=\"robots\" content=\"index, nofollow, max-snippet:-1, max-image-preview:large, max-video-preview:-1\" \/>\n<link rel=\"canonical\" href=\"https:\/\/forempleo.uc3m.es\/visitantes2025\/acceso-alumnos\/\" \/>\n<meta property=\"og:locale\" content=\"es_ES\" \/>\n<meta property=\"og:type\" content=\"article\" \/>\n<meta property=\"og:title\" content=\"Forempleo | Acceso visitantes\" \/>\n<meta property=\"og:description\" content=\"Acceso a visitantes a Forempleo. Reg\u00edstrate para participar en las diferentes actividades. Ven a la feria, el primer mi\u00e9rcoles y jueves de octubre Campus Legan\u00e9s UC3M\" \/>\n<meta property=\"og:url\" content=\"https:\/\/forempleo.uc3m.es\/visitantes2025\/acceso-alumnos\/\" \/>\n<meta property=\"og:site_name\" content=\"Forempleo 2025\" \/>\n<meta property=\"article:publisher\" content=\"https:\/\/www.facebook.com\/Forempleo-2017-1184284735049966\/\" \/>\n<meta property=\"article:modified_time\" content=\"2025-09-05T09:13:40+00:00\" \/>\n<meta name=\"twitter:card\" content=\"summary_large_image\" \/>\n<meta name=\"twitter:site\" content=\"@forempleoUC3M\" \/>\n<meta name=\"twitter:label1\" content=\"Tiempo de lectura\" \/>\n\t<meta name=\"twitter:data1\" content=\"1 minuto\" \/>\n<script type=\"application\/ld+json\" class=\"yoast-schema-graph\">{\"@context\":\"https:\\\/\\\/schema.org\",\"@graph\":[{\"@type\":\"WebPage\",\"@id\":\"https:\\\/\\\/forempleo.uc3m.es\\\/visitantes2025\\\/acceso-alumnos\\\/\",\"url\":\"https:\\\/\\\/forempleo.uc3m.es\\\/visitantes2025\\\/acceso-alumnos\\\/\",\"name\":\"Forempleo | Acceso visitantes\",\"isPartOf\":{\"@id\":\"https:\\\/\\\/forempleo.uc3m.es\\\/visitantes2025\\\/#website\"},\"datePublished\":\"2023-09-02T07:52:12+00:00\",\"dateModified\":\"2025-09-05T09:13:40+00:00\",\"description\":\"Acceso a visitantes a Forempleo. Reg\u00edstrate para participar en las diferentes actividades. Ven a la feria, el primer mi\u00e9rcoles y jueves de octubre Campus Legan\u00e9s UC3M\",\"breadcrumb\":{\"@id\":\"https:\\\/\\\/forempleo.uc3m.es\\\/visitantes2025\\\/acceso-alumnos\\\/#breadcrumb\"},\"inLanguage\":\"es\",\"potentialAction\":[{\"@type\":\"ReadAction\",\"target\":[\"https:\\\/\\\/forempleo.uc3m.es\\\/visitantes2025\\\/acceso-alumnos\\\/\"]}]},{\"@type\":\"BreadcrumbList\",\"@id\":\"https:\\\/\\\/forempleo.uc3m.es\\\/visitantes2025\\\/acceso-alumnos\\\/#breadcrumb\",\"itemListElement\":[{\"@type\":\"ListItem\",\"position\":1,\"name\":\"Portada\",\"item\":\"https:\\\/\\\/forempleo.uc3m.es\\\/visitantes2025\\\/\"},{\"@type\":\"ListItem\",\"position\":2,\"name\":\"Acceso Alumnos\"}]},{\"@type\":\"WebSite\",\"@id\":\"https:\\\/\\\/forempleo.uc3m.es\\\/visitantes2025\\\/#website\",\"url\":\"https:\\\/\\\/forempleo.uc3m.es\\\/visitantes2025\\\/\",\"name\":\"Forempleo\",\"description\":\"La Feria de Empleo Universitario m\u00e1s importante de Espa\u00f1a\",\"publisher\":{\"@id\":\"https:\\\/\\\/forempleo.uc3m.es\\\/visitantes2025\\\/#organization\"},\"potentialAction\":[{\"@type\":\"SearchAction\",\"target\":{\"@type\":\"EntryPoint\",\"urlTemplate\":\"https:\\\/\\\/forempleo.uc3m.es\\\/visitantes2025\\\/?s={search_term_string}\"},\"query-input\":{\"@type\":\"PropertyValueSpecification\",\"valueRequired\":true,\"valueName\":\"search_term_string\"}}],\"inLanguage\":\"es\"},{\"@type\":\"Organization\",\"@id\":\"https:\\\/\\\/forempleo.uc3m.es\\\/visitantes2025\\\/#organization\",\"name\":\"Forempleo\",\"url\":\"https:\\\/\\\/forempleo.uc3m.es\\\/visitantes2025\\\/\",\"logo\":{\"@type\":\"ImageObject\",\"inLanguage\":\"es\",\"@id\":\"https:\\\/\\\/forempleo.uc3m.es\\\/visitantes2025\\\/#\\\/schema\\\/logo\\\/image\\\/\",\"url\":\"https:\\\/\\\/forempleo.uc3m.es\\\/visitantes2025\\\/wp-content\\\/uploads\\\/sites\\\/21\\\/2022\\\/08\\\/cropped-fav-icon-2022.png\",\"contentUrl\":\"https:\\\/\\\/forempleo.uc3m.es\\\/visitantes2025\\\/wp-content\\\/uploads\\\/sites\\\/21\\\/2022\\\/08\\\/cropped-fav-icon-2022.png\",\"width\":512,\"height\":512,\"caption\":\"Forempleo\"},\"image\":{\"@id\":\"https:\\\/\\\/forempleo.uc3m.es\\\/visitantes2025\\\/#\\\/schema\\\/logo\\\/image\\\/\"},\"sameAs\":[\"https:\\\/\\\/www.facebook.com\\\/Forempleo-2017-1184284735049966\\\/\",\"https:\\\/\\\/x.com\\\/forempleoUC3M\",\"https:\\\/\\\/www.instagram.com\\\/forempleo\\\/\",\"https:\\\/\\\/www.youtube.com\\\/channel\\\/UCyXs2GMKVt54bEBJVjkq-cg\"]}]}<\/script>\n<!-- \/ Yoast SEO plugin. -->","yoast_head_json":{"title":"Forempleo | Acceso visitantes","description":"Acceso a visitantes a Forempleo. Reg\u00edstrate para participar en las diferentes actividades. Ven a la feria, el primer mi\u00e9rcoles y jueves de octubre Campus Legan\u00e9s UC3M","robots":{"index":"index","follow":"nofollow","max-snippet":"max-snippet:-1","max-image-preview":"max-image-preview:large","max-video-preview":"max-video-preview:-1"},"canonical":"https:\/\/forempleo.uc3m.es\/visitantes2025\/acceso-alumnos\/","og_locale":"es_ES","og_type":"article","og_title":"Forempleo | Acceso visitantes","og_description":"Acceso a visitantes a Forempleo. Reg\u00edstrate para participar en las diferentes actividades. Ven a la feria, el primer mi\u00e9rcoles y jueves de octubre Campus Legan\u00e9s UC3M","og_url":"https:\/\/forempleo.uc3m.es\/visitantes2025\/acceso-alumnos\/","og_site_name":"Forempleo 2025","article_publisher":"https:\/\/www.facebook.com\/Forempleo-2017-1184284735049966\/","article_modified_time":"2025-09-05T09:13:40+00:00","twitter_card":"summary_large_image","twitter_site":"@forempleoUC3M","twitter_misc":{"Tiempo de lectura":"1 minuto"},"schema":{"@context":"https:\/\/schema.org","@graph":[{"@type":"WebPage","@id":"https:\/\/forempleo.uc3m.es\/visitantes2025\/acceso-alumnos\/","url":"https:\/\/forempleo.uc3m.es\/visitantes2025\/acceso-alumnos\/","name":"Forempleo | Acceso visitantes","isPartOf":{"@id":"https:\/\/forempleo.uc3m.es\/visitantes2025\/#website"},"datePublished":"2023-09-02T07:52:12+00:00","dateModified":"2025-09-05T09:13:40+00:00","description":"Acceso a visitantes a Forempleo. Reg\u00edstrate para participar en las diferentes actividades. Ven a la feria, el primer mi\u00e9rcoles y jueves de octubre Campus Legan\u00e9s UC3M","breadcrumb":{"@id":"https:\/\/forempleo.uc3m.es\/visitantes2025\/acceso-alumnos\/#breadcrumb"},"inLanguage":"es","potentialAction":[{"@type":"ReadAction","target":["https:\/\/forempleo.uc3m.es\/visitantes2025\/acceso-alumnos\/"]}]},{"@type":"BreadcrumbList","@id":"https:\/\/forempleo.uc3m.es\/visitantes2025\/acceso-alumnos\/#breadcrumb","itemListElement":[{"@type":"ListItem","position":1,"name":"Portada","item":"https:\/\/forempleo.uc3m.es\/visitantes2025\/"},{"@type":"ListItem","position":2,"name":"Acceso Alumnos"}]},{"@type":"WebSite","@id":"https:\/\/forempleo.uc3m.es\/visitantes2025\/#website","url":"https:\/\/forempleo.uc3m.es\/visitantes2025\/","name":"Forempleo","description":"La Feria de Empleo Universitario m\u00e1s importante de Espa\u00f1a","publisher":{"@id":"https:\/\/forempleo.uc3m.es\/visitantes2025\/#organization"},"potentialAction":[{"@type":"SearchAction","target":{"@type":"EntryPoint","urlTemplate":"https:\/\/forempleo.uc3m.es\/visitantes2025\/?s={search_term_string}"},"query-input":{"@type":"PropertyValueSpecification","valueRequired":true,"valueName":"search_term_string"}}],"inLanguage":"es"},{"@type":"Organization","@id":"https:\/\/forempleo.uc3m.es\/visitantes2025\/#organization","name":"Forempleo","url":"https:\/\/forempleo.uc3m.es\/visitantes2025\/","logo":{"@type":"ImageObject","inLanguage":"es","@id":"https:\/\/forempleo.uc3m.es\/visitantes2025\/#\/schema\/logo\/image\/","url":"https:\/\/forempleo.uc3m.es\/visitantes2025\/wp-content\/uploads\/sites\/21\/2022\/08\/cropped-fav-icon-2022.png","contentUrl":"https:\/\/forempleo.uc3m.es\/visitantes2025\/wp-content\/uploads\/sites\/21\/2022\/08\/cropped-fav-icon-2022.png","width":512,"height":512,"caption":"Forempleo"},"image":{"@id":"https:\/\/forempleo.uc3m.es\/visitantes2025\/#\/schema\/logo\/image\/"},"sameAs":["https:\/\/www.facebook.com\/Forempleo-2017-1184284735049966\/","https:\/\/x.com\/forempleoUC3M","https:\/\/www.instagram.com\/forempleo\/","https:\/\/www.youtube.com\/channel\/UCyXs2GMKVt54bEBJVjkq-cg"]}]}},"_links":{"self":[{"href":"https:\/\/forempleo.uc3m.es\/visitantes2025\/wp-json\/wp\/v2\/pages\/4820","targetHints":{"allow":["GET"]}}],"collection":[{"href":"https:\/\/forempleo.uc3m.es\/visitantes2025\/wp-json\/wp\/v2\/pages"}],"about":[{"href":"https:\/\/forempleo.uc3m.es\/visitantes2025\/wp-json\/wp\/v2\/types\/page"}],"author":[{"embeddable":true,"href":"https:\/\/forempleo.uc3m.es\/visitantes2025\/wp-json\/wp\/v2\/users\/3"}],"replies":[{"embeddable":true,"href":"https:\/\/forempleo.uc3m.es\/visitantes2025\/wp-json\/wp\/v2\/comments?post=4820"}],"version-history":[{"count":30,"href":"https:\/\/forempleo.uc3m.es\/visitantes2025\/wp-json\/wp\/v2\/pages\/4820\/revisions"}],"predecessor-version":[{"id":7245,"href":"https:\/\/forempleo.uc3m.es\/visitantes2025\/wp-json\/wp\/v2\/pages\/4820\/revisions\/7245"}],"wp:attachment":[{"href":"https:\/\/forempleo.uc3m.es\/visitantes2025\/wp-json\/wp\/v2\/media?parent=4820"}],"curies":[{"name":"wp","href":"https:\/\/api.w.org\/{rel}","templated":true}]}}