{"id":4162,"date":"2023-09-02T10:35:53","date_gmt":"2023-09-02T08:35:53","guid":{"rendered":"http:\/\/www.forempleo.com\/alumnos2020\/?page_id=4162"},"modified":"2025-09-05T15:11:16","modified_gmt":"2025-09-05T13:11:16","slug":"puente-hacia-el-empleo","status":"publish","type":"page","link":"https:\/\/forempleo.uc3m.es\/visitantes2025\/puente-hacia-el-empleo\/","title":{"rendered":"Puente hacia el Empleo"},"content":{"rendered":"<section class=\"l-section wpb_row height_small\"><div class=\"l-section-h i-cf\"><div class=\"g-cols vc_row via_flex valign_top type_boxes stacking_default\"><div class=\"vc_col-sm-6 wpb_column vc_column_container\"><div class=\"vc_column-inner type_sticky\"><div class=\"wpb_wrapper\"><div class=\"g-cols wpb_row us_custom_7ac13db1 us_animate_this via_flex valign_top type_default stacking_default\"><div class=\"vc_col-sm-12 wpb_column vc_column_container\"><div class=\"vc_column-inner\"><div class=\"wpb_wrapper\"><div class=\"wpb_text_column us_custom_a518f36e us_animate_this\"><div class=\"wpb_wrapper\"><h1 style=\"text-align: left;\">Puente hacia<br \/>\nel Empleo<\/h1>\n<\/div><\/div><div class=\"wpb_text_column\"><div class=\"wpb_wrapper\"><p><span>Consulta tus dudas con especialista de recursos humanos<\/span>: c\u00f3mo hacer tu CV o mejorarlo, subir tu perfil a LinkedIn, cu\u00e1ndo y c\u00f3mo buscar unas pr\u00e1cticas, c\u00f3mo prepararte para un proceso de selecci\u00f3n\u2026<\/p>\n<p><strong>\u00a1Y no olvides hacerte tu foto profesional<\/strong>!<\/p>\n<\/div><\/div><\/div><\/div><\/div><\/div><\/div><\/div><\/div><div class=\"vc_col-sm-6 wpb_column vc_column_container\"><div class=\"vc_column-inner\"><div class=\"wpb_wrapper\"><div class=\"w-separator size_large\"><\/div><div class=\"w-separator size_large\"><\/div><div class=\"g-cols wpb_row us_custom_95065ac4 us_animate_this via_flex valign_top type_default stacking_default\"><div class=\"vc_col-sm-12 wpb_column vc_column_container\"><div class=\"vc_column-inner\"><div class=\"wpb_wrapper\"><div class=\"wpb_text_column us_custom_aeada080 has_text_color us_animate_this\"><div class=\"wpb_wrapper\"><h1 style=\"text-align: center;\">\u00a1Ven a vernos de 10:00h a 18:00h!<\/h1>\n<\/div><\/div><div class=\"wpb_text_column us_custom_aeada080 has_text_color us_animate_this\"><div class=\"wpb_wrapper\"><h3 style=\"text-align: center;\">No es necesario pedir cita<\/h3>\n<\/div><\/div><\/div><\/div><\/div><\/div><\/div><\/div><\/div><\/div><\/div><\/section><div class=\"vc_col-sm-12 wpb_column vc_column_container\"><div class=\"vc_column-inner us_custom_7d5e32d4\"><div class=\"wpb_wrapper\"><\/div><\/div><\/div><section class=\"l-section wpb_row height_auto\"><div class=\"l-section-h i-cf\"><div class=\"g-cols vc_row via_flex valign_top type_default stacking_default\" style=\"--additional-gap:20px;\"><div class=\"vc_col-sm-4 wpb_column vc_column_container\"><div class=\"vc_column-inner\"><div class=\"wpb_wrapper\"><div class=\"g-cols wpb_row us_custom_1fdffc95 us_animate_this via_flex valign_top type_default stacking_default\"><div class=\"vc_col-sm-12 wpb_column vc_column_container\"><div class=\"vc_column-inner\"><div class=\"wpb_wrapper\"><div class=\"w-image us_custom_4f24afa8 align_center\"><div class=\"w-image-h\"><img decoding=\"async\" width=\"114\" height=\"114\" src=\"https:\/\/forempleo.uc3m.es\/visitantes2025\/wp-content\/uploads\/sites\/21\/2025\/07\/computadora-1-1.png\" class=\"attachment-large size-large\" alt=\"\" loading=\"lazy\" \/><\/div><\/div><div class=\"w-separator size_custom\" style=\"height:25px\"><\/div><div class=\"wpb_text_column\"><div class=\"wpb_wrapper\"><h3 style=\"text-align: center;\">Audit Digital<\/h3>\n<\/div><\/div><div class=\"wpb_text_column us_custom_0f510300\"><div class=\"wpb_wrapper\"><p style=\"text-align: center;\">Revisi\u00f3n de tu huella digital para valorar tu impacto en tu imagen profesional.<\/p>\n<\/div><\/div><\/div><\/div><\/div><\/div><\/div><\/div><\/div><div class=\"vc_col-sm-4 wpb_column vc_column_container\"><div class=\"vc_column-inner\"><div class=\"wpb_wrapper\"><div class=\"g-cols wpb_row us_custom_1fdffc95 us_animate_this via_flex valign_top type_default stacking_default\"><div class=\"vc_col-sm-12 wpb_column vc_column_container\"><div class=\"vc_column-inner\"><div class=\"wpb_wrapper\"><div class=\"w-image us_custom_4f24afa8 align_center\"><div class=\"w-image-h\"><img decoding=\"async\" width=\"122\" height=\"122\" src=\"https:\/\/forempleo.uc3m.es\/visitantes2025\/wp-content\/uploads\/sites\/21\/2025\/07\/revisar-1-1.png\" class=\"attachment-large size-large\" alt=\"\" loading=\"lazy\" \/><\/div><\/div><div class=\"w-separator size_custom\" style=\"height:20px\"><\/div><div class=\"wpb_text_column\"><div class=\"wpb_wrapper\"><h3 style=\"text-align: center;\">Revisi\u00f3n de tu CV<\/h3>\n<\/div><\/div><div class=\"wpb_text_column us_custom_8e09cc6b\"><div class=\"wpb_wrapper\"><p style=\"text-align: center;\">Ll\u00e9vate tu CV y lo revisamos antes de que se lo entregues a las empresas de Forempleo y tambi\u00e9n revisamos tu perfil en el portal de empleo de Orientaci\u00f3n &amp; Empleo.<\/p>\n<\/div><\/div><\/div><\/div><\/div><\/div><\/div><\/div><\/div><div class=\"vc_col-sm-4 wpb_column vc_column_container\"><div class=\"vc_column-inner\"><div class=\"wpb_wrapper\"><div class=\"g-cols wpb_row us_custom_1fdffc95 us_animate_this via_flex valign_top type_default stacking_default\"><div class=\"vc_col-sm-12 wpb_column vc_column_container\"><div class=\"vc_column-inner\"><div class=\"wpb_wrapper\"><div class=\"w-image us_custom_4f24afa8 align_center\"><div class=\"w-image-h\"><img decoding=\"async\" width=\"120\" height=\"120\" src=\"https:\/\/forempleo.uc3m.es\/visitantes2025\/wp-content\/uploads\/sites\/21\/2025\/07\/Group-37.png\" class=\"attachment-large size-large\" alt=\"\" loading=\"lazy\" \/><\/div><\/div><div class=\"w-separator size_custom\" style=\"height:20px\"><\/div><div class=\"wpb_text_column\"><div class=\"wpb_wrapper\"><h3 style=\"text-align: center;\">Foto profesional<\/h3>\n<\/div><\/div><div class=\"wpb_text_column us_custom_6b955bb3\"><div class=\"wpb_wrapper\"><p style=\"text-align: center;\">Adem\u00e1s podr\u00e1s hacerte una foto profesional y te orientamos de c\u00f3mo hacerla.<\/p>\n<\/div><\/div><\/div><\/div><\/div><\/div><\/div><\/div><\/div><\/div><\/div><\/section>\n","protected":false},"excerpt":{"rendered":"Puente hacia el Empleo Consulta tus dudas con especialista de recursos humanos: c\u00f3mo hacer tu CV o mejorarlo, subir tu perfil a LinkedIn, cu\u00e1ndo y c\u00f3mo buscar unas pr\u00e1cticas, c\u00f3mo prepararte para un proceso de selecci\u00f3n\u2026 \u00a1Y no olvides hacerte tu foto profesional! \u00a1Ven a vernos de 10:00h a 18:00h! No es necesario pedir cita...","protected":false},"author":3,"featured_media":0,"parent":0,"menu_order":0,"comment_status":"closed","ping_status":"closed","template":"","meta":{"footnotes":""},"class_list":["post-4162","page","type-page","status-publish","hentry"],"yoast_head":"<!-- This site is optimized with the Yoast SEO plugin v27.3 - https:\/\/yoast.com\/product\/yoast-seo-wordpress\/ -->\n<title>Forempleo 2025 | Puente hacia el empleo<\/title>\n<meta name=\"description\" content=\"Consulta con t\u00e9cnicos de RR.HH.: c\u00f3mo hacer tu CV, subir tu perfil a LinkedIn o c\u00f3mo buscar pr\u00e1cticas. Ven a Forempleo Campus UC3M de Legan\u00e9s\" \/>\n<meta name=\"robots\" content=\"index, follow, max-snippet:-1, max-image-preview:large, max-video-preview:-1\" \/>\n<link rel=\"canonical\" href=\"https:\/\/forempleo.uc3m.es\/visitantes2025\/puente-hacia-el-empleo\/\" \/>\n<meta property=\"og:locale\" content=\"es_ES\" \/>\n<meta property=\"og:type\" content=\"article\" \/>\n<meta property=\"og:title\" content=\"Forempleo 2025 | Puente hacia el empleo\" \/>\n<meta property=\"og:description\" content=\"Consulta con t\u00e9cnicos de RR.HH.: c\u00f3mo hacer tu CV, subir tu perfil a LinkedIn o c\u00f3mo buscar pr\u00e1cticas. Ven a Forempleo Campus UC3M de Legan\u00e9s\" \/>\n<meta property=\"og:url\" content=\"https:\/\/forempleo.uc3m.es\/visitantes2025\/puente-hacia-el-empleo\/\" \/>\n<meta property=\"og:site_name\" content=\"Forempleo 2025\" \/>\n<meta property=\"article:publisher\" content=\"https:\/\/www.facebook.com\/Forempleo-2017-1184284735049966\/\" \/>\n<meta property=\"article:modified_time\" content=\"2025-09-05T13:11:16+00:00\" \/>\n<meta property=\"og:image\" content=\"https:\/\/forempleo.uc3m.es\/visitantes2025\/wp-content\/uploads\/sites\/21\/2022\/08\/cropped-fav-icon-2022.png\" \/>\n\t<meta property=\"og:image:width\" content=\"512\" \/>\n\t<meta property=\"og:image:height\" content=\"512\" \/>\n\t<meta property=\"og:image:type\" content=\"image\/png\" \/>\n<meta name=\"twitter:card\" content=\"summary_large_image\" \/>\n<meta name=\"twitter:site\" content=\"@forempleoUC3M\" \/>\n<meta name=\"twitter:label1\" content=\"Tiempo de lectura\" \/>\n\t<meta name=\"twitter:data1\" content=\"1 minuto\" \/>\n<script type=\"application\/ld+json\" class=\"yoast-schema-graph\">{\"@context\":\"https:\\\/\\\/schema.org\",\"@graph\":[{\"@type\":\"WebPage\",\"@id\":\"https:\\\/\\\/forempleo.uc3m.es\\\/visitantes2025\\\/puente-hacia-el-empleo\\\/\",\"url\":\"https:\\\/\\\/forempleo.uc3m.es\\\/visitantes2025\\\/puente-hacia-el-empleo\\\/\",\"name\":\"Forempleo 2025 | Puente hacia el empleo\",\"isPartOf\":{\"@id\":\"https:\\\/\\\/forempleo.uc3m.es\\\/visitantes2025\\\/#website\"},\"datePublished\":\"2023-09-02T08:35:53+00:00\",\"dateModified\":\"2025-09-05T13:11:16+00:00\",\"description\":\"Consulta con t\u00e9cnicos de RR.HH.: c\u00f3mo hacer tu CV, subir tu perfil a LinkedIn o c\u00f3mo buscar pr\u00e1cticas. Ven a Forempleo Campus UC3M de Legan\u00e9s\",\"breadcrumb\":{\"@id\":\"https:\\\/\\\/forempleo.uc3m.es\\\/visitantes2025\\\/puente-hacia-el-empleo\\\/#breadcrumb\"},\"inLanguage\":\"es\",\"potentialAction\":[{\"@type\":\"ReadAction\",\"target\":[\"https:\\\/\\\/forempleo.uc3m.es\\\/visitantes2025\\\/puente-hacia-el-empleo\\\/\"]}]},{\"@type\":\"BreadcrumbList\",\"@id\":\"https:\\\/\\\/forempleo.uc3m.es\\\/visitantes2025\\\/puente-hacia-el-empleo\\\/#breadcrumb\",\"itemListElement\":[{\"@type\":\"ListItem\",\"position\":1,\"name\":\"Portada\",\"item\":\"https:\\\/\\\/forempleo.uc3m.es\\\/visitantes2025\\\/\"},{\"@type\":\"ListItem\",\"position\":2,\"name\":\"Puente hacia el Empleo\"}]},{\"@type\":\"WebSite\",\"@id\":\"https:\\\/\\\/forempleo.uc3m.es\\\/visitantes2025\\\/#website\",\"url\":\"https:\\\/\\\/forempleo.uc3m.es\\\/visitantes2025\\\/\",\"name\":\"Forempleo\",\"description\":\"La Feria de Empleo Universitario m\u00e1s importante de Espa\u00f1a\",\"publisher\":{\"@id\":\"https:\\\/\\\/forempleo.uc3m.es\\\/visitantes2025\\\/#organization\"},\"potentialAction\":[{\"@type\":\"SearchAction\",\"target\":{\"@type\":\"EntryPoint\",\"urlTemplate\":\"https:\\\/\\\/forempleo.uc3m.es\\\/visitantes2025\\\/?s={search_term_string}\"},\"query-input\":{\"@type\":\"PropertyValueSpecification\",\"valueRequired\":true,\"valueName\":\"search_term_string\"}}],\"inLanguage\":\"es\"},{\"@type\":\"Organization\",\"@id\":\"https:\\\/\\\/forempleo.uc3m.es\\\/visitantes2025\\\/#organization\",\"name\":\"Forempleo\",\"url\":\"https:\\\/\\\/forempleo.uc3m.es\\\/visitantes2025\\\/\",\"logo\":{\"@type\":\"ImageObject\",\"inLanguage\":\"es\",\"@id\":\"https:\\\/\\\/forempleo.uc3m.es\\\/visitantes2025\\\/#\\\/schema\\\/logo\\\/image\\\/\",\"url\":\"https:\\\/\\\/forempleo.uc3m.es\\\/visitantes2025\\\/wp-content\\\/uploads\\\/sites\\\/21\\\/2022\\\/08\\\/cropped-fav-icon-2022.png\",\"contentUrl\":\"https:\\\/\\\/forempleo.uc3m.es\\\/visitantes2025\\\/wp-content\\\/uploads\\\/sites\\\/21\\\/2022\\\/08\\\/cropped-fav-icon-2022.png\",\"width\":512,\"height\":512,\"caption\":\"Forempleo\"},\"image\":{\"@id\":\"https:\\\/\\\/forempleo.uc3m.es\\\/visitantes2025\\\/#\\\/schema\\\/logo\\\/image\\\/\"},\"sameAs\":[\"https:\\\/\\\/www.facebook.com\\\/Forempleo-2017-1184284735049966\\\/\",\"https:\\\/\\\/x.com\\\/forempleoUC3M\",\"https:\\\/\\\/www.instagram.com\\\/forempleo\\\/\",\"https:\\\/\\\/www.youtube.com\\\/channel\\\/UCyXs2GMKVt54bEBJVjkq-cg\"]}]}<\/script>\n<!-- \/ Yoast SEO plugin. -->","yoast_head_json":{"title":"Forempleo 2025 | Puente hacia el empleo","description":"Consulta con t\u00e9cnicos de RR.HH.: c\u00f3mo hacer tu CV, subir tu perfil a LinkedIn o c\u00f3mo buscar pr\u00e1cticas. Ven a Forempleo Campus UC3M de Legan\u00e9s","robots":{"index":"index","follow":"follow","max-snippet":"max-snippet:-1","max-image-preview":"max-image-preview:large","max-video-preview":"max-video-preview:-1"},"canonical":"https:\/\/forempleo.uc3m.es\/visitantes2025\/puente-hacia-el-empleo\/","og_locale":"es_ES","og_type":"article","og_title":"Forempleo 2025 | Puente hacia el empleo","og_description":"Consulta con t\u00e9cnicos de RR.HH.: c\u00f3mo hacer tu CV, subir tu perfil a LinkedIn o c\u00f3mo buscar pr\u00e1cticas. Ven a Forempleo Campus UC3M de Legan\u00e9s","og_url":"https:\/\/forempleo.uc3m.es\/visitantes2025\/puente-hacia-el-empleo\/","og_site_name":"Forempleo 2025","article_publisher":"https:\/\/www.facebook.com\/Forempleo-2017-1184284735049966\/","article_modified_time":"2025-09-05T13:11:16+00:00","og_image":[{"width":512,"height":512,"url":"https:\/\/forempleo.uc3m.es\/visitantes2025\/wp-content\/uploads\/sites\/21\/2022\/08\/cropped-fav-icon-2022.png","type":"image\/png"}],"twitter_card":"summary_large_image","twitter_site":"@forempleoUC3M","twitter_misc":{"Tiempo de lectura":"1 minuto"},"schema":{"@context":"https:\/\/schema.org","@graph":[{"@type":"WebPage","@id":"https:\/\/forempleo.uc3m.es\/visitantes2025\/puente-hacia-el-empleo\/","url":"https:\/\/forempleo.uc3m.es\/visitantes2025\/puente-hacia-el-empleo\/","name":"Forempleo 2025 | Puente hacia el empleo","isPartOf":{"@id":"https:\/\/forempleo.uc3m.es\/visitantes2025\/#website"},"datePublished":"2023-09-02T08:35:53+00:00","dateModified":"2025-09-05T13:11:16+00:00","description":"Consulta con t\u00e9cnicos de RR.HH.: c\u00f3mo hacer tu CV, subir tu perfil a LinkedIn o c\u00f3mo buscar pr\u00e1cticas. Ven a Forempleo Campus UC3M de Legan\u00e9s","breadcrumb":{"@id":"https:\/\/forempleo.uc3m.es\/visitantes2025\/puente-hacia-el-empleo\/#breadcrumb"},"inLanguage":"es","potentialAction":[{"@type":"ReadAction","target":["https:\/\/forempleo.uc3m.es\/visitantes2025\/puente-hacia-el-empleo\/"]}]},{"@type":"BreadcrumbList","@id":"https:\/\/forempleo.uc3m.es\/visitantes2025\/puente-hacia-el-empleo\/#breadcrumb","itemListElement":[{"@type":"ListItem","position":1,"name":"Portada","item":"https:\/\/forempleo.uc3m.es\/visitantes2025\/"},{"@type":"ListItem","position":2,"name":"Puente hacia el Empleo"}]},{"@type":"WebSite","@id":"https:\/\/forempleo.uc3m.es\/visitantes2025\/#website","url":"https:\/\/forempleo.uc3m.es\/visitantes2025\/","name":"Forempleo","description":"La Feria de Empleo Universitario m\u00e1s importante de Espa\u00f1a","publisher":{"@id":"https:\/\/forempleo.uc3m.es\/visitantes2025\/#organization"},"potentialAction":[{"@type":"SearchAction","target":{"@type":"EntryPoint","urlTemplate":"https:\/\/forempleo.uc3m.es\/visitantes2025\/?s={search_term_string}"},"query-input":{"@type":"PropertyValueSpecification","valueRequired":true,"valueName":"search_term_string"}}],"inLanguage":"es"},{"@type":"Organization","@id":"https:\/\/forempleo.uc3m.es\/visitantes2025\/#organization","name":"Forempleo","url":"https:\/\/forempleo.uc3m.es\/visitantes2025\/","logo":{"@type":"ImageObject","inLanguage":"es","@id":"https:\/\/forempleo.uc3m.es\/visitantes2025\/#\/schema\/logo\/image\/","url":"https:\/\/forempleo.uc3m.es\/visitantes2025\/wp-content\/uploads\/sites\/21\/2022\/08\/cropped-fav-icon-2022.png","contentUrl":"https:\/\/forempleo.uc3m.es\/visitantes2025\/wp-content\/uploads\/sites\/21\/2022\/08\/cropped-fav-icon-2022.png","width":512,"height":512,"caption":"Forempleo"},"image":{"@id":"https:\/\/forempleo.uc3m.es\/visitantes2025\/#\/schema\/logo\/image\/"},"sameAs":["https:\/\/www.facebook.com\/Forempleo-2017-1184284735049966\/","https:\/\/x.com\/forempleoUC3M","https:\/\/www.instagram.com\/forempleo\/","https:\/\/www.youtube.com\/channel\/UCyXs2GMKVt54bEBJVjkq-cg"]}]}},"_links":{"self":[{"href":"https:\/\/forempleo.uc3m.es\/visitantes2025\/wp-json\/wp\/v2\/pages\/4162","targetHints":{"allow":["GET"]}}],"collection":[{"href":"https:\/\/forempleo.uc3m.es\/visitantes2025\/wp-json\/wp\/v2\/pages"}],"about":[{"href":"https:\/\/forempleo.uc3m.es\/visitantes2025\/wp-json\/wp\/v2\/types\/page"}],"author":[{"embeddable":true,"href":"https:\/\/forempleo.uc3m.es\/visitantes2025\/wp-json\/wp\/v2\/users\/3"}],"replies":[{"embeddable":true,"href":"https:\/\/forempleo.uc3m.es\/visitantes2025\/wp-json\/wp\/v2\/comments?post=4162"}],"version-history":[{"count":115,"href":"https:\/\/forempleo.uc3m.es\/visitantes2025\/wp-json\/wp\/v2\/pages\/4162\/revisions"}],"predecessor-version":[{"id":10715,"href":"https:\/\/forempleo.uc3m.es\/visitantes2025\/wp-json\/wp\/v2\/pages\/4162\/revisions\/10715"}],"wp:attachment":[{"href":"https:\/\/forempleo.uc3m.es\/visitantes2025\/wp-json\/wp\/v2\/media?parent=4162"}],"curies":[{"name":"wp","href":"https:\/\/api.w.org\/{rel}","templated":true}]}}