{"id":4237,"date":"2016-02-03T17:43:55","date_gmt":"2016-02-03T17:43:55","guid":{"rendered":"http:\/\/www.forempleo.com\/empresas2020beta\/?page_id=4237"},"modified":"2025-04-07T16:58:28","modified_gmt":"2025-04-07T16:58:28","slug":"por-que-participar","status":"publish","type":"page","link":"https:\/\/forempleo.uc3m.es\/empresas2025\/por-que-participar\/","title":{"rendered":"\u00bfPor qu\u00e9 participar?"},"content":{"rendered":"<section class=\"l-section wpb_row height_small\"><div class=\"l-section-h i-cf\"><div class=\"g-cols vc_row via_flex valign_top type_boxes stacking_default\"><div class=\"vc_col-sm-6 wpb_column vc_column_container\"><div class=\"vc_column-inner\"><div class=\"wpb_wrapper\"><div class=\"g-cols wpb_row us_custom_35503508 us_animate_this via_flex valign_top type_default stacking_default\"><div class=\"vc_col-sm-12 wpb_column vc_column_container\"><div class=\"vc_column-inner\"><div class=\"wpb_wrapper\"><div class=\"w-image hide_on_mobiles align_center\"><div class=\"w-image-h\"><img decoding=\"async\" width=\"500\" height=\"500\" src=\"https:\/\/forempleo.uc3m.es\/empresas2025\/wp-content\/uploads\/sites\/20\/2025\/04\/imagenes_web_Participar.png\" class=\"attachment-large size-large\" alt=\"\" loading=\"lazy\" srcset=\"https:\/\/forempleo.uc3m.es\/empresas2025\/wp-content\/uploads\/sites\/20\/2025\/04\/imagenes_web_Participar.png 500w, https:\/\/forempleo.uc3m.es\/empresas2025\/wp-content\/uploads\/sites\/20\/2025\/04\/imagenes_web_Participar-300x300.png 300w, https:\/\/forempleo.uc3m.es\/empresas2025\/wp-content\/uploads\/sites\/20\/2025\/04\/imagenes_web_Participar-150x150.png 150w, https:\/\/forempleo.uc3m.es\/empresas2025\/wp-content\/uploads\/sites\/20\/2025\/04\/imagenes_web_Participar-350x350.png 350w\" sizes=\"auto, (max-width: 500px) 100vw, 500px\" \/><\/div><\/div><div class=\"w-separator size_custom\" style=\"height:20px\"><\/div><div class=\"wpb_text_column\"><div class=\"wpb_wrapper\"><h1 style=\"text-align: left;\">\u00bfPor qu\u00e9 participar?<\/h1>\n<\/div><\/div><\/div><\/div><\/div><\/div><\/div><\/div><\/div><div class=\"vc_col-sm-6 wpb_column vc_column_container\"><div class=\"vc_column-inner type_sticky\"><div class=\"wpb_wrapper\"><div class=\"w-separator size_medium\"><\/div><div class=\"w-image us_custom_4481559d hide_on_mobiles align_center\"><div class=\"w-image-h\"><img decoding=\"async\" width=\"567\" height=\"108\" src=\"https:\/\/forempleo.uc3m.es\/empresas2025\/wp-content\/uploads\/sites\/20\/2025\/03\/LOGO_FOREMPLEO_2025.png\" class=\"attachment-us_600_0 size-us_600_0\" alt=\"\" loading=\"lazy\" srcset=\"https:\/\/forempleo.uc3m.es\/empresas2025\/wp-content\/uploads\/sites\/20\/2025\/03\/LOGO_FOREMPLEO_2025.png 567w, https:\/\/forempleo.uc3m.es\/empresas2025\/wp-content\/uploads\/sites\/20\/2025\/03\/LOGO_FOREMPLEO_2025-300x57.png 300w\" sizes=\"auto, (max-width: 567px) 100vw, 567px\" \/><\/div><\/div><div class=\"w-separator size_medium\"><\/div><div class=\"wpb_text_column\"><div class=\"wpb_wrapper\"><p>La Universidad Carlos III de Madrid es un <strong>centro de referencia<\/strong> <strong>a nivel nacional e internacional<\/strong> y una de las mejores canteras de talento en \u00e1mbitos como: Ingenier\u00edas, Derecho, Empresa, Comunicaci\u00f3n, etc.<\/p>\n<\/div><\/div><\/div><\/div><\/div><\/div><\/div><\/section><section class=\"l-section wpb_row height_auto\"><div class=\"l-section-h i-cf\"><div class=\"g-cols vc_row via_flex valign_top type_default stacking_default\"><div class=\"vc_col-sm-12 wpb_column vc_column_container\"><div class=\"vc_column-inner\"><div class=\"wpb_wrapper\"><div class=\"wpb_text_column us_custom_a518f36e us_animate_this\"><div class=\"wpb_wrapper\"><h2 style=\"text-align: left;\">La Feria de empleo universitario referente en Madrid<\/h2>\n<\/div><\/div><div class=\"w-separator size_custom with_line width_screen thick_4 style_solid color_primary align_center\" style=\"height:10px\"><div class=\"w-separator-h\"><\/div><\/div><\/div><\/div><\/div><\/div><\/div><\/section><section class=\"l-section wpb_row height_medium\"><div class=\"l-section-h i-cf\"><div class=\"g-cols vc_row via_flex valign_top type_default stacking_default\"><div class=\"vc_col-sm-4 wpb_column vc_column_container\"><div class=\"vc_column-inner us_custom_a518f36e us_animate_this\"><div class=\"wpb_wrapper\"><div class=\"g-cols wpb_row us_custom_4bfee42a us_animate_this via_flex valign_top type_default stacking_default\"><div class=\"vc_col-sm-12 wpb_column vc_column_container\"><div class=\"vc_column-inner\"><div class=\"wpb_wrapper\"><div class=\"wpb_text_column\"><div class=\"wpb_wrapper\"><h3>Forempleo 2025<\/h3>\n<\/div><\/div><div class=\"wpb_text_column\"><div class=\"wpb_wrapper\"><p style=\"text-align: left;\">Esta <strong>feria de empleo universitaria<\/strong> recibe todos los a\u00f1os m\u00e1s de 7.000 visitantes en las diferentes actividades organizadas.<\/p>\n<p style=\"text-align: left;\">La feria y todas las actividades estar\u00e1n apoyadas por un Plan de Comunicaci\u00f3n para dotar\u00e1 de gran notoriedad al evento y\u00a0a las entidades que participan en el mismo tanto en medios como entre estudiantes universitarios.<\/p>\n<\/div><\/div><\/div><\/div><\/div><\/div><\/div><\/div><\/div><div class=\"vc_col-sm-8 wpb_column vc_column_container\"><div class=\"vc_column-inner\"><div class=\"wpb_wrapper\"><div class=\"g-cols wpb_row via_flex valign_top type_default stacking_default\"><div class=\"vc_col-sm-4 wpb_column vc_column_container\"><div class=\"vc_column-inner\"><div class=\"wpb_wrapper\"><div class=\"w-iconbox us_custom_8d5aa4e2 iconpos_top style_default color_custom align_center no_text no_title icontype_img\"><div class=\"w-iconbox-icon\" style=\"font-size:3rem;--icon-color:#00b2df;\"><img loading=\"lazy\" decoding=\"async\" width=\"150\" height=\"150\" src=\"https:\/\/forempleo.uc3m.es\/empresas2025\/wp-content\/uploads\/sites\/20\/2025\/04\/Ediciones.png\" class=\"attachment-full size-full\" alt=\"\" \/><\/div><div class=\"w-iconbox-meta\"><\/div><\/div><div class=\"w-counter us_custom_7e52264c color_custom align_center has_font_size\" data-duration=\"2\"><div class=\"w-counter-value\" style=\"color:var(--color-chrome-toolbar);\"><span class=\"w-counter-value-part type_text\" data-final=\"\"><\/span><span class=\"w-counter-value-part type_number\" data-final=\"29\">1<\/span><span class=\"w-counter-value-part type_text\" data-final=\"\"><\/span><\/div><h4 class=\"w-counter-title\">ediciones<\/h4><\/div><\/div><\/div><\/div><div class=\"vc_col-sm-4 wpb_column vc_column_container\"><div class=\"vc_column-inner\"><div class=\"wpb_wrapper\"><div class=\"w-iconbox us_custom_8d5aa4e2 iconpos_top style_default color_custom align_center no_text no_title icontype_img\"><div class=\"w-iconbox-icon\" style=\"font-size:3rem;--icon-color:#00b2df;\"><img loading=\"lazy\" decoding=\"async\" width=\"151\" height=\"150\" src=\"https:\/\/forempleo.uc3m.es\/empresas2025\/wp-content\/uploads\/sites\/20\/2025\/04\/Visitantes.png\" class=\"attachment-full size-full\" alt=\"\" \/><\/div><div class=\"w-iconbox-meta\"><\/div><\/div><div class=\"w-counter us_custom_7e52264c color_custom align_center has_font_size\" data-duration=\"2\"><div class=\"w-counter-value\" style=\"color:var(--color-chrome-toolbar);\"><span class=\"w-counter-value-part type_text\" data-final=\"\"><\/span><span class=\"w-counter-value-part type_number\" data-final=\"7000\">1<\/span><span class=\"w-counter-value-part type_text\" data-final=\"\"><\/span><\/div><h4 class=\"w-counter-title\">visitantes<\/h4><\/div><\/div><\/div><\/div><div class=\"vc_col-sm-4 wpb_column vc_column_container\"><div class=\"vc_column-inner\"><div class=\"wpb_wrapper\"><div class=\"w-iconbox us_custom_8d5aa4e2 iconpos_top style_default color_custom align_center no_text no_title icontype_img\"><div class=\"w-iconbox-icon\" style=\"font-size:3rem;--icon-color:#00b2df;\"><img loading=\"lazy\" decoding=\"async\" width=\"150\" height=\"150\" src=\"https:\/\/forempleo.uc3m.es\/empresas2025\/wp-content\/uploads\/sites\/20\/2025\/04\/Edad.png\" class=\"attachment-full size-full\" alt=\"\" \/><\/div><div class=\"w-iconbox-meta\"><\/div><\/div><div class=\"w-counter us_custom_7e52264c color_custom align_center has_font_size\" data-duration=\"2\"><div class=\"w-counter-value\" style=\"color:var(--color-chrome-toolbar);\"><span class=\"w-counter-value-part type_text\" data-final=\"\"><\/span><span class=\"w-counter-value-part type_number\" data-final=\"23\">1<\/span><span class=\"w-counter-value-part type_text\" data-final=\"\"><\/span><\/div><h4 class=\"w-counter-title\">a\u00f1os (edad media)<\/h4><\/div><\/div><\/div><\/div><\/div><div class=\"w-separator size_medium\"><\/div><div class=\"g-cols wpb_row via_flex valign_top type_default stacking_default\"><div class=\"vc_col-sm-4 wpb_column vc_column_container\"><div class=\"vc_column-inner\"><div class=\"wpb_wrapper\"><div class=\"w-iconbox us_custom_8d5aa4e2 iconpos_top style_default color_custom align_center no_text no_title icontype_img\"><div class=\"w-iconbox-icon\" style=\"font-size:3rem;--icon-color:#00b2df;\"><img loading=\"lazy\" decoding=\"async\" width=\"151\" height=\"150\" src=\"https:\/\/forempleo.uc3m.es\/empresas2025\/wp-content\/uploads\/sites\/20\/2025\/04\/Estuduantes.png\" class=\"attachment-full size-full\" alt=\"\" \/><\/div><div class=\"w-iconbox-meta\"><\/div><\/div><div class=\"w-counter us_custom_7e52264c color_custom align_center has_font_size\" data-duration=\"2\"><div class=\"w-counter-value\" style=\"color:var(--color-chrome-toolbar);\"><span class=\"w-counter-value-part type_text\" data-final=\"\"><\/span><span class=\"w-counter-value-part type_number\" data-final=\"82\">0<\/span><span class=\"w-counter-value-part type_text\" data-final=\"%\">%<\/span><\/div><h4 class=\"w-counter-title\">estudiantes<\/h4><\/div><\/div><\/div><\/div><div class=\"vc_col-sm-4 wpb_column vc_column_container\"><div class=\"vc_column-inner\"><div class=\"wpb_wrapper\"><div class=\"w-iconbox us_custom_8d5aa4e2 iconpos_top style_default color_custom align_center no_text no_title icontype_img\"><div class=\"w-iconbox-icon\" style=\"font-size:3rem;--icon-color:#00b2df;\"><img loading=\"lazy\" decoding=\"async\" width=\"151\" height=\"150\" src=\"https:\/\/forempleo.uc3m.es\/empresas2025\/wp-content\/uploads\/sites\/20\/2025\/04\/Titulo.png\" class=\"attachment-full size-full\" alt=\"\" \/><\/div><div class=\"w-iconbox-meta\"><\/div><\/div><div class=\"w-counter us_custom_7e52264c color_custom align_center has_font_size\" data-duration=\"2\"><div class=\"w-counter-value\" style=\"color:var(--color-chrome-toolbar);\"><span class=\"w-counter-value-part type_text\" data-final=\"\"><\/span><span class=\"w-counter-value-part type_number\" data-final=\"19\">0<\/span><span class=\"w-counter-value-part type_text\" data-final=\"%\">%<\/span><\/div><h4 class=\"w-counter-title\">titulados<\/h4><\/div><\/div><\/div><\/div><div class=\"vc_col-sm-4 wpb_column vc_column_container\"><div class=\"vc_column-inner\"><div class=\"wpb_wrapper\"><div class=\"w-iconbox us_custom_8d5aa4e2 iconpos_top style_default color_custom align_center no_text no_title icontype_img\"><div class=\"w-iconbox-icon\" style=\"font-size:3rem;--icon-color:#00b2df;\"><img loading=\"lazy\" decoding=\"async\" width=\"151\" height=\"150\" src=\"https:\/\/forempleo.uc3m.es\/empresas2025\/wp-content\/uploads\/sites\/20\/2025\/04\/Ingenieria.png\" class=\"attachment-full size-full\" alt=\"\" \/><\/div><div class=\"w-iconbox-meta\"><\/div><\/div><div class=\"w-counter us_custom_7e52264c color_custom align_center has_font_size\" data-duration=\"2\"><div class=\"w-counter-value\" style=\"color:var(--color-chrome-toolbar);\"><span class=\"w-counter-value-part type_text\" data-final=\"\"><\/span><span class=\"w-counter-value-part type_number\" data-final=\"51\">0<\/span><span class=\"w-counter-value-part type_text\" data-final=\"%\">%<\/span><\/div><h4 class=\"w-counter-title\">con estudios de ingenier\u00eda<\/h4><\/div><\/div><\/div><\/div><\/div><\/div><\/div><\/div><\/div><\/div><\/section><section class=\"l-section wpb_row height_medium\"><div class=\"l-section-h i-cf\"><div class=\"g-cols vc_row via_flex valign_top type_default stacking_default\"><div class=\"vc_col-sm-3 wpb_column vc_column_container\"><div class=\"vc_column-inner\"><div class=\"wpb_wrapper\"><\/div><\/div><\/div><div class=\"vc_col-sm-6 wpb_column vc_column_container\"><div class=\"vc_column-inner\"><div class=\"wpb_wrapper\"><div class=\"g-cols wpb_row us_custom_c5824f15 us_animate_this via_flex valign_top type_default stacking_default\"><div class=\"vc_col-sm-12 wpb_column vc_column_container\"><div class=\"vc_column-inner\"><div class=\"wpb_wrapper\"><div class=\"wpb_text_column us_custom_aeada080 has_text_color us_animate_this\"><div class=\"wpb_wrapper\"><h1 style=\"text-align: center;\">Abierto el plazo de inscripci\u00f3n para empresas<\/h1>\n<\/div><\/div><div class=\"w-btn-wrapper align_center\"><a class=\"w-btn us-btn-style_6 icon_atright\" target=\"_blank\" href=\"https:\/\/forempleo.uc3m.es\/empresas2025\/wp-content\/uploads\/sites\/20\/2025\/04\/Dossier_Forempleo_2025.pdf\"><span class=\"w-btn-label\">Descargar dossier<\/span><i class=\"fal fa-arrow-to-bottom\"><\/i><\/a><\/div><\/div><\/div><\/div><\/div><\/div><\/div><\/div><div class=\"vc_col-sm-3 wpb_column vc_column_container\"><div class=\"vc_column-inner\"><div class=\"wpb_wrapper\"><\/div><\/div><\/div><\/div><\/div><\/section><section class=\"l-section wpb_row height_auto\"><div class=\"l-section-h i-cf\"><div class=\"g-cols vc_row via_flex valign_top type_default stacking_default\"><div class=\"vc_col-sm-12 wpb_column vc_column_container\"><div class=\"vc_column-inner\"><div class=\"wpb_wrapper\"><div class=\"wpb_text_column us_custom_a518f36e us_animate_this\"><div class=\"wpb_wrapper\"><h2 style=\"text-align: left;\">Capta al mejor talento para tu empresa<\/h2>\n<\/div><\/div><div class=\"w-separator size_custom with_line width_screen thick_4 style_solid color_primary align_center\" style=\"height:10px\"><div class=\"w-separator-h\"><\/div><\/div><div class=\"g-cols wpb_row us_custom_0f8f44b7 via_flex valign_top type_default stacking_default\"><div class=\"vc_col-sm-12 wpb_column vc_column_container\"><div class=\"vc_column-inner\"><div class=\"wpb_wrapper\"><div class=\"wpb_text_column\"><div class=\"wpb_wrapper\"><h5 style=\"text-align: left;\">Conoce todas las posibilidades que ponemos a tu disposici\u00f3n para participar en Forempleo 2025<\/h5>\n<\/div><\/div><\/div><\/div><\/div><\/div><\/div><\/div><\/div><\/div><\/div><\/section><section class=\"l-section wpb_row height_auto\"><div class=\"l-section-h i-cf\"><div class=\"g-cols vc_row via_flex valign_middle type_boxes stacking_default\"><div class=\"vc_col-sm-6 wpb_column vc_column_container\"><div class=\"vc_column-inner\"><div class=\"wpb_wrapper\"><div class=\"g-cols wpb_row us_custom_35503508 us_animate_this via_flex valign_top type_default stacking_default\"><div class=\"vc_col-sm-12 wpb_column vc_column_container\"><div class=\"vc_column-inner\"><div class=\"wpb_wrapper\"><div class=\"w-image align_center\"><div class=\"w-image-h\"><img decoding=\"async\" width=\"508\" height=\"337\" src=\"https:\/\/forempleo.uc3m.es\/empresas2025\/wp-content\/uploads\/sites\/20\/2025\/03\/f25-expositor.png\" class=\"attachment-large size-large\" alt=\"\" loading=\"lazy\" srcset=\"https:\/\/forempleo.uc3m.es\/empresas2025\/wp-content\/uploads\/sites\/20\/2025\/03\/f25-expositor.png 508w, https:\/\/forempleo.uc3m.es\/empresas2025\/wp-content\/uploads\/sites\/20\/2025\/03\/f25-expositor-300x199.png 300w\" sizes=\"auto, (max-width: 508px) 100vw, 508px\" \/><\/div><\/div><div class=\"w-separator size_custom\" style=\"height:20px\"><\/div><div class=\"wpb_text_column\"><div class=\"wpb_wrapper\"><h3 style=\"text-align: left;\">Como expositor<\/h3>\n<\/div><\/div><div class=\"wpb_text_column\"><div class=\"wpb_wrapper\"><p style=\"text-align: left;\">Las empresas participantes contar\u00e1n con un stand para darse a conocer entre los estudiantes y alumni que visiten la feria.<\/p>\n<\/div><\/div><div class=\"w-btn-wrapper align_left\"><a class=\"w-btn us-btn-style_1\" target=\"_blank\" rel=\"nofollow\" href=\"https:\/\/forempleo.uc3m.es\/empresas2025\/como-expositor\/\"><span class=\"w-btn-label\">SABER +<\/span><\/a><\/div><\/div><\/div><\/div><\/div><\/div><\/div><\/div><div class=\"vc_col-sm-6 wpb_column vc_column_container\"><div class=\"vc_column-inner\"><div class=\"wpb_wrapper\"><div class=\"g-cols wpb_row us_custom_35503508 us_animate_this via_flex valign_top type_default stacking_default\"><div class=\"vc_col-sm-12 wpb_column vc_column_container\"><div class=\"vc_column-inner\"><div class=\"wpb_wrapper\"><div class=\"w-image align_center\"><div class=\"w-image-h\"><img decoding=\"async\" width=\"508\" height=\"337\" src=\"https:\/\/forempleo.uc3m.es\/empresas2025\/wp-content\/uploads\/sites\/20\/2025\/04\/f25-actividades-r3.png\" class=\"attachment-large size-large\" alt=\"\" loading=\"lazy\" srcset=\"https:\/\/forempleo.uc3m.es\/empresas2025\/wp-content\/uploads\/sites\/20\/2025\/04\/f25-actividades-r3.png 508w, https:\/\/forempleo.uc3m.es\/empresas2025\/wp-content\/uploads\/sites\/20\/2025\/04\/f25-actividades-r3-300x199.png 300w\" sizes=\"auto, (max-width: 508px) 100vw, 508px\" \/><\/div><\/div><div class=\"w-separator size_custom\" style=\"height:20px\"><\/div><div class=\"wpb_text_column\"><div class=\"wpb_wrapper\"><h3 style=\"text-align: left;\">Actividades<\/h3>\n<\/div><\/div><div class=\"wpb_text_column\"><div class=\"wpb_wrapper\"><p style=\"text-align: left;\">Contacte con candidatos y conozca de primera mano las habilidades de los universitarios, pudiendo realizar entrevistas de trabajo durante la feria.<\/p>\n<\/div><\/div><div class=\"w-btn-wrapper align_left\"><a class=\"w-btn us-btn-style_1\" target=\"_blank\" rel=\"nofollow\" href=\"https:\/\/forempleo.uc3m.es\/empresas2025\/otras-modalidades\/\"><span class=\"w-btn-label\">SABER +<\/span><\/a><\/div><\/div><\/div><\/div><\/div><\/div><\/div><\/div><\/div><\/div><\/section>\n","protected":false},"excerpt":{"rendered":"\u00bfPor qu\u00e9 participar? La Universidad Carlos III de Madrid es un centro de referencia a nivel nacional e internacional y una de las mejores canteras de talento en \u00e1mbitos como: Ingenier\u00edas, Derecho, Empresa, Comunicaci\u00f3n, etc. La Feria de empleo universitario referente en Madrid Forempleo 2025 Esta feria de empleo universitaria recibe todos los a\u00f1os m\u00e1s...","protected":false},"author":3,"featured_media":0,"parent":0,"menu_order":0,"comment_status":"closed","ping_status":"closed","template":"","meta":{"footnotes":""},"class_list":["post-4237","page","type-page","status-publish","hentry"],"yoast_head":"<!-- This site is optimized with the Yoast SEO plugin v27.3 - https:\/\/yoast.com\/product\/yoast-seo-wordpress\/ -->\n<title>Forempleo 2025 | \u00bfPor qu\u00e9 participar? Beneficios para tu empresa<\/title>\n<meta name=\"description\" content=\"Descubre las razones para participar en Forempleo 2025: visibilidad, conexi\u00f3n directa con talento y posicionamiento como empresa l\u00edder.\" \/>\n<meta name=\"robots\" content=\"index, follow, max-snippet:-1, max-image-preview:large, max-video-preview:-1\" \/>\n<link rel=\"canonical\" href=\"https:\/\/forempleo.uc3m.es\/empresas2025\/por-que-participar\/\" \/>\n<meta property=\"og:locale\" content=\"es_ES\" \/>\n<meta property=\"og:type\" content=\"article\" \/>\n<meta property=\"og:title\" content=\"Forempleo | \u00bfPor qu\u00e9 participar?\" \/>\n<meta property=\"og:description\" content=\"La UC3M es una de las mejores canteras de talento en diferentes \u00e1mbitos. M\u00e1s de 9.000 estudiantes te esperan.\" \/>\n<meta property=\"og:url\" content=\"https:\/\/forempleo.uc3m.es\/empresas2025\/por-que-participar\/\" \/>\n<meta property=\"og:site_name\" content=\"Forempleo Empresas 2025\" \/>\n<meta property=\"article:modified_time\" content=\"2025-04-07T16:58:28+00:00\" \/>\n<meta property=\"og:image\" content=\"https:\/\/forempleo.uc3m.es\/empresas2025\/wp-content\/uploads\/sites\/20\/2022\/03\/Composiciones_3.jpg\" \/>\n\t<meta property=\"og:image:width\" content=\"1863\" \/>\n\t<meta property=\"og:image:height\" content=\"1725\" \/>\n\t<meta property=\"og:image:type\" content=\"image\/jpeg\" \/>\n<meta name=\"twitter:card\" content=\"summary_large_image\" \/>\n<meta name=\"twitter:title\" content=\"Forempleo | \u00bfPor qu\u00e9 participar?\" \/>\n<meta name=\"twitter:description\" content=\"La UC3M es una de las mejores canteras de talento en diferentes \u00e1mbitos. M\u00e1s de 9.000 estudiantes te esperan.\" \/>\n<meta name=\"twitter:image\" content=\"https:\/\/forempleo.uc3m.es\/empresas2025\/wp-content\/uploads\/sites\/20\/2022\/03\/Composiciones_3.jpg\" \/>\n<meta name=\"twitter:label1\" content=\"Tiempo de lectura\" \/>\n\t<meta name=\"twitter:data1\" content=\"2 minutos\" \/>\n<script type=\"application\/ld+json\" class=\"yoast-schema-graph\">{\"@context\":\"https:\\\/\\\/schema.org\",\"@graph\":[{\"@type\":\"WebPage\",\"@id\":\"https:\\\/\\\/forempleo.uc3m.es\\\/empresas2025\\\/por-que-participar\\\/\",\"url\":\"https:\\\/\\\/forempleo.uc3m.es\\\/empresas2025\\\/por-que-participar\\\/\",\"name\":\"Forempleo 2025 | \u00bfPor qu\u00e9 participar? Beneficios para tu empresa\",\"isPartOf\":{\"@id\":\"https:\\\/\\\/forempleo.uc3m.es\\\/empresas2022\\\/es\\\/#website\"},\"datePublished\":\"2016-02-03T17:43:55+00:00\",\"dateModified\":\"2025-04-07T16:58:28+00:00\",\"description\":\"Descubre las razones para participar en Forempleo 2025: visibilidad, conexi\u00f3n directa con talento y posicionamiento como empresa l\u00edder.\",\"breadcrumb\":{\"@id\":\"https:\\\/\\\/forempleo.uc3m.es\\\/empresas2025\\\/por-que-participar\\\/#breadcrumb\"},\"inLanguage\":\"es\",\"potentialAction\":[{\"@type\":\"ReadAction\",\"target\":[\"https:\\\/\\\/forempleo.uc3m.es\\\/empresas2025\\\/por-que-participar\\\/\"]}]},{\"@type\":\"BreadcrumbList\",\"@id\":\"https:\\\/\\\/forempleo.uc3m.es\\\/empresas2025\\\/por-que-participar\\\/#breadcrumb\",\"itemListElement\":[{\"@type\":\"ListItem\",\"position\":1,\"name\":\"Portada\",\"item\":\"https:\\\/\\\/forempleo.uc3m.es\\\/empresas2025\\\/\"},{\"@type\":\"ListItem\",\"position\":2,\"name\":\"\u00bfPor qu\u00e9 participar?\"}]},{\"@type\":\"WebSite\",\"@id\":\"https:\\\/\\\/forempleo.uc3m.es\\\/empresas2022\\\/es\\\/#website\",\"url\":\"https:\\\/\\\/forempleo.uc3m.es\\\/empresas2022\\\/es\\\/\",\"name\":\"Forempleo Empresas 2025\",\"description\":\"La Feria de Empleo Universitario m\u00e1s importante de Espa\u00f1a\",\"potentialAction\":[{\"@type\":\"SearchAction\",\"target\":{\"@type\":\"EntryPoint\",\"urlTemplate\":\"https:\\\/\\\/forempleo.uc3m.es\\\/empresas2022\\\/es\\\/?s={search_term_string}\"},\"query-input\":{\"@type\":\"PropertyValueSpecification\",\"valueRequired\":true,\"valueName\":\"search_term_string\"}}],\"inLanguage\":\"es\"}]}<\/script>\n<!-- \/ Yoast SEO plugin. -->","yoast_head_json":{"title":"Forempleo 2025 | \u00bfPor qu\u00e9 participar? Beneficios para tu empresa","description":"Descubre las razones para participar en Forempleo 2025: visibilidad, conexi\u00f3n directa con talento y posicionamiento como empresa l\u00edder.","robots":{"index":"index","follow":"follow","max-snippet":"max-snippet:-1","max-image-preview":"max-image-preview:large","max-video-preview":"max-video-preview:-1"},"canonical":"https:\/\/forempleo.uc3m.es\/empresas2025\/por-que-participar\/","og_locale":"es_ES","og_type":"article","og_title":"Forempleo | \u00bfPor qu\u00e9 participar?","og_description":"La UC3M es una de las mejores canteras de talento en diferentes \u00e1mbitos. M\u00e1s de 9.000 estudiantes te esperan.","og_url":"https:\/\/forempleo.uc3m.es\/empresas2025\/por-que-participar\/","og_site_name":"Forempleo Empresas 2025","article_modified_time":"2025-04-07T16:58:28+00:00","og_image":[{"width":1863,"height":1725,"url":"https:\/\/forempleo.uc3m.es\/empresas2025\/wp-content\/uploads\/sites\/20\/2022\/03\/Composiciones_3.jpg","type":"image\/jpeg"}],"twitter_card":"summary_large_image","twitter_title":"Forempleo | \u00bfPor qu\u00e9 participar?","twitter_description":"La UC3M es una de las mejores canteras de talento en diferentes \u00e1mbitos. M\u00e1s de 9.000 estudiantes te esperan.","twitter_image":"https:\/\/forempleo.uc3m.es\/empresas2025\/wp-content\/uploads\/sites\/20\/2022\/03\/Composiciones_3.jpg","twitter_misc":{"Tiempo de lectura":"2 minutos"},"schema":{"@context":"https:\/\/schema.org","@graph":[{"@type":"WebPage","@id":"https:\/\/forempleo.uc3m.es\/empresas2025\/por-que-participar\/","url":"https:\/\/forempleo.uc3m.es\/empresas2025\/por-que-participar\/","name":"Forempleo 2025 | \u00bfPor qu\u00e9 participar? Beneficios para tu empresa","isPartOf":{"@id":"https:\/\/forempleo.uc3m.es\/empresas2022\/es\/#website"},"datePublished":"2016-02-03T17:43:55+00:00","dateModified":"2025-04-07T16:58:28+00:00","description":"Descubre las razones para participar en Forempleo 2025: visibilidad, conexi\u00f3n directa con talento y posicionamiento como empresa l\u00edder.","breadcrumb":{"@id":"https:\/\/forempleo.uc3m.es\/empresas2025\/por-que-participar\/#breadcrumb"},"inLanguage":"es","potentialAction":[{"@type":"ReadAction","target":["https:\/\/forempleo.uc3m.es\/empresas2025\/por-que-participar\/"]}]},{"@type":"BreadcrumbList","@id":"https:\/\/forempleo.uc3m.es\/empresas2025\/por-que-participar\/#breadcrumb","itemListElement":[{"@type":"ListItem","position":1,"name":"Portada","item":"https:\/\/forempleo.uc3m.es\/empresas2025\/"},{"@type":"ListItem","position":2,"name":"\u00bfPor qu\u00e9 participar?"}]},{"@type":"WebSite","@id":"https:\/\/forempleo.uc3m.es\/empresas2022\/es\/#website","url":"https:\/\/forempleo.uc3m.es\/empresas2022\/es\/","name":"Forempleo Empresas 2025","description":"La Feria de Empleo Universitario m\u00e1s importante de Espa\u00f1a","potentialAction":[{"@type":"SearchAction","target":{"@type":"EntryPoint","urlTemplate":"https:\/\/forempleo.uc3m.es\/empresas2022\/es\/?s={search_term_string}"},"query-input":{"@type":"PropertyValueSpecification","valueRequired":true,"valueName":"search_term_string"}}],"inLanguage":"es"}]}},"_links":{"self":[{"href":"https:\/\/forempleo.uc3m.es\/empresas2025\/wp-json\/wp\/v2\/pages\/4237","targetHints":{"allow":["GET"]}}],"collection":[{"href":"https:\/\/forempleo.uc3m.es\/empresas2025\/wp-json\/wp\/v2\/pages"}],"about":[{"href":"https:\/\/forempleo.uc3m.es\/empresas2025\/wp-json\/wp\/v2\/types\/page"}],"author":[{"embeddable":true,"href":"https:\/\/forempleo.uc3m.es\/empresas2025\/wp-json\/wp\/v2\/users\/3"}],"replies":[{"embeddable":true,"href":"https:\/\/forempleo.uc3m.es\/empresas2025\/wp-json\/wp\/v2\/comments?post=4237"}],"version-history":[{"count":83,"href":"https:\/\/forempleo.uc3m.es\/empresas2025\/wp-json\/wp\/v2\/pages\/4237\/revisions"}],"predecessor-version":[{"id":6690,"href":"https:\/\/forempleo.uc3m.es\/empresas2025\/wp-json\/wp\/v2\/pages\/4237\/revisions\/6690"}],"wp:attachment":[{"href":"https:\/\/forempleo.uc3m.es\/empresas2025\/wp-json\/wp\/v2\/media?parent=4237"}],"curies":[{"name":"wp","href":"https:\/\/api.w.org\/{rel}","templated":true}]}}