{"id":3668,"date":"2015-09-03T11:43:26","date_gmt":"2015-09-03T11:43:26","guid":{"rendered":"http:\/\/apps.nkp.es\/wp3\/?page_id=3668"},"modified":"2020-03-05T11:57:32","modified_gmt":"2020-03-05T11:57:32","slug":"lugar-de-celebracion","status":"publish","type":"page","link":"https:\/\/forempleo.uc3m.es\/empresas2025\/lugar-de-celebracion\/","title":{"rendered":"Lugar de celebraci\u00f3n"},"content":{"rendered":"<section class=\"l-section wpb_row height_medium\"><div class=\"l-section-h i-cf\"><div class=\"g-cols vc_row via_flex valign_top type_default stacking_default\"><div class=\"vc_col-sm-6 wpb_column vc_column_container us_animate_afl\" style=\"animation-delay:0.4s\"><div class=\"vc_column-inner\"><div class=\"wpb_wrapper\"><div class=\"wpb_text_column\"><div class=\"wpb_wrapper\"><h2><strong>Lugar de celebraci\u00f3n de Forempleo<\/strong><\/h2>\n<h6>Forempleo 2020, se celebrar\u00e1 en el Patio del Edificio Sabatini de la Escuela Polit\u00e9cnica Superior del Campus de Legan\u00e9s de la Universidad Carlos III de Madrid.<\/h6>\n<\/div><\/div><div class=\"w-separator size_medium\"><\/div><div class=\"g-cols wpb_row via_flex valign_top type_default stacking_default\"><div class=\"vc_col-sm-2 wpb_column vc_column_container\"><div class=\"vc_column-inner\"><div class=\"wpb_wrapper\"><\/div><\/div><\/div><div class=\"vc_col-sm-8 wpb_column vc_column_container\"><div class=\"vc_column-inner\"><div class=\"wpb_wrapper\"><div class=\"wpb_text_column us_custom_e2ea1f6a\"><div class=\"wpb_wrapper\"><div class=\"col_300\">\n<h5 style=\"text-align: center;\"><strong>Direcci\u00f3n Campus de Legan\u00e9s<br \/>\n<\/strong>Avda. Universidad, 30<br \/>\n28911 Legan\u00e9s, Madrid<\/h5>\n<h5 style=\"text-align: center;\"><a href=\"https:\/\/www.google.es\/maps\/place\/Universidad+Carlos+III\/@40.3325835,-3.7649842,17z\/data=!3m1!4b1!4m2!3m1!1s0xd41898bcb3a2717:0xe3653d21e7158416?hl=es\">Google Maps GPS<br \/>\n<\/a><a href=\"https:\/\/www.google.es\/maps\/place\/Universidad+Carlos+III\/@40.3325835,-3.7649842,17z\/data=!3m1!4b1!4m2!3m1!1s0xd41898bcb3a2717:0xe3653d21e7158416?hl=es\">GPS: 40\u00b019&#8217;56.1&#8243;N 3\u00b046&#8217;00.8&#8243;W<\/a><\/h5>\n<\/div>\n<\/div><\/div><div class=\"w-iconbox iconpos_top style_default color_primary align_center no_text no_title\"><div class=\"w-iconbox-icon\" style=\"font-size:2rem;\"><i class=\"fas fa-arrow-down\"><\/i><\/div><div class=\"w-iconbox-meta\"><\/div><\/div><\/div><\/div><\/div><div class=\"vc_col-sm-2 wpb_column vc_column_container\"><div class=\"vc_column-inner\"><div class=\"wpb_wrapper\"><\/div><\/div><\/div><\/div><\/div><\/div><\/div><div class=\"vc_col-sm-6 wpb_column vc_column_container us_animate_afc\" style=\"animation-delay:0.6s\"><div class=\"vc_column-inner\"><div class=\"wpb_wrapper\">[vc_raw_html]JTNDaWZyYW1lJTIwc3JjJTNEJTIyaHR0cHMlM0ElMkYlMkZ3d3cuZ29vZ2xlLmNvbSUyRm1hcHMlMkZlbWJlZCUzRnBiJTNEJTIxMW0xNCUyMTFtMTIlMjExbTMlMjExZDE1MjAuNzI4Nzg2MzgwNzc3NiUyMTJkLTMuNzY3MDgyODU1MzAyODAxNyUyMTNkNDAuMzMyMTk0NDI2MTg0MDUlMjEybTMlMjExZjAlMjEyZjAlMjEzZjAlMjEzbTIlMjExaTEwMjQlMjEyaTc2OCUyMTRmMTMuMSUyMTVlMCUyMTNtMiUyMTFzZXMlMjEyc2VzJTIxNHYxNTQ3ODAzNTEzODAwJTIyJTIwd2lkdGglM0QlMjI2MDAlMjIlMjBoZWlnaHQlM0QlMjI0NTAlMjIlMjBmcmFtZWJvcmRlciUzRCUyMjAlMjIlMjBzdHlsZSUzRCUyMmJvcmRlciUzQTAlMjIlMjBhbGxvd2Z1bGxzY3JlZW4lM0UlM0MlMkZpZnJhbWUlM0U=[\/vc_raw_html]<\/div><\/div><\/div><\/div><\/div><\/section><section class=\"l-section wpb_row height_auto\"><div class=\"l-section-h i-cf\"><div class=\"g-cols vc_row via_flex valign_top type_default stacking_default\"><div class=\"vc_col-sm-12 wpb_column vc_column_container\"><div class=\"vc_column-inner\"><div class=\"wpb_wrapper\"><div class=\"wpb_text_column\"><div class=\"wpb_wrapper\"><h2><strong>C\u00f3mo llegar a Forempleo<\/strong><\/h2>\n<\/div><\/div><div class=\"wpb_text_column\"><div class=\"wpb_wrapper\"><ul>\n<li><strong>Desde el centro de Madrid:<\/strong>\u00a0para mayor rapidez, llegue a la estaci\u00f3n de Atocha y coja el tren de la l\u00ednea C5 de Cercan\u00edas, direcci\u00f3n Humanes, hasta Legan\u00e9s Central. Cuando salga de la estaci\u00f3n tuerza a la izquierda y camine recto hasta llegar a la UC3M.<\/li>\n<li><strong>Desde el aeropuerto:<\/strong>\u00a0si viene desde la T1, T2 o T3 coja la l\u00ednea 8 de Metro hasta Nuevos Ministerios. En esa parada tendr\u00e1 que hacer trasbordo a cualquiera de las l\u00edneas del tren de Cercan\u00edas que se dirigen a la estaci\u00f3n de Atocha (C2,C3,C4,C7,C10). All\u00ed tiene que cambiar de tren y coger la l\u00ednea C5 de Cercan\u00edas en direcci\u00f3n Humanes, hasta la parada Legan\u00e9s Central. Cuando salga de la estaci\u00f3n tuerza a la izquierda y camine recto hasta llegar a la UC3M. Si viene desde la T4, puede ir directamente a la estaci\u00f3n de Atocha en el tren de la l\u00ednea C1 de Cercan\u00edas, direcci\u00f3n Pr\u00edncipe P\u00edo, y desde all\u00ed realizar el trayecto descrito anteriormente.<\/li>\n<li><strong>Desde el AVE:<\/strong>\u00a0desde las estaciones de Atocha o Chamart\u00edn coja el tren de la l\u00ednea C5 de Cercan\u00edas en direcci\u00f3n Humanes, hasta la parada Legan\u00e9s Central. Cuando salga de la estaci\u00f3n tuerza a la izquierda y camine recto hasta llegar a la UC3M.<\/li>\n<\/ul>\n<\/div><\/div><div class=\"w-separator size_medium\"><\/div><div class=\"wpb_text_column\"><div class=\"wpb_wrapper\"><h4>Autob\u00fas entre campus<\/h4>\n<\/div><\/div><div class=\"wpb_text_column\"><div class=\"wpb_wrapper\"><ul>\n<li><strong>Bus gratuito entre Campus:\u00a0<\/strong>\n<ul>\n<li>Campus de\u00a0Getafe, a las horas en punto. (C\/ Velarde, 1). Horarios:\u00a010:00; 11:00; 12:00; 13:00; 14:00; 15:00; 16:00; 17:00.<\/li>\n<li>Campus de\u00a0Legan\u00e9s, a las medias horas. (Junto a Biblioteca). Horarios:\u00a010:30; 11:30; 12:30; 13:30; 14:30; 15:30; 16:30; 17:30.<\/li>\n<\/ul>\n<\/li>\n<\/ul>\n<\/div><\/div><div class=\"w-separator size_medium\"><\/div><\/div><\/div><\/div><\/div><\/div><\/section>\n","protected":false},"excerpt":{"rendered":"Lugar de celebraci\u00f3n de Forempleo Forempleo 2020, se celebrar\u00e1 en el Patio del Edificio Sabatini de la Escuela Polit\u00e9cnica Superior del Campus de Legan\u00e9s de la Universidad Carlos III de Madrid. Direcci\u00f3n Campus de Legan\u00e9s Avda. Universidad, 30 28911 Legan\u00e9s, Madrid Google Maps GPS GPS: 40\u00b019&#8217;56.1&#8243;N 3\u00b046&#8217;00.8&#8243;W [vc_raw_html]JTNDaWZyYW1lJTIwc3JjJTNEJTIyaHR0cHMlM0ElMkYlMkZ3d3cuZ29vZ2xlLmNvbSUyRm1hcHMlMkZlbWJlZCUzRnBiJTNEJTIxMW0xNCUyMTFtMTIlMjExbTMlMjExZDE1MjAuNzI4Nzg2MzgwNzc3NiUyMTJkLTMuNzY3MDgyODU1MzAyODAxNyUyMTNkNDAuMzMyMTk0NDI2MTg0MDUlMjEybTMlMjExZjAlMjEyZjAlMjEzZjAlMjEzbTIlMjExaTEwMjQlMjEyaTc2OCUyMTRmMTMuMSUyMTVlMCUyMTNtMiUyMTFzZXMlMjEyc2VzJTIxNHYxNTQ3ODAzNTEzODAwJTIyJTIwd2lkdGglM0QlMjI2MDAlMjIlMjBoZWlnaHQlM0QlMjI0NTAlMjIlMjBmcmFtZWJvcmRlciUzRCUyMjAlMjIlMjBzdHlsZSUzRCUyMmJvcmRlciUzQTAlMjIlMjBhbGxvd2Z1bGxzY3JlZW4lM0UlM0MlMkZpZnJhbWUlM0U=[\/vc_raw_html]C\u00f3mo llegar a Forempleo Desde el centro de...","protected":false},"author":1,"featured_media":0,"parent":0,"menu_order":0,"comment_status":"closed","ping_status":"closed","template":"","meta":{"footnotes":""},"class_list":["post-3668","page","type-page","status-publish","hentry"],"yoast_head":"<!-- This site is optimized with the Yoast SEO plugin v27.3 - https:\/\/yoast.com\/product\/yoast-seo-wordpress\/ -->\n<title>Lugar de celebraci\u00f3n - Forempleo Empresas 2025<\/title>\n<meta name=\"robots\" content=\"index, follow, max-snippet:-1, max-image-preview:large, max-video-preview:-1\" \/>\n<link rel=\"canonical\" href=\"https:\/\/forempleo.uc3m.es\/empresas2025\/es\/lugar-de-celebracion\/\" \/>\n<meta property=\"og:locale\" content=\"es_ES\" \/>\n<meta property=\"og:type\" content=\"article\" \/>\n<meta property=\"og:title\" content=\"Lugar de celebraci\u00f3n - Forempleo Empresas 2025\" \/>\n<meta property=\"og:url\" content=\"https:\/\/forempleo.uc3m.es\/empresas2025\/es\/lugar-de-celebracion\/\" \/>\n<meta property=\"og:site_name\" content=\"Forempleo Empresas 2025\" \/>\n<meta property=\"article:modified_time\" content=\"2020-03-05T11:57:32+00:00\" \/>\n<meta name=\"twitter:card\" content=\"summary_large_image\" \/>\n<meta name=\"twitter:label1\" content=\"Tiempo de lectura\" \/>\n\t<meta name=\"twitter:data1\" content=\"3 minutos\" \/>\n<script type=\"application\/ld+json\" class=\"yoast-schema-graph\">{\"@context\":\"https:\\\/\\\/schema.org\",\"@graph\":[{\"@type\":\"WebPage\",\"@id\":\"https:\\\/\\\/forempleo.uc3m.es\\\/empresas2025\\\/es\\\/lugar-de-celebracion\\\/\",\"url\":\"https:\\\/\\\/forempleo.uc3m.es\\\/empresas2025\\\/es\\\/lugar-de-celebracion\\\/\",\"name\":\"Lugar de celebraci\u00f3n - Forempleo Empresas 2025\",\"isPartOf\":{\"@id\":\"https:\\\/\\\/forempleo.uc3m.es\\\/empresas2022\\\/es\\\/#website\"},\"datePublished\":\"2015-09-03T11:43:26+00:00\",\"dateModified\":\"2020-03-05T11:57:32+00:00\",\"breadcrumb\":{\"@id\":\"https:\\\/\\\/forempleo.uc3m.es\\\/empresas2025\\\/es\\\/lugar-de-celebracion\\\/#breadcrumb\"},\"inLanguage\":\"es\",\"potentialAction\":[{\"@type\":\"ReadAction\",\"target\":[\"https:\\\/\\\/forempleo.uc3m.es\\\/empresas2025\\\/es\\\/lugar-de-celebracion\\\/\"]}]},{\"@type\":\"BreadcrumbList\",\"@id\":\"https:\\\/\\\/forempleo.uc3m.es\\\/empresas2025\\\/es\\\/lugar-de-celebracion\\\/#breadcrumb\",\"itemListElement\":[{\"@type\":\"ListItem\",\"position\":1,\"name\":\"Portada\",\"item\":\"https:\\\/\\\/forempleo.uc3m.es\\\/empresas2025\\\/\"},{\"@type\":\"ListItem\",\"position\":2,\"name\":\"Lugar de celebraci\u00f3n\"}]},{\"@type\":\"WebSite\",\"@id\":\"https:\\\/\\\/forempleo.uc3m.es\\\/empresas2022\\\/es\\\/#website\",\"url\":\"https:\\\/\\\/forempleo.uc3m.es\\\/empresas2022\\\/es\\\/\",\"name\":\"Forempleo Empresas 2025\",\"description\":\"La Feria de Empleo Universitario m\u00e1s importante de Espa\u00f1a\",\"potentialAction\":[{\"@type\":\"SearchAction\",\"target\":{\"@type\":\"EntryPoint\",\"urlTemplate\":\"https:\\\/\\\/forempleo.uc3m.es\\\/empresas2022\\\/es\\\/?s={search_term_string}\"},\"query-input\":{\"@type\":\"PropertyValueSpecification\",\"valueRequired\":true,\"valueName\":\"search_term_string\"}}],\"inLanguage\":\"es\"}]}<\/script>\n<!-- \/ Yoast SEO plugin. -->","yoast_head_json":{"title":"Lugar de celebraci\u00f3n - Forempleo Empresas 2025","robots":{"index":"index","follow":"follow","max-snippet":"max-snippet:-1","max-image-preview":"max-image-preview:large","max-video-preview":"max-video-preview:-1"},"canonical":"https:\/\/forempleo.uc3m.es\/empresas2025\/es\/lugar-de-celebracion\/","og_locale":"es_ES","og_type":"article","og_title":"Lugar de celebraci\u00f3n - Forempleo Empresas 2025","og_url":"https:\/\/forempleo.uc3m.es\/empresas2025\/es\/lugar-de-celebracion\/","og_site_name":"Forempleo Empresas 2025","article_modified_time":"2020-03-05T11:57:32+00:00","twitter_card":"summary_large_image","twitter_misc":{"Tiempo de lectura":"3 minutos"},"schema":{"@context":"https:\/\/schema.org","@graph":[{"@type":"WebPage","@id":"https:\/\/forempleo.uc3m.es\/empresas2025\/es\/lugar-de-celebracion\/","url":"https:\/\/forempleo.uc3m.es\/empresas2025\/es\/lugar-de-celebracion\/","name":"Lugar de celebraci\u00f3n - Forempleo Empresas 2025","isPartOf":{"@id":"https:\/\/forempleo.uc3m.es\/empresas2022\/es\/#website"},"datePublished":"2015-09-03T11:43:26+00:00","dateModified":"2020-03-05T11:57:32+00:00","breadcrumb":{"@id":"https:\/\/forempleo.uc3m.es\/empresas2025\/es\/lugar-de-celebracion\/#breadcrumb"},"inLanguage":"es","potentialAction":[{"@type":"ReadAction","target":["https:\/\/forempleo.uc3m.es\/empresas2025\/es\/lugar-de-celebracion\/"]}]},{"@type":"BreadcrumbList","@id":"https:\/\/forempleo.uc3m.es\/empresas2025\/es\/lugar-de-celebracion\/#breadcrumb","itemListElement":[{"@type":"ListItem","position":1,"name":"Portada","item":"https:\/\/forempleo.uc3m.es\/empresas2025\/"},{"@type":"ListItem","position":2,"name":"Lugar de celebraci\u00f3n"}]},{"@type":"WebSite","@id":"https:\/\/forempleo.uc3m.es\/empresas2022\/es\/#website","url":"https:\/\/forempleo.uc3m.es\/empresas2022\/es\/","name":"Forempleo Empresas 2025","description":"La Feria de Empleo Universitario m\u00e1s importante de Espa\u00f1a","potentialAction":[{"@type":"SearchAction","target":{"@type":"EntryPoint","urlTemplate":"https:\/\/forempleo.uc3m.es\/empresas2022\/es\/?s={search_term_string}"},"query-input":{"@type":"PropertyValueSpecification","valueRequired":true,"valueName":"search_term_string"}}],"inLanguage":"es"}]}},"_links":{"self":[{"href":"https:\/\/forempleo.uc3m.es\/empresas2025\/wp-json\/wp\/v2\/pages\/3668","targetHints":{"allow":["GET"]}}],"collection":[{"href":"https:\/\/forempleo.uc3m.es\/empresas2025\/wp-json\/wp\/v2\/pages"}],"about":[{"href":"https:\/\/forempleo.uc3m.es\/empresas2025\/wp-json\/wp\/v2\/types\/page"}],"author":[{"embeddable":true,"href":"https:\/\/forempleo.uc3m.es\/empresas2025\/wp-json\/wp\/v2\/users\/1"}],"replies":[{"embeddable":true,"href":"https:\/\/forempleo.uc3m.es\/empresas2025\/wp-json\/wp\/v2\/comments?post=3668"}],"version-history":[{"count":36,"href":"https:\/\/forempleo.uc3m.es\/empresas2025\/wp-json\/wp\/v2\/pages\/3668\/revisions"}],"predecessor-version":[{"id":5663,"href":"https:\/\/forempleo.uc3m.es\/empresas2025\/wp-json\/wp\/v2\/pages\/3668\/revisions\/5663"}],"wp:attachment":[{"href":"https:\/\/forempleo.uc3m.es\/empresas2025\/wp-json\/wp\/v2\/media?parent=3668"}],"curies":[{"name":"wp","href":"https:\/\/api.w.org\/{rel}","templated":true}]}}