{"id":4264,"date":"2016-02-11T16:30:28","date_gmt":"2016-02-11T16:30:28","guid":{"rendered":"http:\/\/www.forempleo.com\/empresas2020beta\/?page_id=4264"},"modified":"2020-01-28T11:07:17","modified_gmt":"2020-01-28T11:07:17","slug":"encuentros-con-empresas","status":"publish","type":"page","link":"https:\/\/forempleo.uc3m.es\/empresas2024\/encuentros-con-empresas\/","title":{"rendered":"Encuentros con Empresas"},"content":{"rendered":"<section class=\"l-section wpb_row height_medium\"><div class=\"l-section-h i-cf\"><div class=\"g-cols vc_row via_flex valign_top type_default stacking_default\"><div class=\"vc_col-sm-12 wpb_column vc_column_container\"><div class=\"vc_column-inner\"><div class=\"wpb_wrapper\"><div class=\"g-cols wpb_row via_flex valign_top type_default stacking_default\"><div class=\"vc_col-sm-12 wpb_column vc_column_container\"><div class=\"vc_column-inner\"><div class=\"wpb_wrapper\"><div class=\"wpb_text_column\"><div class=\"wpb_wrapper\"><h2><strong>Otras Modalidades<\/strong><\/h2>\n<\/div><\/div><div class=\"w-separator size_medium\"><\/div><\/div><\/div><\/div><\/div><div class=\"g-cols wpb_row via_flex valign_top type_default stacking_default\"><div class=\"vc_col-sm-8 wpb_column vc_column_container\"><div class=\"vc_column-inner\"><div class=\"wpb_wrapper\"><div class=\"wpb_text_column\"><div class=\"wpb_wrapper\"><h6><strong>ENCUENTROS CON EMPRESAS<\/strong><\/h6>\n<\/div><\/div><div class=\"wpb_text_column\"><div class=\"wpb_wrapper\"><h6><\/h6>\n<ul>\n<li>Espacio y auditorio para mantener un contacto m\u00e1s directo con potenciales candidatos previamente seleccionados, donde se podr\u00e1 dar a conocer la empresa e indagar sobre las caracter\u00edsticas de los estudiantes y titulados de la Universidad Carlos III de Madrid.<\/li>\n<li>Ser\u00e1 necesario especificar el perfil solicitado antes del 2 de junio de 2019 y tener realizada la preselecci\u00f3n de CV, facilitados por la organizaci\u00f3n, con una antelaci\u00f3n m\u00ednima de 10 d\u00edas a la realizaci\u00f3n de la actividad.<\/li>\n<li>La empresa podr\u00e1 elegir mantener un contacto m\u00e1s directo con 10 \u00f3 12 candidatos previamente seleccionados en un aula peque\u00f1a o citar a todos los interesados en un aula de mayor capacidad. La organizaci\u00f3n intentar\u00e1 reservarles un aula de mayor o menor capacidad en funci\u00f3n de sus necesidades y de la disponibilidad de la UC3M.<\/li>\n<\/ul>\n<\/div><\/div><div class=\"wpb_text_column us_custom_8a3c403a\"><div class=\"wpb_wrapper\"><table style=\"height: 129px;\" width=\"527;background-color:#f1f1f1;\">\n<tbody style=\"background-color: #f1f1f1;\">\n<tr style=\"background-color: #f1f1f1;\">\n<td width=\"20\"><\/td>\n<td width=\"400\"><strong><br \/>\nTarifas:<\/strong>&gt;<\/td>\n<td width=\"107\"><\/td>\n<\/tr>\n<tr style=\"background-color: #f1f1f1;\">\n<td width=\"20\"><\/td>\n<td width=\"400\">Encuentro con Empresa<\/td>\n<td width=\"107\">325 Euros<\/td>\n<\/tr>\n<\/tbody>\n<\/table>\n<\/div><\/div><\/div><\/div><\/div><div class=\"vc_col-sm-4 wpb_column vc_column_container\"><div class=\"vc_column-inner\"><div class=\"wpb_wrapper\"><div class=\"w-image align_center\"><div class=\"w-image-h\"><img decoding=\"async\" width=\"375\" height=\"250\" src=\"https:\/\/forempleo.uc3m.es\/empresas2024\/wp-content\/uploads\/sites\/18\/2016\/02\/desayunos_01.jpg\" class=\"attachment-full size-full\" alt=\"\" loading=\"lazy\" srcset=\"https:\/\/forempleo.uc3m.es\/empresas2024\/wp-content\/uploads\/sites\/18\/2016\/02\/desayunos_01.jpg 375w, https:\/\/forempleo.uc3m.es\/empresas2024\/wp-content\/uploads\/sites\/18\/2016\/02\/desayunos_01-300x200.jpg 300w, https:\/\/forempleo.uc3m.es\/empresas2024\/wp-content\/uploads\/sites\/18\/2016\/02\/desayunos_01-150x100.jpg 150w\" sizes=\"auto, (max-width: 375px) 100vw, 375px\" \/><\/div><\/div><\/div><\/div><\/div><\/div><div class=\"w-image align_none\"><div class=\"w-image-h\"><img decoding=\"async\" width=\"300\" height=\"291\" src=\"https:\/\/forempleo.uc3m.es\/empresas2024\/wp-content\/uploads\/sites\/18\/2019\/07\/carpa_completa_mapa-02_v2-300x291.png\" class=\"attachment-medium size-medium\" alt=\"\" loading=\"lazy\" srcset=\"https:\/\/forempleo.uc3m.es\/empresas2024\/wp-content\/uploads\/sites\/18\/2019\/07\/carpa_completa_mapa-02_v2-300x291.png 300w, https:\/\/forempleo.uc3m.es\/empresas2024\/wp-content\/uploads\/sites\/18\/2019\/07\/carpa_completa_mapa-02_v2.png 479w\" sizes=\"auto, (max-width: 300px) 100vw, 300px\" \/><\/div><\/div><\/div><\/div><\/div><\/div><\/div><\/section>\n","protected":false},"excerpt":{"rendered":"Otras Modalidades ENCUENTROS CON EMPRESAS Espacio y auditorio para mantener un contacto m\u00e1s directo con potenciales candidatos previamente seleccionados, donde se podr\u00e1 dar a conocer la empresa e indagar sobre las caracter\u00edsticas de los estudiantes y titulados de la Universidad Carlos III de Madrid. Ser\u00e1 necesario especificar el perfil solicitado antes del 2 de junio...","protected":false},"author":3,"featured_media":0,"parent":0,"menu_order":0,"comment_status":"closed","ping_status":"closed","template":"","meta":{"footnotes":""},"class_list":["post-4264","page","type-page","status-publish","hentry"],"yoast_head":"<!-- This site is optimized with the Yoast SEO plugin v27.3 - https:\/\/yoast.com\/product\/yoast-seo-wordpress\/ -->\n<title>Encuentros con Empresas - Forempleo Empresas 2024<\/title>\n<meta name=\"robots\" content=\"index, follow, max-snippet:-1, max-image-preview:large, max-video-preview:-1\" \/>\n<link rel=\"canonical\" href=\"https:\/\/forempleo.uc3m.es\/empresas2024\/es\/encuentros-con-empresas\/\" \/>\n<meta property=\"og:locale\" content=\"es_ES\" \/>\n<meta property=\"og:type\" content=\"article\" \/>\n<meta property=\"og:title\" content=\"Encuentros con Empresas - Forempleo Empresas 2024\" \/>\n<meta property=\"og:url\" content=\"https:\/\/forempleo.uc3m.es\/empresas2024\/es\/encuentros-con-empresas\/\" \/>\n<meta property=\"og:site_name\" content=\"Forempleo Empresas 2024\" \/>\n<meta property=\"article:modified_time\" content=\"2020-01-28T11:07:17+00:00\" \/>\n<meta name=\"twitter:card\" content=\"summary_large_image\" \/>\n<meta name=\"twitter:label1\" content=\"Tiempo de lectura\" \/>\n\t<meta name=\"twitter:data1\" content=\"2 minutos\" \/>\n<script type=\"application\/ld+json\" class=\"yoast-schema-graph\">{\"@context\":\"https:\\\/\\\/schema.org\",\"@graph\":[{\"@type\":\"WebPage\",\"@id\":\"https:\\\/\\\/forempleo.uc3m.es\\\/empresas2024\\\/es\\\/encuentros-con-empresas\\\/\",\"url\":\"https:\\\/\\\/forempleo.uc3m.es\\\/empresas2024\\\/es\\\/encuentros-con-empresas\\\/\",\"name\":\"Encuentros con Empresas - Forempleo Empresas 2024\",\"isPartOf\":{\"@id\":\"https:\\\/\\\/forempleo.uc3m.es\\\/empresas2022\\\/es\\\/#website\"},\"datePublished\":\"2016-02-11T16:30:28+00:00\",\"dateModified\":\"2020-01-28T11:07:17+00:00\",\"breadcrumb\":{\"@id\":\"https:\\\/\\\/forempleo.uc3m.es\\\/empresas2024\\\/es\\\/encuentros-con-empresas\\\/#breadcrumb\"},\"inLanguage\":\"es\",\"potentialAction\":[{\"@type\":\"ReadAction\",\"target\":[\"https:\\\/\\\/forempleo.uc3m.es\\\/empresas2024\\\/es\\\/encuentros-con-empresas\\\/\"]}]},{\"@type\":\"BreadcrumbList\",\"@id\":\"https:\\\/\\\/forempleo.uc3m.es\\\/empresas2024\\\/es\\\/encuentros-con-empresas\\\/#breadcrumb\",\"itemListElement\":[{\"@type\":\"ListItem\",\"position\":1,\"name\":\"Portada\",\"item\":\"https:\\\/\\\/forempleo.uc3m.es\\\/empresas2024\\\/\"},{\"@type\":\"ListItem\",\"position\":2,\"name\":\"Encuentros con Empresas\"}]},{\"@type\":\"WebSite\",\"@id\":\"https:\\\/\\\/forempleo.uc3m.es\\\/empresas2022\\\/es\\\/#website\",\"url\":\"https:\\\/\\\/forempleo.uc3m.es\\\/empresas2022\\\/es\\\/\",\"name\":\"Forempleo Empresas 2024\",\"description\":\"La Feria de Empleo Universitario m\u00e1s importante de Espa\u00f1a\",\"potentialAction\":[{\"@type\":\"SearchAction\",\"target\":{\"@type\":\"EntryPoint\",\"urlTemplate\":\"https:\\\/\\\/forempleo.uc3m.es\\\/empresas2022\\\/es\\\/?s={search_term_string}\"},\"query-input\":{\"@type\":\"PropertyValueSpecification\",\"valueRequired\":true,\"valueName\":\"search_term_string\"}}],\"inLanguage\":\"es\"}]}<\/script>\n<!-- \/ Yoast SEO plugin. -->","yoast_head_json":{"title":"Encuentros con Empresas - Forempleo Empresas 2024","robots":{"index":"index","follow":"follow","max-snippet":"max-snippet:-1","max-image-preview":"max-image-preview:large","max-video-preview":"max-video-preview:-1"},"canonical":"https:\/\/forempleo.uc3m.es\/empresas2024\/es\/encuentros-con-empresas\/","og_locale":"es_ES","og_type":"article","og_title":"Encuentros con Empresas - Forempleo Empresas 2024","og_url":"https:\/\/forempleo.uc3m.es\/empresas2024\/es\/encuentros-con-empresas\/","og_site_name":"Forempleo Empresas 2024","article_modified_time":"2020-01-28T11:07:17+00:00","twitter_card":"summary_large_image","twitter_misc":{"Tiempo de lectura":"2 minutos"},"schema":{"@context":"https:\/\/schema.org","@graph":[{"@type":"WebPage","@id":"https:\/\/forempleo.uc3m.es\/empresas2024\/es\/encuentros-con-empresas\/","url":"https:\/\/forempleo.uc3m.es\/empresas2024\/es\/encuentros-con-empresas\/","name":"Encuentros con Empresas - Forempleo Empresas 2024","isPartOf":{"@id":"https:\/\/forempleo.uc3m.es\/empresas2022\/es\/#website"},"datePublished":"2016-02-11T16:30:28+00:00","dateModified":"2020-01-28T11:07:17+00:00","breadcrumb":{"@id":"https:\/\/forempleo.uc3m.es\/empresas2024\/es\/encuentros-con-empresas\/#breadcrumb"},"inLanguage":"es","potentialAction":[{"@type":"ReadAction","target":["https:\/\/forempleo.uc3m.es\/empresas2024\/es\/encuentros-con-empresas\/"]}]},{"@type":"BreadcrumbList","@id":"https:\/\/forempleo.uc3m.es\/empresas2024\/es\/encuentros-con-empresas\/#breadcrumb","itemListElement":[{"@type":"ListItem","position":1,"name":"Portada","item":"https:\/\/forempleo.uc3m.es\/empresas2024\/"},{"@type":"ListItem","position":2,"name":"Encuentros con Empresas"}]},{"@type":"WebSite","@id":"https:\/\/forempleo.uc3m.es\/empresas2022\/es\/#website","url":"https:\/\/forempleo.uc3m.es\/empresas2022\/es\/","name":"Forempleo Empresas 2024","description":"La Feria de Empleo Universitario m\u00e1s importante de Espa\u00f1a","potentialAction":[{"@type":"SearchAction","target":{"@type":"EntryPoint","urlTemplate":"https:\/\/forempleo.uc3m.es\/empresas2022\/es\/?s={search_term_string}"},"query-input":{"@type":"PropertyValueSpecification","valueRequired":true,"valueName":"search_term_string"}}],"inLanguage":"es"}]}},"_links":{"self":[{"href":"https:\/\/forempleo.uc3m.es\/empresas2024\/wp-json\/wp\/v2\/pages\/4264","targetHints":{"allow":["GET"]}}],"collection":[{"href":"https:\/\/forempleo.uc3m.es\/empresas2024\/wp-json\/wp\/v2\/pages"}],"about":[{"href":"https:\/\/forempleo.uc3m.es\/empresas2024\/wp-json\/wp\/v2\/types\/page"}],"author":[{"embeddable":true,"href":"https:\/\/forempleo.uc3m.es\/empresas2024\/wp-json\/wp\/v2\/users\/3"}],"replies":[{"embeddable":true,"href":"https:\/\/forempleo.uc3m.es\/empresas2024\/wp-json\/wp\/v2\/comments?post=4264"}],"version-history":[{"count":25,"href":"https:\/\/forempleo.uc3m.es\/empresas2024\/wp-json\/wp\/v2\/pages\/4264\/revisions"}],"predecessor-version":[{"id":5556,"href":"https:\/\/forempleo.uc3m.es\/empresas2024\/wp-json\/wp\/v2\/pages\/4264\/revisions\/5556"}],"wp:attachment":[{"href":"https:\/\/forempleo.uc3m.es\/empresas2024\/wp-json\/wp\/v2\/media?parent=4264"}],"curies":[{"name":"wp","href":"https:\/\/api.w.org\/{rel}","templated":true}]}}