{"id":4184,"date":"2016-02-02T16:46:58","date_gmt":"2016-02-02T16:46:58","guid":{"rendered":"http:\/\/www.forempleo.com\/empresas2020beta\/?page_id=4184"},"modified":"2024-04-30T11:34:43","modified_gmt":"2024-04-30T11:34:43","slug":"otras-modalidades","status":"publish","type":"page","link":"https:\/\/forempleo.uc3m.es\/empresas2024\/otras-modalidades\/","title":{"rendered":"Actividades complementarias"},"content":{"rendered":"<section class=\"l-section wpb_row height_medium\"><div class=\"l-section-h i-cf\"><div class=\"g-cols vc_row via_flex valign_middle type_default stacking_default\"><div class=\"vc_col-sm-3 wpb_column vc_column_container\"><div class=\"vc_column-inner\"><div class=\"wpb_wrapper\"><div class=\"w-image hide_on_mobiles align_center\"><div class=\"w-image-h\"><img decoding=\"async\" width=\"351\" height=\"351\" src=\"https:\/\/forempleo.uc3m.es\/empresas2024\/wp-content\/uploads\/sites\/18\/2024\/04\/ilustr_composiciones_350x350px_nvas_v1b.png\" class=\"attachment-us_600_0 size-us_600_0\" alt=\"\" loading=\"lazy\" srcset=\"https:\/\/forempleo.uc3m.es\/empresas2024\/wp-content\/uploads\/sites\/18\/2024\/04\/ilustr_composiciones_350x350px_nvas_v1b.png 351w, https:\/\/forempleo.uc3m.es\/empresas2024\/wp-content\/uploads\/sites\/18\/2024\/04\/ilustr_composiciones_350x350px_nvas_v1b-300x300.png 300w, https:\/\/forempleo.uc3m.es\/empresas2024\/wp-content\/uploads\/sites\/18\/2024\/04\/ilustr_composiciones_350x350px_nvas_v1b-150x150.png 150w\" sizes=\"auto, (max-width: 351px) 100vw, 351px\" \/><\/div><\/div><\/div><\/div><\/div><div class=\"vc_col-sm-9 wpb_column vc_column_container\"><div class=\"vc_column-inner\"><div class=\"wpb_wrapper\"><div class=\"wpb_text_column us_custom_a518f36e us_animate_this\"><div class=\"wpb_wrapper\"><h1 style=\"text-align: center;\">Otras modalidades<\/h1>\n<\/div><\/div><div class=\"w-separator us_custom_6c0ee9e8 us_animate_this size_custom with_line width_30 thick_4 style_solid color_primary align_center\" style=\"height:10px\"><div class=\"w-separator-h\"><\/div><\/div><\/div><\/div><\/div><\/div><\/div><\/section><section class=\"l-section wpb_row us_custom_af6a9b6a desk height_auto\"><div class=\"l-section-h i-cf\"><div class=\"g-cols vc_row via_flex valign_top type_default stacking_default\"><div class=\"vc_col-sm-3 wpb_column vc_column_container us_animate_afb\" style=\"animation-delay:0s\"><div class=\"vc_column-inner\"><div class=\"wpb_wrapper\"><div class=\"w-iconbox iconpos_top style_default color_primary align_center no_text\"><div class=\"w-iconbox-icon\" style=\"font-size:3rem;\"><i class=\"fad fa-duotone fa-handshake\"><\/i><\/div><div class=\"w-iconbox-meta\"><h3 class=\"w-iconbox-title\">Encuentros con empresas<\/h3><\/div><\/div><\/div><\/div><\/div><div class=\"vc_col-sm-9 wpb_column vc_column_container us_animate_afb\" style=\"animation-delay:0s\"><div class=\"vc_column-inner\"><div class=\"wpb_wrapper\"><div class=\"wpb_text_column\"><div class=\"wpb_wrapper\"><ul>\n<li>Espacio y auditorio para mantener un contacto m\u00e1s directo con potenciales candidatos previamente seleccionados, donde se podr\u00e1 dar a conocer la empresa e indagar sobre las caracter\u00edsticas de los estudiantes y titulados de la UC3M. Tambi\u00e9n se podr\u00e1 utilizar el aula para realizar Prueba de Selecci\u00f3n.<\/li>\n<li>Ser\u00e1 necesario especificar el perfil solicitado antes del 2 de junio de 2024 para su difusi\u00f3n. Tras la difusi\u00f3n y recogida de cv \u0301s por parte de la organizaci\u00f3n, la empresa realizar\u00e1 la selecci\u00f3n y cita de los candidatos en el aula facilitada por la organizaci\u00f3n para dicha actividad.<\/li>\n<li>La empresa podr\u00e1 elegir mantener un contacto m\u00e1s directo con 10 \u00f3 12 candidatos previamente seleccionados en un aula peque\u00f1a o citar a todos los interesados en un aula de mayor capacidad. La organizaci\u00f3n intentar\u00e1 reservarles un aula de mayor o menor capacidad en funci\u00f3n de sus necesidades y de la disponibilidad de la UC3M.<\/li>\n<li>Dotaci\u00f3n: ordenador, proyector y pizarra.<\/li>\n<\/ul>\n<\/div><\/div><div class=\"wpb_text_column us_custom_5fb5abd6 has_text_color\"><div class=\"wpb_wrapper\"><h4 style=\"text-align: left;\"><strong>Tarifa: 375 \u20ac + IVA<\/strong><\/h4>\n<\/div><\/div><\/div><\/div><\/div><\/div><\/div><\/section><section class=\"l-section wpb_row us_custom_af6a9b6a desk height_auto\"><div class=\"l-section-h i-cf\"><div class=\"g-cols vc_row via_flex valign_top type_default stacking_default\"><div class=\"vc_col-sm-3 wpb_column vc_column_container us_animate_afb\" style=\"animation-delay:0s\"><div class=\"vc_column-inner\"><div class=\"wpb_wrapper\"><div class=\"w-iconbox iconpos_top style_default color_primary align_center no_text\"><div class=\"w-iconbox-icon\" style=\"font-size:3rem;\"><i class=\"fad fa-duotone fa-book-open\"><\/i><\/div><div class=\"w-iconbox-meta\"><h3 class=\"w-iconbox-title\">Publicidad en Cat\u00e1logo<\/h3><\/div><\/div><\/div><\/div><\/div><div class=\"vc_col-sm-9 wpb_column vc_column_container us_animate_afb\" style=\"animation-delay:0s\"><div class=\"vc_column-inner\"><div class=\"wpb_wrapper\"><div class=\"wpb_text_column\"><div class=\"wpb_wrapper\"><ul>\n<li>Inserci\u00f3n de publicidad en el Cat\u00e1logo Oficial digital, que se difundir\u00e1 en el \u00e1mbito de esta Universidad y entre todos los vistantes de Forempleo y los visitantes de la web.<\/li>\n<li>Dise\u00f1o por cuenta de la empresa anunciada (Documento en JPG o EPS, a 300 ppp de resoluci\u00f3n y con 5 mm. de sangre).<\/li>\n<li>Dimensiones de la publicaci\u00f3n DIN A5 (148&#215;210 mm.).<\/li>\n<li>Fecha l\u00edmite de reserva de espacios: 2 de junio de 2024.<\/li>\n<\/ul>\n<\/div><\/div><div class=\"wpb_text_column us_custom_5fb5abd6 has_text_color\"><div class=\"wpb_wrapper\"><h4 style=\"text-align: left;\"><strong>Tarifa: 500 \u20ac + IVA<\/strong><\/h4>\n<\/div><\/div><\/div><\/div><\/div><\/div><\/div><\/section><section class=\"l-section wpb_row us_custom_af6a9b6a desk height_auto\"><div class=\"l-section-h i-cf\"><div class=\"g-cols vc_row via_flex valign_top type_default stacking_default\"><div class=\"vc_col-sm-3 wpb_column vc_column_container us_animate_afb\" style=\"animation-delay:0s\"><div class=\"vc_column-inner\"><div class=\"wpb_wrapper\"><div class=\"w-iconbox iconpos_top style_default color_primary align_center no_text\"><div class=\"w-iconbox-icon\" style=\"font-size:3rem;\"><i class=\"fad fa-duotone fa-map-pin\"><\/i><\/div><div class=\"w-iconbox-meta\"><h3 class=\"w-iconbox-title\">Publicidad en Cat\u00e1logo<\/h3><\/div><\/div><\/div><\/div><\/div><div class=\"vc_col-sm-9 wpb_column vc_column_container us_animate_afb\" style=\"animation-delay:0s\"><div class=\"vc_column-inner\"><div class=\"wpb_wrapper\"><div class=\"wpb_text_column\"><div class=\"wpb_wrapper\"><ul>\n<li>Se dispondr\u00e1 de espacios para la realizaci\u00f3n de Pruebas Psicot\u00e9cnicas, Entrevistas Personales o Din\u00e1micas de Grupo, siempre y cuando no interfieran en el desarrollo de las dem\u00e1s actividades de Forempleo 2024.<\/li>\n<li>Dotaci\u00f3n: Ordenador, proyector y pizarra.<\/li>\n<\/ul>\n<\/div><\/div><div class=\"wpb_text_column us_custom_5fb5abd6 has_text_color\"><div class=\"wpb_wrapper\"><h4 style=\"text-align: left;\"><strong>Tarifa: 375 \u20ac + IVA<\/strong><\/h4>\n<\/div><\/div><\/div><\/div><\/div><\/div><\/div><\/section><section class=\"l-section wpb_row height_medium\"><div class=\"l-section-h i-cf\"><div class=\"g-cols vc_row via_flex valign_top type_default stacking_default\"><div class=\"vc_col-sm-12 wpb_column vc_column_container\"><div class=\"vc_column-inner\"><div class=\"wpb_wrapper\"><div class=\"wpb_text_column\"><div class=\"wpb_wrapper\"><p>*La participaci\u00f3n de una empresa o instituci\u00f3n en Forempleo 2024 implica la contrataci\u00f3n de la actividad principal como expositor, independientemente de la contrataci\u00f3n de otros servicios o actividades complementarias, a excepci\u00f3n de la contrataci\u00f3n de espacios publicitarios en el Cat\u00e1logo Oficial.<\/p>\n<\/div><\/div><\/div><\/div><\/div><\/div><\/div><\/section><section class=\"l-section wpb_row us_custom_1f5f827b height_medium color_primary\"><div class=\"l-section-h i-cf\"><div class=\"g-cols vc_row via_flex valign_top type_default stacking_default\"><div class=\"vc_col-sm-12 wpb_column vc_column_container\"><div class=\"vc_column-inner us_custom_a518f36e us_animate_this\"><div class=\"wpb_wrapper\"><div class=\"wpb_text_column us_custom_6df4bc3a has_text_color\"><div class=\"wpb_wrapper\"><h1 style=\"text-align: left;\">Saca el m\u00e1ximo partido a Forempleo<\/h1>\n<\/div><\/div><div class=\"wpb_text_column us_custom_8b3d6790 has_text_color\"><div class=\"wpb_wrapper\"><h5>Para formalizar la contrataci\u00f3n de otras actividades es necesario enviar el Contrato de Actividades y Servicios correctamente cumplimentado y firmado al e-mail: forempleo@fund.uc3m.es<\/h5>\n<\/div><\/div><div class=\"w-btn-wrapper align_none\"><a class=\"w-btn us-btn-style_5 icon_atleft\" target=\"_blank\" href=\"https:\/\/forempleo.uc3m.es\/empresas2024\/wp-content\/uploads\/sites\/18\/2024\/04\/Solicitud-de-participacion-_F24_anexo1.pdf\"><i class=\"fad fa-duotone fa-download\"><\/i><span class=\"w-btn-label\">Descargar contrato (PDF)<\/span><\/a><\/div><\/div><\/div><\/div><\/div><\/div><\/section>\n","protected":false},"excerpt":{"rendered":"Otras modalidades Encuentros con empresas Espacio y auditorio para mantener un contacto m\u00e1s directo con potenciales candidatos previamente seleccionados, donde se podr\u00e1 dar a conocer la empresa e indagar sobre las caracter\u00edsticas de los estudiantes y titulados de la UC3M. Tambi\u00e9n se podr\u00e1 utilizar el aula para realizar Prueba de Selecci\u00f3n. Ser\u00e1 necesario especificar el...","protected":false},"author":3,"featured_media":0,"parent":0,"menu_order":0,"comment_status":"closed","ping_status":"closed","template":"","meta":{"footnotes":""},"class_list":["post-4184","page","type-page","status-publish","hentry"],"yoast_head":"<!-- This site is optimized with the Yoast SEO plugin v27.3 - https:\/\/yoast.com\/product\/yoast-seo-wordpress\/ -->\n<title>Forempleo | Otras modalidades de participaci\u00f3n<\/title>\n<meta name=\"description\" content=\"Descubre las diferentes actividades que tu empresa puede organizar durante los d\u00edas 5 y 6 de octubre en Forempleo 2022\" \/>\n<meta name=\"robots\" content=\"index, follow, max-snippet:-1, max-image-preview:large, max-video-preview:-1\" \/>\n<link rel=\"canonical\" href=\"https:\/\/forempleo.uc3m.es\/empresas2024\/otras-modalidades\/\" \/>\n<meta property=\"og:locale\" content=\"es_ES\" \/>\n<meta property=\"og:type\" content=\"article\" \/>\n<meta property=\"og:title\" content=\"Forempleo | Otras modalidades de participaci\u00f3n\" \/>\n<meta property=\"og:description\" content=\"Descubre las diferentes actividades que tu empresa puede organizar durante los d\u00edas 5 y 6 de octubre en Forempleo\" \/>\n<meta property=\"og:url\" content=\"https:\/\/forempleo.uc3m.es\/empresas2024\/otras-modalidades\/\" \/>\n<meta property=\"og:site_name\" content=\"Forempleo Empresas 2024\" \/>\n<meta property=\"article:modified_time\" content=\"2024-04-30T11:34:43+00:00\" \/>\n<meta property=\"og:image\" content=\"https:\/\/forempleo.uc3m.es\/empresas2024\/wp-content\/uploads\/sites\/18\/2022\/03\/actividades.png\" \/>\n\t<meta property=\"og:image:width\" content=\"350\" \/>\n\t<meta property=\"og:image:height\" content=\"350\" \/>\n\t<meta property=\"og:image:type\" content=\"image\/png\" \/>\n<meta name=\"twitter:card\" content=\"summary_large_image\" \/>\n<meta name=\"twitter:title\" content=\"Forempleo | Otras modalidades de participaci\u00f3n\" \/>\n<meta name=\"twitter:description\" content=\"Descubre las diferentes actividades que tu empresa puede organizar durante los d\u00edas 5 y 6 de octubre en Forempleo\" \/>\n<meta name=\"twitter:image\" content=\"https:\/\/forempleo.uc3m.es\/empresas2024\/wp-content\/uploads\/sites\/18\/2022\/03\/actividades.png\" \/>\n<meta name=\"twitter:label1\" content=\"Tiempo de lectura\" \/>\n\t<meta name=\"twitter:data1\" content=\"2 minutos\" \/>\n<script type=\"application\/ld+json\" class=\"yoast-schema-graph\">{\"@context\":\"https:\\\/\\\/schema.org\",\"@graph\":[{\"@type\":\"WebPage\",\"@id\":\"https:\\\/\\\/forempleo.uc3m.es\\\/empresas2024\\\/otras-modalidades\\\/\",\"url\":\"https:\\\/\\\/forempleo.uc3m.es\\\/empresas2024\\\/otras-modalidades\\\/\",\"name\":\"Forempleo | Otras modalidades de participaci\u00f3n\",\"isPartOf\":{\"@id\":\"https:\\\/\\\/forempleo.uc3m.es\\\/empresas2022\\\/es\\\/#website\"},\"datePublished\":\"2016-02-02T16:46:58+00:00\",\"dateModified\":\"2024-04-30T11:34:43+00:00\",\"description\":\"Descubre las diferentes actividades que tu empresa puede organizar durante los d\u00edas 5 y 6 de octubre en Forempleo 2022\",\"breadcrumb\":{\"@id\":\"https:\\\/\\\/forempleo.uc3m.es\\\/empresas2024\\\/otras-modalidades\\\/#breadcrumb\"},\"inLanguage\":\"es\",\"potentialAction\":[{\"@type\":\"ReadAction\",\"target\":[\"https:\\\/\\\/forempleo.uc3m.es\\\/empresas2024\\\/otras-modalidades\\\/\"]}]},{\"@type\":\"BreadcrumbList\",\"@id\":\"https:\\\/\\\/forempleo.uc3m.es\\\/empresas2024\\\/otras-modalidades\\\/#breadcrumb\",\"itemListElement\":[{\"@type\":\"ListItem\",\"position\":1,\"name\":\"Portada\",\"item\":\"https:\\\/\\\/forempleo.uc3m.es\\\/empresas2024\\\/\"},{\"@type\":\"ListItem\",\"position\":2,\"name\":\"Actividades complementarias\"}]},{\"@type\":\"WebSite\",\"@id\":\"https:\\\/\\\/forempleo.uc3m.es\\\/empresas2022\\\/es\\\/#website\",\"url\":\"https:\\\/\\\/forempleo.uc3m.es\\\/empresas2022\\\/es\\\/\",\"name\":\"Forempleo Empresas 2024\",\"description\":\"La Feria de Empleo Universitario m\u00e1s importante de Espa\u00f1a\",\"potentialAction\":[{\"@type\":\"SearchAction\",\"target\":{\"@type\":\"EntryPoint\",\"urlTemplate\":\"https:\\\/\\\/forempleo.uc3m.es\\\/empresas2022\\\/es\\\/?s={search_term_string}\"},\"query-input\":{\"@type\":\"PropertyValueSpecification\",\"valueRequired\":true,\"valueName\":\"search_term_string\"}}],\"inLanguage\":\"es\"}]}<\/script>\n<!-- \/ Yoast SEO plugin. -->","yoast_head_json":{"title":"Forempleo | Otras modalidades de participaci\u00f3n","description":"Descubre las diferentes actividades que tu empresa puede organizar durante los d\u00edas 5 y 6 de octubre en Forempleo 2022","robots":{"index":"index","follow":"follow","max-snippet":"max-snippet:-1","max-image-preview":"max-image-preview:large","max-video-preview":"max-video-preview:-1"},"canonical":"https:\/\/forempleo.uc3m.es\/empresas2024\/otras-modalidades\/","og_locale":"es_ES","og_type":"article","og_title":"Forempleo | Otras modalidades de participaci\u00f3n","og_description":"Descubre las diferentes actividades que tu empresa puede organizar durante los d\u00edas 5 y 6 de octubre en Forempleo","og_url":"https:\/\/forempleo.uc3m.es\/empresas2024\/otras-modalidades\/","og_site_name":"Forempleo Empresas 2024","article_modified_time":"2024-04-30T11:34:43+00:00","og_image":[{"width":350,"height":350,"url":"https:\/\/forempleo.uc3m.es\/empresas2024\/wp-content\/uploads\/sites\/18\/2022\/03\/actividades.png","type":"image\/png"}],"twitter_card":"summary_large_image","twitter_title":"Forempleo | Otras modalidades de participaci\u00f3n","twitter_description":"Descubre las diferentes actividades que tu empresa puede organizar durante los d\u00edas 5 y 6 de octubre en Forempleo","twitter_image":"https:\/\/forempleo.uc3m.es\/empresas2024\/wp-content\/uploads\/sites\/18\/2022\/03\/actividades.png","twitter_misc":{"Tiempo de lectura":"2 minutos"},"schema":{"@context":"https:\/\/schema.org","@graph":[{"@type":"WebPage","@id":"https:\/\/forempleo.uc3m.es\/empresas2024\/otras-modalidades\/","url":"https:\/\/forempleo.uc3m.es\/empresas2024\/otras-modalidades\/","name":"Forempleo | Otras modalidades de participaci\u00f3n","isPartOf":{"@id":"https:\/\/forempleo.uc3m.es\/empresas2022\/es\/#website"},"datePublished":"2016-02-02T16:46:58+00:00","dateModified":"2024-04-30T11:34:43+00:00","description":"Descubre las diferentes actividades que tu empresa puede organizar durante los d\u00edas 5 y 6 de octubre en Forempleo 2022","breadcrumb":{"@id":"https:\/\/forempleo.uc3m.es\/empresas2024\/otras-modalidades\/#breadcrumb"},"inLanguage":"es","potentialAction":[{"@type":"ReadAction","target":["https:\/\/forempleo.uc3m.es\/empresas2024\/otras-modalidades\/"]}]},{"@type":"BreadcrumbList","@id":"https:\/\/forempleo.uc3m.es\/empresas2024\/otras-modalidades\/#breadcrumb","itemListElement":[{"@type":"ListItem","position":1,"name":"Portada","item":"https:\/\/forempleo.uc3m.es\/empresas2024\/"},{"@type":"ListItem","position":2,"name":"Actividades complementarias"}]},{"@type":"WebSite","@id":"https:\/\/forempleo.uc3m.es\/empresas2022\/es\/#website","url":"https:\/\/forempleo.uc3m.es\/empresas2022\/es\/","name":"Forempleo Empresas 2024","description":"La Feria de Empleo Universitario m\u00e1s importante de Espa\u00f1a","potentialAction":[{"@type":"SearchAction","target":{"@type":"EntryPoint","urlTemplate":"https:\/\/forempleo.uc3m.es\/empresas2022\/es\/?s={search_term_string}"},"query-input":{"@type":"PropertyValueSpecification","valueRequired":true,"valueName":"search_term_string"}}],"inLanguage":"es"}]}},"_links":{"self":[{"href":"https:\/\/forempleo.uc3m.es\/empresas2024\/wp-json\/wp\/v2\/pages\/4184","targetHints":{"allow":["GET"]}}],"collection":[{"href":"https:\/\/forempleo.uc3m.es\/empresas2024\/wp-json\/wp\/v2\/pages"}],"about":[{"href":"https:\/\/forempleo.uc3m.es\/empresas2024\/wp-json\/wp\/v2\/types\/page"}],"author":[{"embeddable":true,"href":"https:\/\/forempleo.uc3m.es\/empresas2024\/wp-json\/wp\/v2\/users\/3"}],"replies":[{"embeddable":true,"href":"https:\/\/forempleo.uc3m.es\/empresas2024\/wp-json\/wp\/v2\/comments?post=4184"}],"version-history":[{"count":116,"href":"https:\/\/forempleo.uc3m.es\/empresas2024\/wp-json\/wp\/v2\/pages\/4184\/revisions"}],"predecessor-version":[{"id":6539,"href":"https:\/\/forempleo.uc3m.es\/empresas2024\/wp-json\/wp\/v2\/pages\/4184\/revisions\/6539"}],"wp:attachment":[{"href":"https:\/\/forempleo.uc3m.es\/empresas2024\/wp-json\/wp\/v2\/media?parent=4184"}],"curies":[{"name":"wp","href":"https:\/\/api.w.org\/{rel}","templated":true}]}}