{"id":4250,"date":"2016-02-07T15:40:11","date_gmt":"2016-02-07T15:40:11","guid":{"rendered":"http:\/\/www.forempleo.com\/empresas2020beta\/?page_id=4250"},"modified":"2023-04-18T14:09:26","modified_gmt":"2023-04-18T14:09:26","slug":"forempleo_2022","status":"publish","type":"page","link":"https:\/\/forempleo.uc3m.es\/empresas2023\/forempleo_2022\/","title":{"rendered":"Datos 2022"},"content":{"rendered":"<section class=\"l-section wpb_row us_custom_1f5f827b height_medium with_shape\"><div class=\"l-section-shape type_tilt pos_bottom hor_flip\" style=\"height:10vh;\"><svg xmlns=\"http:\/\/www.w3.org\/2000\/svg\" viewBox=\"0 0 64 8\" preserveAspectRatio=\"none\" width=\"100%\" height=\"100%\">\r\n\t<path fill=\"currentColor\" d=\"M64 7.9 L64 10 L0 10 L0 0 Z\"\/>\r\n<\/svg><\/div><div class=\"l-section-h i-cf\"><div class=\"g-cols vc_row via_flex valign_top type_default stacking_default\"><div class=\"vc_col-sm-12 wpb_column vc_column_container\"><div class=\"vc_column-inner us_custom_a518f36e us_animate_this\"><div class=\"wpb_wrapper\"><div class=\"wpb_text_column us_custom_6df4bc3a has_text_color\"><div class=\"wpb_wrapper\"><h1 style=\"text-align: justify;\"><strong>Datos Forempleo 2022<\/strong><\/h1>\n<\/div><\/div><\/div><\/div><\/div><\/div><\/div><\/section><section class=\"l-section wpb_row height_small\"><div class=\"l-section-h i-cf\"><div class=\"g-cols vc_row via_flex valign_top type_default stacking_default\"><div class=\"vc_col-sm-6 wpb_column vc_column_container\"><div class=\"vc_column-inner us_custom_d89fe7f6 us_animate_this\"><div class=\"wpb_wrapper\"><div class=\"wpb_text_column\"><div class=\"wpb_wrapper\"><p>Una vez m\u00e1s, en su vig\u00e9simo s\u00e9ptima edici\u00f3n, Forempleo del pasado 2022 fue un \u00e9xito en cuanto a participaci\u00f3n y valoraci\u00f3n por parte de visitantes y empresas.<u><\/u><u><\/u><\/p>\n<p>As\u00ed lo demuestra el n\u00famero de entidades participantes (137 empresas) de diferentes sectores (ingenier\u00eda, consultor\u00eda, finanzas, despachos de abogados, IT, organismos oficiales, etc.) y la cifra de\u00a0 4.000 visitantes a la Feria. Todos ellos tuvieron acceso al stand de las empresas, pudieron compartir su CV, charlar con personal de RRHH, informarse de las oportunidades profesionales que ofrecen, asistir a conferencias\u2026.<\/p>\n<\/div><\/div><\/div><\/div><\/div><div class=\"vc_col-sm-6 wpb_column vc_column_container\"><div class=\"vc_column-inner\"><div class=\"wpb_wrapper\"><div class=\"w-iconbox us_custom_50cc7d67 iconpos_left style_default color_primary align_left no_text\"><div class=\"w-iconbox-icon\" style=\"font-size:3rem;\"><i class=\"fad fa-duotone fa-building\"><\/i><\/div><div class=\"w-iconbox-meta\"><h4 class=\"w-iconbox-title\">137 empresas participantes<\/h4><\/div><\/div><div class=\"w-iconbox us_custom_50cc7d67 iconpos_left style_default color_primary align_left\"><div class=\"w-iconbox-icon\" style=\"font-size:3rem;\"><i class=\"fad fa-duotone fa-users\"><\/i><\/div><div class=\"w-iconbox-meta\"><h4 class=\"w-iconbox-title\">4.000 visitantes<\/h4><div class=\"w-iconbox-text\"><p>89% son alumnos\/as de la UC3M<br \/>\n83% estudiantes \/ 17% titulados<br \/>\n67% busca pr\u00e1cticas<br \/>\n30% busca trabajo<\/p>\n<\/div><\/div><\/div><div class=\"w-iconbox us_custom_50cc7d67 iconpos_left style_default color_primary align_left\"><div class=\"w-iconbox-icon\" style=\"font-size:3rem;\"><i class=\"fad fa-duotone fa-desktop\"><\/i><\/div><div class=\"w-iconbox-meta\"><h4 class=\"w-iconbox-title\">Web del evento<\/h4><div class=\"w-iconbox-text\"><p>116.230 visitas<br \/>\n18.405 usuarios \u00fanicos<\/p>\n<\/div><\/div><\/div><\/div><\/div><\/div><\/div><\/div><\/section>\n","protected":false},"excerpt":{"rendered":"Datos Forempleo 2022 Una vez m\u00e1s, en su vig\u00e9simo s\u00e9ptima edici\u00f3n, Forempleo del pasado 2022 fue un \u00e9xito en cuanto a participaci\u00f3n y valoraci\u00f3n por parte de visitantes y empresas. As\u00ed lo demuestra el n\u00famero de entidades participantes (137 empresas) de diferentes sectores (ingenier\u00eda, consultor\u00eda, finanzas, despachos de abogados, IT, organismos oficiales, etc.) y la...","protected":false},"author":3,"featured_media":0,"parent":0,"menu_order":0,"comment_status":"closed","ping_status":"closed","template":"","meta":{"footnotes":""},"class_list":["post-4250","page","type-page","status-publish","hentry"],"yoast_head":"<!-- This site is optimized with the Yoast SEO plugin v27.3 - https:\/\/yoast.com\/product\/yoast-seo-wordpress\/ -->\n<title>Datos 2022 - Forempleo Empresas 2023<\/title>\n<meta name=\"robots\" content=\"index, follow, max-snippet:-1, max-image-preview:large, max-video-preview:-1\" \/>\n<link rel=\"canonical\" href=\"https:\/\/forempleo.uc3m.es\/empresas2023\/es\/forempleo_2022\/\" \/>\n<meta property=\"og:locale\" content=\"es_ES\" \/>\n<meta property=\"og:type\" content=\"article\" \/>\n<meta property=\"og:title\" content=\"Datos 2022 - Forempleo Empresas 2023\" \/>\n<meta property=\"og:url\" content=\"https:\/\/forempleo.uc3m.es\/empresas2023\/es\/forempleo_2022\/\" \/>\n<meta property=\"og:site_name\" content=\"Forempleo Empresas 2023\" \/>\n<meta property=\"article:modified_time\" content=\"2023-04-18T14:09:26+00:00\" \/>\n<meta name=\"twitter:card\" content=\"summary_large_image\" \/>\n<meta name=\"twitter:label1\" content=\"Tiempo de lectura\" \/>\n\t<meta name=\"twitter:data1\" content=\"1 minuto\" \/>\n<script type=\"application\/ld+json\" class=\"yoast-schema-graph\">{\"@context\":\"https:\\\/\\\/schema.org\",\"@graph\":[{\"@type\":\"WebPage\",\"@id\":\"https:\\\/\\\/forempleo.uc3m.es\\\/empresas2023\\\/es\\\/forempleo_2022\\\/\",\"url\":\"https:\\\/\\\/forempleo.uc3m.es\\\/empresas2023\\\/es\\\/forempleo_2022\\\/\",\"name\":\"Datos 2022 - Forempleo Empresas 2023\",\"isPartOf\":{\"@id\":\"https:\\\/\\\/forempleo.uc3m.es\\\/empresas2022\\\/es\\\/#website\"},\"datePublished\":\"2016-02-07T15:40:11+00:00\",\"dateModified\":\"2023-04-18T14:09:26+00:00\",\"breadcrumb\":{\"@id\":\"https:\\\/\\\/forempleo.uc3m.es\\\/empresas2023\\\/es\\\/forempleo_2022\\\/#breadcrumb\"},\"inLanguage\":\"es\",\"potentialAction\":[{\"@type\":\"ReadAction\",\"target\":[\"https:\\\/\\\/forempleo.uc3m.es\\\/empresas2023\\\/es\\\/forempleo_2022\\\/\"]}]},{\"@type\":\"BreadcrumbList\",\"@id\":\"https:\\\/\\\/forempleo.uc3m.es\\\/empresas2023\\\/es\\\/forempleo_2022\\\/#breadcrumb\",\"itemListElement\":[{\"@type\":\"ListItem\",\"position\":1,\"name\":\"Portada\",\"item\":\"https:\\\/\\\/forempleo.uc3m.es\\\/empresas2023\\\/es\\\/\"},{\"@type\":\"ListItem\",\"position\":2,\"name\":\"Datos 2022\"}]},{\"@type\":\"WebSite\",\"@id\":\"https:\\\/\\\/forempleo.uc3m.es\\\/empresas2022\\\/es\\\/#website\",\"url\":\"https:\\\/\\\/forempleo.uc3m.es\\\/empresas2022\\\/es\\\/\",\"name\":\"Forempleo Empresas 2023\",\"description\":\"La Feria de Empleo Universitario m\u00e1s importante de Espa\u00f1a\",\"potentialAction\":[{\"@type\":\"SearchAction\",\"target\":{\"@type\":\"EntryPoint\",\"urlTemplate\":\"https:\\\/\\\/forempleo.uc3m.es\\\/empresas2022\\\/es\\\/?s={search_term_string}\"},\"query-input\":{\"@type\":\"PropertyValueSpecification\",\"valueRequired\":true,\"valueName\":\"search_term_string\"}}],\"inLanguage\":\"es\"}]}<\/script>\n<!-- \/ Yoast SEO plugin. -->","yoast_head_json":{"title":"Datos 2022 - Forempleo Empresas 2023","robots":{"index":"index","follow":"follow","max-snippet":"max-snippet:-1","max-image-preview":"max-image-preview:large","max-video-preview":"max-video-preview:-1"},"canonical":"https:\/\/forempleo.uc3m.es\/empresas2023\/es\/forempleo_2022\/","og_locale":"es_ES","og_type":"article","og_title":"Datos 2022 - Forempleo Empresas 2023","og_url":"https:\/\/forempleo.uc3m.es\/empresas2023\/es\/forempleo_2022\/","og_site_name":"Forempleo Empresas 2023","article_modified_time":"2023-04-18T14:09:26+00:00","twitter_card":"summary_large_image","twitter_misc":{"Tiempo de lectura":"1 minuto"},"schema":{"@context":"https:\/\/schema.org","@graph":[{"@type":"WebPage","@id":"https:\/\/forempleo.uc3m.es\/empresas2023\/es\/forempleo_2022\/","url":"https:\/\/forempleo.uc3m.es\/empresas2023\/es\/forempleo_2022\/","name":"Datos 2022 - Forempleo Empresas 2023","isPartOf":{"@id":"https:\/\/forempleo.uc3m.es\/empresas2022\/es\/#website"},"datePublished":"2016-02-07T15:40:11+00:00","dateModified":"2023-04-18T14:09:26+00:00","breadcrumb":{"@id":"https:\/\/forempleo.uc3m.es\/empresas2023\/es\/forempleo_2022\/#breadcrumb"},"inLanguage":"es","potentialAction":[{"@type":"ReadAction","target":["https:\/\/forempleo.uc3m.es\/empresas2023\/es\/forempleo_2022\/"]}]},{"@type":"BreadcrumbList","@id":"https:\/\/forempleo.uc3m.es\/empresas2023\/es\/forempleo_2022\/#breadcrumb","itemListElement":[{"@type":"ListItem","position":1,"name":"Portada","item":"https:\/\/forempleo.uc3m.es\/empresas2023\/es\/"},{"@type":"ListItem","position":2,"name":"Datos 2022"}]},{"@type":"WebSite","@id":"https:\/\/forempleo.uc3m.es\/empresas2022\/es\/#website","url":"https:\/\/forempleo.uc3m.es\/empresas2022\/es\/","name":"Forempleo Empresas 2023","description":"La Feria de Empleo Universitario m\u00e1s importante de Espa\u00f1a","potentialAction":[{"@type":"SearchAction","target":{"@type":"EntryPoint","urlTemplate":"https:\/\/forempleo.uc3m.es\/empresas2022\/es\/?s={search_term_string}"},"query-input":{"@type":"PropertyValueSpecification","valueRequired":true,"valueName":"search_term_string"}}],"inLanguage":"es"}]}},"_links":{"self":[{"href":"https:\/\/forempleo.uc3m.es\/empresas2023\/wp-json\/wp\/v2\/pages\/4250","targetHints":{"allow":["GET"]}}],"collection":[{"href":"https:\/\/forempleo.uc3m.es\/empresas2023\/wp-json\/wp\/v2\/pages"}],"about":[{"href":"https:\/\/forempleo.uc3m.es\/empresas2023\/wp-json\/wp\/v2\/types\/page"}],"author":[{"embeddable":true,"href":"https:\/\/forempleo.uc3m.es\/empresas2023\/wp-json\/wp\/v2\/users\/3"}],"replies":[{"embeddable":true,"href":"https:\/\/forempleo.uc3m.es\/empresas2023\/wp-json\/wp\/v2\/comments?post=4250"}],"version-history":[{"count":45,"href":"https:\/\/forempleo.uc3m.es\/empresas2023\/wp-json\/wp\/v2\/pages\/4250\/revisions"}],"predecessor-version":[{"id":6474,"href":"https:\/\/forempleo.uc3m.es\/empresas2023\/wp-json\/wp\/v2\/pages\/4250\/revisions\/6474"}],"wp:attachment":[{"href":"https:\/\/forempleo.uc3m.es\/empresas2023\/wp-json\/wp\/v2\/media?parent=4250"}],"curies":[{"name":"wp","href":"https:\/\/api.w.org\/{rel}","templated":true}]}}