{"id":4237,"date":"2016-02-03T17:43:55","date_gmt":"2016-02-03T17:43:55","guid":{"rendered":"http:\/\/www.forempleo.com\/empresas2020beta\/?page_id=4237"},"modified":"2023-04-19T10:04:52","modified_gmt":"2023-04-19T10:04:52","slug":"por-que-participar","status":"publish","type":"page","link":"https:\/\/forempleo.uc3m.es\/empresas2023\/por-que-participar\/","title":{"rendered":"\u00bfPor qu\u00e9 participar?"},"content":{"rendered":"<section class=\"l-section wpb_row us_custom_1f5f827b height_medium with_shape\"><div class=\"l-section-shape type_tilt pos_bottom hor_flip\" style=\"height:10vh;\"><svg xmlns=\"http:\/\/www.w3.org\/2000\/svg\" viewBox=\"0 0 64 8\" preserveAspectRatio=\"none\" width=\"100%\" height=\"100%\">\r\n\t<path fill=\"currentColor\" d=\"M64 7.9 L64 10 L0 10 L0 0 Z\"\/>\r\n<\/svg><\/div><div class=\"l-section-h i-cf\"><div class=\"g-cols vc_row via_flex valign_top type_default stacking_default\"><div class=\"vc_col-sm-12 wpb_column vc_column_container\"><div class=\"vc_column-inner us_custom_a518f36e us_animate_this\"><div class=\"wpb_wrapper\"><div class=\"wpb_text_column us_custom_6df4bc3a has_text_color\"><div class=\"wpb_wrapper\"><h1 style=\"text-align: justify;\"><strong>\u00bfPor qu\u00e9 participar en Forempleo?<\/strong><\/h1>\n<\/div><\/div><\/div><\/div><\/div><\/div><\/div><\/section><section class=\"l-section wpb_row height_medium\"><div class=\"l-section-h i-cf\"><div class=\"g-cols vc_row via_flex valign_top type_default stacking_default\"><div class=\"vc_col-sm-12 wpb_column vc_column_container\"><div class=\"vc_column-inner\"><div class=\"wpb_wrapper\"><div class=\"g-cols wpb_row via_flex valign_top type_default stacking_default\"><div class=\"vc_col-sm-6 wpb_column vc_column_container\"><div class=\"vc_column-inner\"><div class=\"wpb_wrapper\"><div class=\"w-separator size_custom\" style=\"height:32px\"><\/div><div class=\"wpb_text_column\"><div class=\"wpb_wrapper\"><p style=\"text-align: left;\">La Universidad Carlos III de Madrid es un <strong>centro de referencia<\/strong> <strong>a nivel nacional e internacional<\/strong> y una de las mejores canteras de talento en \u00e1mbitos como: Ingenier\u00edas, Derecho, Empresa, Comunicaci\u00f3n, etc.<\/p>\n<p style=\"text-align: left;\">Esta <strong>feria de empleo universitaria<\/strong> recibe todos los a\u00f1os m\u00e1s de 4.000 visitantes en las diferentes actividades organizadas.<\/p>\n<p style=\"text-align: left;\">La feria y todas las actividades estar\u00e1n apoyadas por un Plan de Comunicaci\u00f3n para dotar\u00e1 de gran notoriedad al evento y\u00a0a las entidades que participan en el mismo tanto en medios como entre estudiantes universitarios.<\/p>\n<\/div><\/div><\/div><\/div><\/div><div class=\"vc_col-sm-6 wpb_column vc_column_container\"><div class=\"vc_column-inner\"><div class=\"wpb_wrapper\"><div class=\"w-image align_center\"><div class=\"w-image-h\"><img decoding=\"async\" width=\"1024\" height=\"683\" src=\"https:\/\/forempleo.uc3m.es\/empresas2023\/wp-content\/uploads\/sites\/16\/2023\/04\/TXD01949_Equipo-forempleo-1024x683.jpg\" class=\"attachment-large size-large\" alt=\"\" loading=\"lazy\" srcset=\"https:\/\/forempleo.uc3m.es\/empresas2023\/wp-content\/uploads\/sites\/16\/2023\/04\/TXD01949_Equipo-forempleo-1024x683.jpg 1024w, https:\/\/forempleo.uc3m.es\/empresas2023\/wp-content\/uploads\/sites\/16\/2023\/04\/TXD01949_Equipo-forempleo-300x200.jpg 300w, https:\/\/forempleo.uc3m.es\/empresas2023\/wp-content\/uploads\/sites\/16\/2023\/04\/TXD01949_Equipo-forempleo-600x400.jpg 600w, https:\/\/forempleo.uc3m.es\/empresas2023\/wp-content\/uploads\/sites\/16\/2023\/04\/TXD01949_Equipo-forempleo-768x512.jpg 768w\" sizes=\"auto, (max-width: 1024px) 100vw, 1024px\" \/><\/div><\/div><\/div><\/div><\/div><\/div><\/div><\/div><\/div><\/div><\/div><\/section><section class=\"l-section wpb_row us_custom_1f5f827b height_medium with_shape\"><div class=\"l-section-shape type_tilt pos_bottom\" style=\"height:7vh;\"><svg xmlns=\"http:\/\/www.w3.org\/2000\/svg\" viewBox=\"0 0 64 8\" preserveAspectRatio=\"none\" width=\"100%\" height=\"100%\">\r\n\t<path fill=\"currentColor\" d=\"M64 7.9 L64 10 L0 10 L0 0 Z\"\/>\r\n<\/svg><\/div><div class=\"l-section-h i-cf\"><div class=\"g-cols vc_row via_flex valign_top type_default stacking_default\"><div class=\"vc_col-sm-12 wpb_column vc_column_container\"><div class=\"vc_column-inner us_custom_a518f36e us_animate_this\"><div class=\"wpb_wrapper\"><div class=\"wpb_text_column us_custom_6df4bc3a has_text_color\"><div class=\"wpb_wrapper\"><h2 style=\"text-align: center;\"><strong>Forempleo en cifras<\/strong><\/h2>\n<\/div><\/div><div class=\"g-cols wpb_row us_custom_72fc42ef via_flex valign_top type_default stacking_default\"><div class=\"vc_col-sm-1\/5 wpb_column vc_column_container\"><div class=\"vc_column-inner\"><div class=\"wpb_wrapper\"><div class=\"w-iconbox iconpos_top style_default color_custom align_center no_text no_title\"><div class=\"w-iconbox-icon\" style=\"font-size:3rem;--icon-color:#ffffff;\"><i class=\"fad fa-duotone fa-users\"><\/i><\/div><div class=\"w-iconbox-meta\"><\/div><\/div><div class=\"w-counter us_custom_255ad091 has_text_color color_custom align_center has_font_size\" data-duration=\"2\"><div class=\"w-counter-value\" style=\"color:var(--color-header-middle-bg);\"><span class=\"w-counter-value-part type_text\" data-final=\"\"><\/span><span class=\"w-counter-value-part type_number\" data-final=\"4000\">1<\/span><span class=\"w-counter-value-part type_text\" data-final=\"\"><\/span><\/div><h6 class=\"w-counter-title\">visitantes<\/h6><\/div><\/div><\/div><\/div><div class=\"vc_col-sm-1\/5 wpb_column vc_column_container\"><div class=\"vc_column-inner\"><div class=\"wpb_wrapper\"><div class=\"w-iconbox iconpos_top style_default color_custom align_center no_text no_title\"><div class=\"w-iconbox-icon\" style=\"font-size:3rem;--icon-color:#ffffff;\"><i class=\"fas fa-solid fa-solar-system\"><\/i><\/div><div class=\"w-iconbox-meta\"><\/div><\/div><div class=\"w-counter us_custom_255ad091 has_text_color color_custom align_center has_font_size\" data-duration=\"2\"><div class=\"w-counter-value\" style=\"color:var(--color-header-middle-bg);\"><span class=\"w-counter-value-part type_text\" data-final=\"\"><\/span><span class=\"w-counter-value-part type_number\" data-final=\"23\">1<\/span><span class=\"w-counter-value-part type_text\" data-final=\"\"><\/span><\/div><h6 class=\"w-counter-title\">a\u00f1os (edad media)<\/h6><\/div><\/div><\/div><\/div><div class=\"vc_col-sm-1\/5 wpb_column vc_column_container\"><div class=\"vc_column-inner\"><div class=\"wpb_wrapper\"><div class=\"w-iconbox iconpos_top style_default color_custom align_center no_text no_title\"><div class=\"w-iconbox-icon\" style=\"font-size:3rem;--icon-color:#ffffff;\"><i class=\"fad fa-duotone fa-backpack\"><\/i><\/div><div class=\"w-iconbox-meta\"><\/div><\/div><div class=\"w-counter us_custom_255ad091 has_text_color color_custom align_center has_font_size\" data-duration=\"2\"><div class=\"w-counter-value\" style=\"color:var(--color-header-middle-bg);\"><span class=\"w-counter-value-part type_text\" data-final=\"\"><\/span><span class=\"w-counter-value-part type_number\" data-final=\"81\">1<\/span><span class=\"w-counter-value-part type_text\" data-final=\"%\">%<\/span><\/div><h6 class=\"w-counter-title\">estudiantes<\/h6><\/div><\/div><\/div><\/div><div class=\"vc_col-sm-1\/5 wpb_column vc_column_container\"><div class=\"vc_column-inner\"><div class=\"wpb_wrapper\"><div class=\"w-iconbox iconpos_top style_default color_custom align_center no_text no_title\"><div class=\"w-iconbox-icon\" style=\"font-size:3rem;--icon-color:#ffffff;\"><i class=\"fad fa-duotone fa-user-graduate\"><\/i><\/div><div class=\"w-iconbox-meta\"><\/div><\/div><div class=\"w-counter us_custom_255ad091 has_text_color color_custom align_center has_font_size\" data-duration=\"2\"><div class=\"w-counter-value\" style=\"color:var(--color-header-middle-bg);\"><span class=\"w-counter-value-part type_text\" data-final=\"\"><\/span><span class=\"w-counter-value-part type_number\" data-final=\"19\">1<\/span><span class=\"w-counter-value-part type_text\" data-final=\"%\">%<\/span><\/div><h6 class=\"w-counter-title\">titulados<\/h6><\/div><\/div><\/div><\/div><div class=\"vc_col-sm-1\/5 wpb_column vc_column_container\"><div class=\"vc_column-inner\"><div class=\"wpb_wrapper\"><div class=\"w-iconbox iconpos_top style_default color_custom align_center no_text no_title\"><div class=\"w-iconbox-icon\" style=\"font-size:3rem;--icon-color:#ffffff;\"><i class=\"fad fa-duotone fa-microchip\"><\/i><\/div><div class=\"w-iconbox-meta\"><\/div><\/div><div class=\"w-counter us_custom_255ad091 has_text_color color_custom align_center has_font_size\" data-duration=\"2\"><div class=\"w-counter-value\" style=\"color:var(--color-header-middle-bg);\"><span class=\"w-counter-value-part type_text\" data-final=\"\"><\/span><span class=\"w-counter-value-part type_number\" data-final=\"51\">1<\/span><span class=\"w-counter-value-part type_text\" data-final=\"%\">%<\/span><\/div><h6 class=\"w-counter-title\">han cursado o cursan estudios de Ingenier\u00eda<\/h6><\/div><\/div><\/div><\/div><\/div><div class=\"w-btn-wrapper align_center\"><a class=\"w-btn us-btn-style_3 us_custom_0f8f44b7\" title=\"Datos 2022\" href=\"https:\/\/forempleo.uc3m.es\/empresas2023\/es\/forempleo_2022\/\"><span class=\"w-btn-label\">Conocer m\u00e1s sobre Forempleo<\/span><\/a><\/div><\/div><\/div><\/div><\/div><\/div><\/section><section class=\"l-section wpb_row height_medium\"><div class=\"l-section-h i-cf\"><div class=\"g-cols vc_row via_flex valign_top type_default stacking_default\"><div class=\"vc_col-sm-12 wpb_column vc_column_container\"><div class=\"vc_column-inner\"><div class=\"wpb_wrapper\"><div class=\"wpb_text_column\"><div class=\"wpb_wrapper\"><h2 style=\"text-align: center;\">\u00bfC\u00f3mo participar?<\/h2>\n<\/div><\/div><div class=\"g-cols wpb_row via_flex valign_top type_default stacking_default\"><div class=\"vc_col-sm-4 wpb_column vc_column_container\"><div class=\"vc_column-inner us_custom_7e20fa79 us_animate_this\"><div class=\"wpb_wrapper\"><div class=\"w-iconbox iconpos_top style_default color_primary align_center icontype_img\"><div class=\"w-iconbox-icon\" style=\"font-size:350px;\"><img loading=\"lazy\" decoding=\"async\" width=\"351\" height=\"351\" src=\"https:\/\/forempleo.uc3m.es\/empresas2023\/wp-content\/uploads\/sites\/16\/2022\/04\/imagen_slider_1_350x350px.png\" class=\"attachment-full size-full\" alt=\"\" srcset=\"https:\/\/forempleo.uc3m.es\/empresas2023\/wp-content\/uploads\/sites\/16\/2022\/04\/imagen_slider_1_350x350px.png 351w, https:\/\/forempleo.uc3m.es\/empresas2023\/wp-content\/uploads\/sites\/16\/2022\/04\/imagen_slider_1_350x350px-300x300.png 300w, https:\/\/forempleo.uc3m.es\/empresas2023\/wp-content\/uploads\/sites\/16\/2022\/04\/imagen_slider_1_350x350px-150x150.png 150w\" sizes=\"auto, (max-width: 351px) 100vw, 351px\" \/><\/div><div class=\"w-iconbox-meta\"><h4 class=\"w-iconbox-title\">C\u00f3mo expositor<\/h4><div class=\"w-iconbox-text\"><p>Las empresas participantes tendr\u00e1n un stand para darse a conocer entre los estudiantes y antiguos alumnos que visiten la feria.<\/p>\n<\/div><\/div><\/div><div class=\"w-btn-wrapper align_center\"><a class=\"w-btn us-btn-style_1 us_custom_d2199d32\" rel=\"nofollow\" href=\"https:\/\/forempleo.uc3m.es\/empresas2023\/es\/como-expositor\/\"><span class=\"w-btn-label\">SABER +<\/span><\/a><\/div><\/div><\/div><\/div><div class=\"vc_col-sm-4 wpb_column vc_column_container\"><div class=\"vc_column-inner us_custom_60e9caca us_animate_this\"><div class=\"wpb_wrapper\"><div class=\"w-iconbox iconpos_top style_default color_primary align_center icontype_img\"><div class=\"w-iconbox-icon\" style=\"font-size:350px;\"><img loading=\"lazy\" decoding=\"async\" width=\"350\" height=\"350\" src=\"https:\/\/forempleo.uc3m.es\/empresas2023\/wp-content\/uploads\/sites\/16\/2022\/03\/datos-forempleo.png\" class=\"attachment-full size-full\" alt=\"\" srcset=\"https:\/\/forempleo.uc3m.es\/empresas2023\/wp-content\/uploads\/sites\/16\/2022\/03\/datos-forempleo.png 350w, https:\/\/forempleo.uc3m.es\/empresas2023\/wp-content\/uploads\/sites\/16\/2022\/03\/datos-forempleo-300x300.png 300w, https:\/\/forempleo.uc3m.es\/empresas2023\/wp-content\/uploads\/sites\/16\/2022\/03\/datos-forempleo-150x150.png 150w\" sizes=\"auto, (max-width: 350px) 100vw, 350px\" \/><\/div><div class=\"w-iconbox-meta\"><h4 class=\"w-iconbox-title\">Pruebas de selecci\u00f3n<\/h4><div class=\"w-iconbox-text\"><p>Realice pruebas de selecci\u00f3n durante la feria. Contacte con candidatos y conozca de primera mano las habilidades de los universitarios.<\/p>\n<\/div><\/div><\/div><div class=\"w-btn-wrapper align_center\"><a class=\"w-btn us-btn-style_1 us_custom_d2199d32\" rel=\"nofollow\" href=\"https:\/\/forempleo.uc3m.es\/empresas2023\/es\/otras-modalidades\/\"><span class=\"w-btn-label\">SABER +<\/span><\/a><\/div><\/div><\/div><\/div><div class=\"vc_col-sm-4 wpb_column vc_column_container\"><div class=\"vc_column-inner us_custom_47474b22 us_animate_this\"><div class=\"wpb_wrapper\"><div class=\"w-iconbox iconpos_top style_default color_primary align_center icontype_img\"><div class=\"w-iconbox-icon\" style=\"font-size:350px;\"><img loading=\"lazy\" decoding=\"async\" width=\"350\" height=\"350\" src=\"https:\/\/forempleo.uc3m.es\/empresas2023\/wp-content\/uploads\/sites\/16\/2022\/03\/como-expositor.png\" class=\"attachment-full size-full\" alt=\"\" srcset=\"https:\/\/forempleo.uc3m.es\/empresas2023\/wp-content\/uploads\/sites\/16\/2022\/03\/como-expositor.png 350w, https:\/\/forempleo.uc3m.es\/empresas2023\/wp-content\/uploads\/sites\/16\/2022\/03\/como-expositor-300x300.png 300w, https:\/\/forempleo.uc3m.es\/empresas2023\/wp-content\/uploads\/sites\/16\/2022\/03\/como-expositor-150x150.png 150w\" sizes=\"auto, (max-width: 350px) 100vw, 350px\" \/><\/div><div class=\"w-iconbox-meta\"><h4 class=\"w-iconbox-title\">Encuentros con empresas<\/h4><div class=\"w-iconbox-text\"><p>Espacio y auditorio para mantener un contacto m\u00e1s directo con potenciales candidatos previamente seleccionados.<\/p>\n<\/div><\/div><\/div><div class=\"w-btn-wrapper align_center\"><a class=\"w-btn us-btn-style_1 us_custom_d2199d32\" rel=\"nofollow\" href=\"https:\/\/forempleo.uc3m.es\/empresas2023\/es\/otras-modalidades\/\"><span class=\"w-btn-label\">SABER +<\/span><\/a><\/div><\/div><\/div><\/div><\/div><\/div><\/div><\/div><\/div><\/div><\/section>\n","protected":false},"excerpt":{"rendered":"\u00bfPor qu\u00e9 participar en Forempleo? La Universidad Carlos III de Madrid es un centro de referencia a nivel nacional e internacional y una de las mejores canteras de talento en \u00e1mbitos como: Ingenier\u00edas, Derecho, Empresa, Comunicaci\u00f3n, etc. Esta feria de empleo universitaria recibe todos los a\u00f1os m\u00e1s de 4.000 visitantes en las diferentes actividades organizadas....","protected":false},"author":3,"featured_media":0,"parent":0,"menu_order":0,"comment_status":"closed","ping_status":"closed","template":"","meta":{"footnotes":""},"class_list":["post-4237","page","type-page","status-publish","hentry"],"yoast_head":"<!-- This site is optimized with the Yoast SEO plugin v27.3 - https:\/\/yoast.com\/product\/yoast-seo-wordpress\/ -->\n<title>Forempleo 2022 | \u00bfPor qu\u00e9 participar?<\/title>\n<meta name=\"description\" content=\"La UC3M es una de las mejores canteras de talento en diferentes \u00e1mbitos. M\u00e1s de 9.000 estudiantes te esperan.\" \/>\n<meta name=\"robots\" content=\"index, follow, max-snippet:-1, max-image-preview:large, max-video-preview:-1\" \/>\n<link rel=\"canonical\" href=\"https:\/\/forempleo.uc3m.es\/empresas2023\/es\/por-que-participar\/\" \/>\n<meta property=\"og:locale\" content=\"es_ES\" \/>\n<meta property=\"og:type\" content=\"article\" \/>\n<meta property=\"og:title\" content=\"Forempleo 2022 | \u00bfPor qu\u00e9 participar?\" \/>\n<meta property=\"og:description\" content=\"La UC3M es una de las mejores canteras de talento en diferentes \u00e1mbitos. M\u00e1s de 9.000 estudiantes te esperan.\" \/>\n<meta property=\"og:url\" content=\"https:\/\/forempleo.uc3m.es\/empresas2023\/es\/por-que-participar\/\" \/>\n<meta property=\"og:site_name\" content=\"Forempleo Empresas 2023\" \/>\n<meta property=\"article:modified_time\" content=\"2023-04-19T10:04:52+00:00\" \/>\n<meta property=\"og:image\" content=\"https:\/\/forempleo.uc3m.es\/empresas2023\/wp-content\/uploads\/sites\/16\/2022\/03\/Composiciones_3.jpg\" \/>\n\t<meta property=\"og:image:width\" content=\"1863\" \/>\n\t<meta property=\"og:image:height\" content=\"1725\" \/>\n\t<meta property=\"og:image:type\" content=\"image\/jpeg\" \/>\n<meta name=\"twitter:card\" content=\"summary_large_image\" \/>\n<meta name=\"twitter:title\" content=\"Forempleo 2022 | \u00bfPor qu\u00e9 participar?\" \/>\n<meta name=\"twitter:description\" content=\"La UC3M es una de las mejores canteras de talento en diferentes \u00e1mbitos. M\u00e1s de 9.000 estudiantes te esperan.\" \/>\n<meta name=\"twitter:image\" content=\"https:\/\/forempleo.uc3m.es\/empresas2023\/wp-content\/uploads\/sites\/16\/2022\/03\/Composiciones_3.jpg\" \/>\n<meta name=\"twitter:label1\" content=\"Tiempo de lectura\" \/>\n\t<meta name=\"twitter:data1\" content=\"2 minutos\" \/>\n<script type=\"application\/ld+json\" class=\"yoast-schema-graph\">{\"@context\":\"https:\\\/\\\/schema.org\",\"@graph\":[{\"@type\":\"WebPage\",\"@id\":\"https:\\\/\\\/forempleo.uc3m.es\\\/empresas2023\\\/es\\\/por-que-participar\\\/\",\"url\":\"https:\\\/\\\/forempleo.uc3m.es\\\/empresas2023\\\/es\\\/por-que-participar\\\/\",\"name\":\"Forempleo 2022 | \u00bfPor qu\u00e9 participar?\",\"isPartOf\":{\"@id\":\"https:\\\/\\\/forempleo.uc3m.es\\\/empresas2022\\\/es\\\/#website\"},\"datePublished\":\"2016-02-03T17:43:55+00:00\",\"dateModified\":\"2023-04-19T10:04:52+00:00\",\"description\":\"La UC3M es una de las mejores canteras de talento en diferentes \u00e1mbitos. M\u00e1s de 9.000 estudiantes te esperan.\",\"breadcrumb\":{\"@id\":\"https:\\\/\\\/forempleo.uc3m.es\\\/empresas2023\\\/es\\\/por-que-participar\\\/#breadcrumb\"},\"inLanguage\":\"es\",\"potentialAction\":[{\"@type\":\"ReadAction\",\"target\":[\"https:\\\/\\\/forempleo.uc3m.es\\\/empresas2023\\\/es\\\/por-que-participar\\\/\"]}]},{\"@type\":\"BreadcrumbList\",\"@id\":\"https:\\\/\\\/forempleo.uc3m.es\\\/empresas2023\\\/es\\\/por-que-participar\\\/#breadcrumb\",\"itemListElement\":[{\"@type\":\"ListItem\",\"position\":1,\"name\":\"Portada\",\"item\":\"https:\\\/\\\/forempleo.uc3m.es\\\/empresas2023\\\/es\\\/\"},{\"@type\":\"ListItem\",\"position\":2,\"name\":\"\u00bfPor qu\u00e9 participar?\"}]},{\"@type\":\"WebSite\",\"@id\":\"https:\\\/\\\/forempleo.uc3m.es\\\/empresas2022\\\/es\\\/#website\",\"url\":\"https:\\\/\\\/forempleo.uc3m.es\\\/empresas2022\\\/es\\\/\",\"name\":\"Forempleo Empresas 2023\",\"description\":\"La Feria de Empleo Universitario m\u00e1s importante de Espa\u00f1a\",\"potentialAction\":[{\"@type\":\"SearchAction\",\"target\":{\"@type\":\"EntryPoint\",\"urlTemplate\":\"https:\\\/\\\/forempleo.uc3m.es\\\/empresas2022\\\/es\\\/?s={search_term_string}\"},\"query-input\":{\"@type\":\"PropertyValueSpecification\",\"valueRequired\":true,\"valueName\":\"search_term_string\"}}],\"inLanguage\":\"es\"}]}<\/script>\n<!-- \/ Yoast SEO plugin. -->","yoast_head_json":{"title":"Forempleo 2022 | \u00bfPor qu\u00e9 participar?","description":"La UC3M es una de las mejores canteras de talento en diferentes \u00e1mbitos. M\u00e1s de 9.000 estudiantes te esperan.","robots":{"index":"index","follow":"follow","max-snippet":"max-snippet:-1","max-image-preview":"max-image-preview:large","max-video-preview":"max-video-preview:-1"},"canonical":"https:\/\/forempleo.uc3m.es\/empresas2023\/es\/por-que-participar\/","og_locale":"es_ES","og_type":"article","og_title":"Forempleo 2022 | \u00bfPor qu\u00e9 participar?","og_description":"La UC3M es una de las mejores canteras de talento en diferentes \u00e1mbitos. M\u00e1s de 9.000 estudiantes te esperan.","og_url":"https:\/\/forempleo.uc3m.es\/empresas2023\/es\/por-que-participar\/","og_site_name":"Forempleo Empresas 2023","article_modified_time":"2023-04-19T10:04:52+00:00","og_image":[{"width":1863,"height":1725,"url":"https:\/\/forempleo.uc3m.es\/empresas2023\/wp-content\/uploads\/sites\/16\/2022\/03\/Composiciones_3.jpg","type":"image\/jpeg"}],"twitter_card":"summary_large_image","twitter_title":"Forempleo 2022 | \u00bfPor qu\u00e9 participar?","twitter_description":"La UC3M es una de las mejores canteras de talento en diferentes \u00e1mbitos. M\u00e1s de 9.000 estudiantes te esperan.","twitter_image":"https:\/\/forempleo.uc3m.es\/empresas2023\/wp-content\/uploads\/sites\/16\/2022\/03\/Composiciones_3.jpg","twitter_misc":{"Tiempo de lectura":"2 minutos"},"schema":{"@context":"https:\/\/schema.org","@graph":[{"@type":"WebPage","@id":"https:\/\/forempleo.uc3m.es\/empresas2023\/es\/por-que-participar\/","url":"https:\/\/forempleo.uc3m.es\/empresas2023\/es\/por-que-participar\/","name":"Forempleo 2022 | \u00bfPor qu\u00e9 participar?","isPartOf":{"@id":"https:\/\/forempleo.uc3m.es\/empresas2022\/es\/#website"},"datePublished":"2016-02-03T17:43:55+00:00","dateModified":"2023-04-19T10:04:52+00:00","description":"La UC3M es una de las mejores canteras de talento en diferentes \u00e1mbitos. M\u00e1s de 9.000 estudiantes te esperan.","breadcrumb":{"@id":"https:\/\/forempleo.uc3m.es\/empresas2023\/es\/por-que-participar\/#breadcrumb"},"inLanguage":"es","potentialAction":[{"@type":"ReadAction","target":["https:\/\/forempleo.uc3m.es\/empresas2023\/es\/por-que-participar\/"]}]},{"@type":"BreadcrumbList","@id":"https:\/\/forempleo.uc3m.es\/empresas2023\/es\/por-que-participar\/#breadcrumb","itemListElement":[{"@type":"ListItem","position":1,"name":"Portada","item":"https:\/\/forempleo.uc3m.es\/empresas2023\/es\/"},{"@type":"ListItem","position":2,"name":"\u00bfPor qu\u00e9 participar?"}]},{"@type":"WebSite","@id":"https:\/\/forempleo.uc3m.es\/empresas2022\/es\/#website","url":"https:\/\/forempleo.uc3m.es\/empresas2022\/es\/","name":"Forempleo Empresas 2023","description":"La Feria de Empleo Universitario m\u00e1s importante de Espa\u00f1a","potentialAction":[{"@type":"SearchAction","target":{"@type":"EntryPoint","urlTemplate":"https:\/\/forempleo.uc3m.es\/empresas2022\/es\/?s={search_term_string}"},"query-input":{"@type":"PropertyValueSpecification","valueRequired":true,"valueName":"search_term_string"}}],"inLanguage":"es"}]}},"_links":{"self":[{"href":"https:\/\/forempleo.uc3m.es\/empresas2023\/wp-json\/wp\/v2\/pages\/4237","targetHints":{"allow":["GET"]}}],"collection":[{"href":"https:\/\/forempleo.uc3m.es\/empresas2023\/wp-json\/wp\/v2\/pages"}],"about":[{"href":"https:\/\/forempleo.uc3m.es\/empresas2023\/wp-json\/wp\/v2\/types\/page"}],"author":[{"embeddable":true,"href":"https:\/\/forempleo.uc3m.es\/empresas2023\/wp-json\/wp\/v2\/users\/3"}],"replies":[{"embeddable":true,"href":"https:\/\/forempleo.uc3m.es\/empresas2023\/wp-json\/wp\/v2\/comments?post=4237"}],"version-history":[{"count":72,"href":"https:\/\/forempleo.uc3m.es\/empresas2023\/wp-json\/wp\/v2\/pages\/4237\/revisions"}],"predecessor-version":[{"id":6479,"href":"https:\/\/forempleo.uc3m.es\/empresas2023\/wp-json\/wp\/v2\/pages\/4237\/revisions\/6479"}],"wp:attachment":[{"href":"https:\/\/forempleo.uc3m.es\/empresas2023\/wp-json\/wp\/v2\/media?parent=4237"}],"curies":[{"name":"wp","href":"https:\/\/api.w.org\/{rel}","templated":true}]}}