{"id":4184,"date":"2016-02-02T16:46:58","date_gmt":"2016-02-02T16:46:58","guid":{"rendered":"http:\/\/www.forempleo.com\/empresas2020beta\/?page_id=4184"},"modified":"2023-04-13T16:48:21","modified_gmt":"2023-04-13T16:48:21","slug":"otras-modalidades","status":"publish","type":"page","link":"https:\/\/forempleo.uc3m.es\/empresas2023\/otras-modalidades\/","title":{"rendered":"Actividades complementarias"},"content":{"rendered":"<section class=\"l-section wpb_row us_custom_1f5f827b height_medium with_shape\"><div class=\"l-section-shape type_tilt pos_bottom hor_flip\" style=\"height:10vh;\"><svg xmlns=\"http:\/\/www.w3.org\/2000\/svg\" viewBox=\"0 0 64 8\" preserveAspectRatio=\"none\" width=\"100%\" height=\"100%\">\r\n\t<path fill=\"currentColor\" d=\"M64 7.9 L64 10 L0 10 L0 0 Z\"\/>\r\n<\/svg><\/div><div class=\"l-section-h i-cf\"><div class=\"g-cols vc_row via_flex valign_top type_default stacking_default\"><div class=\"vc_col-sm-12 wpb_column vc_column_container\"><div class=\"vc_column-inner us_custom_a518f36e us_animate_this\"><div class=\"wpb_wrapper\"><div class=\"wpb_text_column us_custom_6df4bc3a has_text_color\"><div class=\"wpb_wrapper\"><h1 style=\"text-align: justify;\"><strong>Otras modalidades<\/strong><\/h1>\n<\/div><\/div><\/div><\/div><\/div><\/div><\/div><\/section><section class=\"l-section wpb_row height_medium with_shape\"><div class=\"l-section-shape type_tilt pos_bottom hor_flip\" style=\"height:5vh;color:var(--color-header-middle-text-hover)\"><svg xmlns=\"http:\/\/www.w3.org\/2000\/svg\" viewBox=\"0 0 64 8\" preserveAspectRatio=\"none\" width=\"100%\" height=\"100%\">\r\n\t<path fill=\"currentColor\" d=\"M64 7.9 L64 10 L0 10 L0 0 Z\"\/>\r\n<\/svg><\/div><div class=\"l-section-h i-cf\"><div class=\"g-cols vc_row via_flex valign_top type_default stacking_default\"><div class=\"vc_col-sm-6 wpb_column vc_column_container\"><div class=\"vc_column-inner us_custom_a518f36e us_animate_this\"><div class=\"wpb_wrapper\"><div class=\"wpb_text_column\"><div class=\"wpb_wrapper\"><h2 style=\"text-align: justify;\">Encuentros con Empresas<\/h2>\n<\/div><\/div><div class=\"wpb_text_column\"><div class=\"wpb_wrapper\"><p>Espacio para mantener un contacto directo con potenciales candidatos previamente seleccionados, donde\u00a0 la entidad podr\u00e1 llevar a cabo la iniciativa que considere de inter\u00e9s (presentaci\u00f3n, demostraciones de casos, proyectos o nuevas tecnolog\u00edas\u2026)<\/p>\n<p>Ser\u00e1 necesario especificar el perfil solicitado antes del 2 de junio de 2023 para su difusi\u00f3n y recogida de cv&#8217;s por parte de la organizaci\u00f3n. La empresa realizar\u00e1 la selecci\u00f3n y cita autom\u00e1tica de los candidatos a trav\u00e9s de la plataforma.<\/p>\n<p>Coste 375\u20ac<\/p>\n<\/div><\/div><div class=\"w-btn-wrapper align_none\"><a class=\"w-btn us-btn-style_4 icon_atleft\" title=\"Contrato forempleo\" target=\"_blank\" rel=\"nofollow\" href=\"https:\/\/forempleo.uc3m.es\/empresas2023\/wp-content\/uploads\/sites\/16\/2023\/04\/Contrato-Forempleo.pdf\"><i class=\"fad fa-duotone fa-download\"><\/i><span class=\"w-btn-label\">Descargar contrato (PDF)<\/span><\/a><\/div><\/div><\/div><\/div><div class=\"vc_col-sm-6 wpb_column vc_column_container has_bg_color\"><div class=\"vc_column-inner us_custom_80a8a21f\"><div class=\"wpb_wrapper\"><\/div><\/div><\/div><\/div><\/div><\/section><section class=\"l-section wpb_row us_custom_1f5f827b height_medium with_shape\"><div class=\"l-section-shape type_tilt pos_bottom\" style=\"height:3vh;\"><svg xmlns=\"http:\/\/www.w3.org\/2000\/svg\" viewBox=\"0 0 64 8\" preserveAspectRatio=\"none\" width=\"100%\" height=\"100%\">\r\n\t<path fill=\"currentColor\" d=\"M64 7.9 L64 10 L0 10 L0 0 Z\"\/>\r\n<\/svg><\/div><div class=\"l-section-h i-cf\"><div class=\"g-cols vc_row via_flex valign_top type_default stacking_default\"><div class=\"vc_col-sm-6 wpb_column vc_column_container\"><div class=\"vc_column-inner us_custom_a518f36e us_animate_this\"><div class=\"wpb_wrapper\"><div class=\"wpb_text_column us_custom_6df4bc3a has_text_color\"><div class=\"wpb_wrapper\"><h2><strong>Pruebas de Selecci\u00f3n in Campus<\/strong><\/h2>\n<\/div><\/div><div class=\"wpb_text_column us_custom_8b3d6790 has_text_color\"><div class=\"wpb_wrapper\"><p>Se reservar\u00e1n espacios para la realizaci\u00f3n de Pruebas, Entrevistas Personales, Din\u00e1micas de Grupo\u2026<u><\/u><u><\/u><\/p>\n<p>Igual que en los Encuentros con Empresas, podr\u00e1 definirse unos criterios para la difusi\u00f3n y preselecci\u00f3n de los candidatos.<u><\/u><u><\/u><\/p>\n<p>Coste 375\u20ac<\/p>\n<\/div><\/div><div class=\"w-btn-wrapper align_none\"><a class=\"w-btn us-btn-style_3 icon_atleft\" title=\"Contrato forempleo\" target=\"_blank\" rel=\"nofollow\" href=\"https:\/\/forempleo.uc3m.es\/empresas2023\/wp-content\/uploads\/sites\/16\/2023\/04\/Contrato-Forempleo.pdf\"><i class=\"fad fa-duotone fa-download\"><\/i><span class=\"w-btn-label\">Descargar contrato (PDF)<\/span><\/a><\/div><\/div><\/div><\/div><div class=\"vc_col-sm-6 wpb_column vc_column_container\"><div class=\"vc_column-inner\"><div class=\"wpb_wrapper\"><div class=\"w-image align_center\"><div class=\"w-image-h\"><img decoding=\"async\" width=\"1024\" height=\"669\" src=\"https:\/\/forempleo.uc3m.es\/empresas2023\/wp-content\/uploads\/sites\/16\/2019\/01\/Forempleo2018-934-1024x669.jpg\" class=\"attachment-large size-large\" alt=\"\" loading=\"lazy\" srcset=\"https:\/\/forempleo.uc3m.es\/empresas2023\/wp-content\/uploads\/sites\/16\/2019\/01\/Forempleo2018-934-1024x669.jpg 1024w, https:\/\/forempleo.uc3m.es\/empresas2023\/wp-content\/uploads\/sites\/16\/2019\/01\/Forempleo2018-934-300x196.jpg 300w, https:\/\/forempleo.uc3m.es\/empresas2023\/wp-content\/uploads\/sites\/16\/2019\/01\/Forempleo2018-934-600x392.jpg 600w, https:\/\/forempleo.uc3m.es\/empresas2023\/wp-content\/uploads\/sites\/16\/2019\/01\/Forempleo2018-934-768x502.jpg 768w, https:\/\/forempleo.uc3m.es\/empresas2023\/wp-content\/uploads\/sites\/16\/2019\/01\/Forempleo2018-934.jpg 1230w\" sizes=\"auto, (max-width: 1024px) 100vw, 1024px\" \/><\/div><\/div><\/div><\/div><\/div><\/div><\/div><\/section><section class=\"l-section wpb_row height_medium\"><div class=\"l-section-h i-cf\"><div class=\"g-cols vc_row via_flex valign_top type_default stacking_default\"><div class=\"vc_col-sm-6 wpb_column vc_column_container\"><div class=\"vc_column-inner us_custom_a518f36e us_animate_this\"><div class=\"wpb_wrapper\"><div class=\"wpb_text_column\"><div class=\"wpb_wrapper\"><h2 style=\"text-align: justify;\">Publicidad en el Cat\u00e1logo<\/h2>\n<\/div><\/div><div class=\"wpb_text_column\"><div class=\"wpb_wrapper\"><p>Inserci\u00f3n de publicidad en el Cat\u00e1logo Oficial Digital, que se difundir\u00e1 en la web y en todo el \u00e1mbito de la UC3M.<br \/>\nDise\u00f1o libre para la empresa anunciada (Documento en JPG o EPS, a 300 ppp de resoluci\u00f3n y con 5 mm. de sangre).<br \/>\nDimensiones de la publicaci\u00f3n DIN A5 (148\u00d7210 mm.).<br \/>\nFecha l\u00edmite de reserva de espacios: 2 de junio de 2023.<\/p>\n<p>Coste 500\u20ac<\/p>\n<p>*La participaci\u00f3n en Forempleo 2023 implica la contrataci\u00f3n de la actividad principal -stand-, que podr\u00e1 ampliarse con la contrataci\u00f3n de uno o varios de estos servicios, a excepci\u00f3n de los espacios publicitarios en el Cat\u00e1logo Oficial Digital que podr\u00e1n ser contratados sin participar en la feria.<\/p>\n<\/div><\/div><div class=\"w-btn-wrapper align_none\"><a class=\"w-btn us-btn-style_4 icon_atleft\" title=\"Contrato forempleo\" target=\"_blank\" rel=\"nofollow\" href=\"https:\/\/forempleo.uc3m.es\/empresas2023\/wp-content\/uploads\/sites\/16\/2023\/04\/Contrato-Forempleo.pdf\"><i class=\"fad fa-duotone fa-download\"><\/i><span class=\"w-btn-label\">Descargar contrato (PDF)<\/span><\/a><\/div><\/div><\/div><\/div><div class=\"vc_col-sm-6 wpb_column vc_column_container\"><div class=\"vc_column-inner\"><div class=\"wpb_wrapper\"><div class=\"w-image align_center\"><div class=\"w-image-h\"><img decoding=\"async\" width=\"300\" height=\"300\" src=\"https:\/\/forempleo.uc3m.es\/empresas2023\/wp-content\/uploads\/sites\/16\/2023\/03\/Mockup_catalogo_forempleo_300x300_op2.jpg\" class=\"attachment-large size-large\" alt=\"\" loading=\"lazy\" srcset=\"https:\/\/forempleo.uc3m.es\/empresas2023\/wp-content\/uploads\/sites\/16\/2023\/03\/Mockup_catalogo_forempleo_300x300_op2.jpg 300w, https:\/\/forempleo.uc3m.es\/empresas2023\/wp-content\/uploads\/sites\/16\/2023\/03\/Mockup_catalogo_forempleo_300x300_op2-150x150.jpg 150w\" sizes=\"auto, (max-width: 300px) 100vw, 300px\" \/><\/div><\/div><\/div><\/div><\/div><\/div><\/div><\/section><section class=\"l-section wpb_row height_medium\"><div class=\"l-section-h i-cf\"><div class=\"g-cols vc_row via_flex valign_top type_default stacking_default\"><div class=\"vc_col-sm-12 wpb_column vc_column_container\"><div class=\"vc_column-inner\"><div class=\"wpb_wrapper\"><div class=\"wpb_text_column\"><div class=\"wpb_wrapper\"><p>*La participaci\u00f3n de una empresa o instituci\u00f3n en Forempleo 2023 implica la contrataci\u00f3n de la actividad principal como expositor, independientemente de la contrataci\u00f3n de otros servicios o actividades complementarias, a excepci\u00f3n de la contrataci\u00f3n de espacios publicitarios en el Cat\u00e1logo Oficial.<\/p>\n<\/div><\/div><\/div><\/div><\/div><\/div><\/div><\/section>\n","protected":false},"excerpt":{"rendered":"Otras modalidades Encuentros con Empresas Espacio para mantener un contacto directo con potenciales candidatos previamente seleccionados, donde\u00a0 la entidad podr\u00e1 llevar a cabo la iniciativa que considere de inter\u00e9s (presentaci\u00f3n, demostraciones de casos, proyectos o nuevas tecnolog\u00edas\u2026) Ser\u00e1 necesario especificar el perfil solicitado antes del 2 de junio de 2023 para su difusi\u00f3n y recogida...","protected":false},"author":3,"featured_media":0,"parent":0,"menu_order":0,"comment_status":"closed","ping_status":"closed","template":"","meta":{"footnotes":""},"class_list":["post-4184","page","type-page","status-publish","hentry"],"yoast_head":"<!-- This site is optimized with the Yoast SEO plugin v27.3 - https:\/\/yoast.com\/product\/yoast-seo-wordpress\/ -->\n<title>Forempleo 2022 | Otras modalidades de participaci\u00f3n<\/title>\n<meta name=\"description\" content=\"Descubre las diferentes actividades que tu empresa puede organizar durante los d\u00edas 5 y 6 de octubre en Forempleo 2022\" \/>\n<meta name=\"robots\" content=\"index, follow, max-snippet:-1, max-image-preview:large, max-video-preview:-1\" \/>\n<link rel=\"canonical\" href=\"https:\/\/forempleo.uc3m.es\/empresas2023\/es\/otras-modalidades\/\" \/>\n<meta property=\"og:locale\" content=\"es_ES\" \/>\n<meta property=\"og:type\" content=\"article\" \/>\n<meta property=\"og:title\" content=\"Forempleo 2022 | Otras modalidades de participaci\u00f3n\" \/>\n<meta property=\"og:description\" content=\"Descubre las diferentes actividades que tu empresa puede organizar durante los d\u00edas 5 y 6 de octubre en Forempleo 2022\" \/>\n<meta property=\"og:url\" content=\"https:\/\/forempleo.uc3m.es\/empresas2023\/es\/otras-modalidades\/\" \/>\n<meta property=\"og:site_name\" content=\"Forempleo Empresas 2023\" \/>\n<meta property=\"article:modified_time\" content=\"2023-04-13T16:48:21+00:00\" \/>\n<meta property=\"og:image\" content=\"https:\/\/forempleo.uc3m.es\/empresas2023\/wp-content\/uploads\/sites\/16\/2022\/03\/actividades.png\" \/>\n\t<meta property=\"og:image:width\" content=\"350\" \/>\n\t<meta property=\"og:image:height\" content=\"350\" \/>\n\t<meta property=\"og:image:type\" content=\"image\/png\" \/>\n<meta name=\"twitter:card\" content=\"summary_large_image\" \/>\n<meta name=\"twitter:title\" content=\"Forempleo 2022 | Otras modalidades de participaci\u00f3n\" \/>\n<meta name=\"twitter:description\" content=\"Descubre las diferentes actividades que tu empresa puede organizar durante los d\u00edas 5 y 6 de octubre en Forempleo 2022\" \/>\n<meta name=\"twitter:image\" content=\"https:\/\/forempleo.uc3m.es\/empresas2023\/wp-content\/uploads\/sites\/16\/2022\/03\/actividades.png\" \/>\n<meta name=\"twitter:label1\" content=\"Tiempo de lectura\" \/>\n\t<meta name=\"twitter:data1\" content=\"3 minutos\" \/>\n<script type=\"application\/ld+json\" class=\"yoast-schema-graph\">{\"@context\":\"https:\\\/\\\/schema.org\",\"@graph\":[{\"@type\":\"WebPage\",\"@id\":\"https:\\\/\\\/forempleo.uc3m.es\\\/empresas2023\\\/es\\\/otras-modalidades\\\/\",\"url\":\"https:\\\/\\\/forempleo.uc3m.es\\\/empresas2023\\\/es\\\/otras-modalidades\\\/\",\"name\":\"Forempleo 2022 | Otras modalidades de participaci\u00f3n\",\"isPartOf\":{\"@id\":\"https:\\\/\\\/forempleo.uc3m.es\\\/empresas2022\\\/es\\\/#website\"},\"datePublished\":\"2016-02-02T16:46:58+00:00\",\"dateModified\":\"2023-04-13T16:48:21+00:00\",\"description\":\"Descubre las diferentes actividades que tu empresa puede organizar durante los d\u00edas 5 y 6 de octubre en Forempleo 2022\",\"breadcrumb\":{\"@id\":\"https:\\\/\\\/forempleo.uc3m.es\\\/empresas2023\\\/es\\\/otras-modalidades\\\/#breadcrumb\"},\"inLanguage\":\"es\",\"potentialAction\":[{\"@type\":\"ReadAction\",\"target\":[\"https:\\\/\\\/forempleo.uc3m.es\\\/empresas2023\\\/es\\\/otras-modalidades\\\/\"]}]},{\"@type\":\"BreadcrumbList\",\"@id\":\"https:\\\/\\\/forempleo.uc3m.es\\\/empresas2023\\\/es\\\/otras-modalidades\\\/#breadcrumb\",\"itemListElement\":[{\"@type\":\"ListItem\",\"position\":1,\"name\":\"Portada\",\"item\":\"https:\\\/\\\/forempleo.uc3m.es\\\/empresas2023\\\/es\\\/\"},{\"@type\":\"ListItem\",\"position\":2,\"name\":\"Actividades complementarias\"}]},{\"@type\":\"WebSite\",\"@id\":\"https:\\\/\\\/forempleo.uc3m.es\\\/empresas2022\\\/es\\\/#website\",\"url\":\"https:\\\/\\\/forempleo.uc3m.es\\\/empresas2022\\\/es\\\/\",\"name\":\"Forempleo Empresas 2023\",\"description\":\"La Feria de Empleo Universitario m\u00e1s importante de Espa\u00f1a\",\"potentialAction\":[{\"@type\":\"SearchAction\",\"target\":{\"@type\":\"EntryPoint\",\"urlTemplate\":\"https:\\\/\\\/forempleo.uc3m.es\\\/empresas2022\\\/es\\\/?s={search_term_string}\"},\"query-input\":{\"@type\":\"PropertyValueSpecification\",\"valueRequired\":true,\"valueName\":\"search_term_string\"}}],\"inLanguage\":\"es\"}]}<\/script>\n<!-- \/ Yoast SEO plugin. -->","yoast_head_json":{"title":"Forempleo 2022 | Otras modalidades de participaci\u00f3n","description":"Descubre las diferentes actividades que tu empresa puede organizar durante los d\u00edas 5 y 6 de octubre en Forempleo 2022","robots":{"index":"index","follow":"follow","max-snippet":"max-snippet:-1","max-image-preview":"max-image-preview:large","max-video-preview":"max-video-preview:-1"},"canonical":"https:\/\/forempleo.uc3m.es\/empresas2023\/es\/otras-modalidades\/","og_locale":"es_ES","og_type":"article","og_title":"Forempleo 2022 | Otras modalidades de participaci\u00f3n","og_description":"Descubre las diferentes actividades que tu empresa puede organizar durante los d\u00edas 5 y 6 de octubre en Forempleo 2022","og_url":"https:\/\/forempleo.uc3m.es\/empresas2023\/es\/otras-modalidades\/","og_site_name":"Forempleo Empresas 2023","article_modified_time":"2023-04-13T16:48:21+00:00","og_image":[{"width":350,"height":350,"url":"https:\/\/forempleo.uc3m.es\/empresas2023\/wp-content\/uploads\/sites\/16\/2022\/03\/actividades.png","type":"image\/png"}],"twitter_card":"summary_large_image","twitter_title":"Forempleo 2022 | Otras modalidades de participaci\u00f3n","twitter_description":"Descubre las diferentes actividades que tu empresa puede organizar durante los d\u00edas 5 y 6 de octubre en Forempleo 2022","twitter_image":"https:\/\/forempleo.uc3m.es\/empresas2023\/wp-content\/uploads\/sites\/16\/2022\/03\/actividades.png","twitter_misc":{"Tiempo de lectura":"3 minutos"},"schema":{"@context":"https:\/\/schema.org","@graph":[{"@type":"WebPage","@id":"https:\/\/forempleo.uc3m.es\/empresas2023\/es\/otras-modalidades\/","url":"https:\/\/forempleo.uc3m.es\/empresas2023\/es\/otras-modalidades\/","name":"Forempleo 2022 | Otras modalidades de participaci\u00f3n","isPartOf":{"@id":"https:\/\/forempleo.uc3m.es\/empresas2022\/es\/#website"},"datePublished":"2016-02-02T16:46:58+00:00","dateModified":"2023-04-13T16:48:21+00:00","description":"Descubre las diferentes actividades que tu empresa puede organizar durante los d\u00edas 5 y 6 de octubre en Forempleo 2022","breadcrumb":{"@id":"https:\/\/forempleo.uc3m.es\/empresas2023\/es\/otras-modalidades\/#breadcrumb"},"inLanguage":"es","potentialAction":[{"@type":"ReadAction","target":["https:\/\/forempleo.uc3m.es\/empresas2023\/es\/otras-modalidades\/"]}]},{"@type":"BreadcrumbList","@id":"https:\/\/forempleo.uc3m.es\/empresas2023\/es\/otras-modalidades\/#breadcrumb","itemListElement":[{"@type":"ListItem","position":1,"name":"Portada","item":"https:\/\/forempleo.uc3m.es\/empresas2023\/es\/"},{"@type":"ListItem","position":2,"name":"Actividades complementarias"}]},{"@type":"WebSite","@id":"https:\/\/forempleo.uc3m.es\/empresas2022\/es\/#website","url":"https:\/\/forempleo.uc3m.es\/empresas2022\/es\/","name":"Forempleo Empresas 2023","description":"La Feria de Empleo Universitario m\u00e1s importante de Espa\u00f1a","potentialAction":[{"@type":"SearchAction","target":{"@type":"EntryPoint","urlTemplate":"https:\/\/forempleo.uc3m.es\/empresas2022\/es\/?s={search_term_string}"},"query-input":{"@type":"PropertyValueSpecification","valueRequired":true,"valueName":"search_term_string"}}],"inLanguage":"es"}]}},"_links":{"self":[{"href":"https:\/\/forempleo.uc3m.es\/empresas2023\/wp-json\/wp\/v2\/pages\/4184","targetHints":{"allow":["GET"]}}],"collection":[{"href":"https:\/\/forempleo.uc3m.es\/empresas2023\/wp-json\/wp\/v2\/pages"}],"about":[{"href":"https:\/\/forempleo.uc3m.es\/empresas2023\/wp-json\/wp\/v2\/types\/page"}],"author":[{"embeddable":true,"href":"https:\/\/forempleo.uc3m.es\/empresas2023\/wp-json\/wp\/v2\/users\/3"}],"replies":[{"embeddable":true,"href":"https:\/\/forempleo.uc3m.es\/empresas2023\/wp-json\/wp\/v2\/comments?post=4184"}],"version-history":[{"count":112,"href":"https:\/\/forempleo.uc3m.es\/empresas2023\/wp-json\/wp\/v2\/pages\/4184\/revisions"}],"predecessor-version":[{"id":6473,"href":"https:\/\/forempleo.uc3m.es\/empresas2023\/wp-json\/wp\/v2\/pages\/4184\/revisions\/6473"}],"wp:attachment":[{"href":"https:\/\/forempleo.uc3m.es\/empresas2023\/wp-json\/wp\/v2\/media?parent=4184"}],"curies":[{"name":"wp","href":"https:\/\/api.w.org\/{rel}","templated":true}]}}