{"id":3656,"date":"2015-09-03T11:15:47","date_gmt":"2015-09-03T11:15:47","guid":{"rendered":"http:\/\/apps.nkp.es\/wp3\/?page_id=3656"},"modified":"2023-03-27T16:48:31","modified_gmt":"2023-03-27T16:48:31","slug":"informacion-y-contacto","status":"publish","type":"page","link":"https:\/\/forempleo.uc3m.es\/empresas2023\/informacion-y-contacto\/","title":{"rendered":"Informaci\u00f3n y Contacto"},"content":{"rendered":"<section class=\"l-section wpb_row us_custom_1f5f827b height_medium with_shape\"><div class=\"l-section-shape type_tilt pos_bottom hor_flip\" style=\"height:10vh;\"><svg xmlns=\"http:\/\/www.w3.org\/2000\/svg\" viewBox=\"0 0 64 8\" preserveAspectRatio=\"none\" width=\"100%\" height=\"100%\">\r\n\t<path fill=\"currentColor\" d=\"M64 7.9 L64 10 L0 10 L0 0 Z\"\/>\r\n<\/svg><\/div><div class=\"l-section-h i-cf\"><div class=\"g-cols vc_row via_flex valign_top type_default stacking_default\"><div class=\"vc_col-sm-12 wpb_column vc_column_container\"><div class=\"vc_column-inner us_custom_a518f36e us_animate_this\"><div class=\"wpb_wrapper\"><div class=\"wpb_text_column us_custom_6df4bc3a has_text_color\"><div class=\"wpb_wrapper\"><h1 style=\"text-align: justify;\"><strong>Informaci\u00f3n y contacto<\/strong><\/h1>\n<\/div><\/div><\/div><\/div><\/div><\/div><\/div><\/section><section class=\"l-section wpb_row height_medium\"><div class=\"l-section-h i-cf\"><div class=\"g-cols vc_row via_flex valign_top type_default stacking_default\"><div class=\"vc_col-sm-12 wpb_column vc_column_container\"><div class=\"vc_column-inner\"><div class=\"wpb_wrapper\"><div class=\"g-cols wpb_row via_flex valign_top type_default stacking_default\"><div class=\"vc_col-sm-2 wpb_column vc_column_container\"><div class=\"vc_column-inner\"><div class=\"wpb_wrapper\"><\/div><\/div><\/div><div class=\"vc_col-sm-8 wpb_column vc_column_container has_bg_color\"><div class=\"vc_column-inner us_custom_4489a4cb\"><div class=\"wpb_wrapper\"><div class=\"wpb_text_column\"><div class=\"wpb_wrapper\"><h5 style=\"text-align: justify;\"><strong>Si desea recibir informaci\u00f3n o enviarnos sugerencias sobre la celebraci\u00f3n de Forempleo 2023, que se celebrar\u00e1 los d\u00edas 4 y 5 de octubre de 2023, cumplimente por favor el siguiente formulario:<\/strong><\/h5>\n<\/div><\/div><\/div><\/div><\/div><div class=\"vc_col-sm-2 wpb_column vc_column_container\"><div class=\"vc_column-inner\"><div class=\"wpb_wrapper\"><\/div><\/div><\/div><\/div><div class=\"g-cols wpb_row via_flex valign_top type_default stacking_default\"><div class=\"vc_col-sm-2 wpb_column vc_column_container\"><div class=\"vc_column-inner\"><div class=\"wpb_wrapper\"><div class=\"w-separator size_custom\" style=\"height:32px\"><\/div><\/div><\/div><\/div><div class=\"vc_col-sm-8 wpb_column vc_column_container has_bg_color\"><div class=\"vc_column-inner us_custom_4489a4cb\"><div class=\"wpb_wrapper\"><div class=\"wpb_text_column\"><div class=\"wpb_wrapper\"><p><span style=\"font-size: 70%;\">Los campos marcados con * es necesario cumplimentarlos.<\/span><\/p>\n<\/div><\/div>\n<div class=\"wpcf7 no-js\" id=\"wpcf7-f4233-o1\" lang=\"es-ES\" dir=\"ltr\" data-wpcf7-id=\"4233\">\n<div class=\"screen-reader-response\"><p role=\"status\" aria-live=\"polite\" aria-atomic=\"true\"><\/p> <ul><\/ul><\/div>\n<form action=\"\/empresas2023\/wp-json\/wp\/v2\/pages\/3656#wpcf7-f4233-o1\" method=\"post\" class=\"wpcf7-form init\" aria-label=\"Formulario de contacto\" novalidate=\"novalidate\" data-status=\"init\">\n<fieldset class=\"hidden-fields-container\"><input type=\"hidden\" name=\"_wpcf7\" value=\"4233\" \/><input type=\"hidden\" name=\"_wpcf7_version\" value=\"6.1.5\" \/><input type=\"hidden\" name=\"_wpcf7_locale\" value=\"es_ES\" \/><input type=\"hidden\" name=\"_wpcf7_unit_tag\" value=\"wpcf7-f4233-o1\" \/><input type=\"hidden\" name=\"_wpcf7_container_post\" value=\"0\" \/><input type=\"hidden\" name=\"_wpcf7_posted_data_hash\" value=\"\" \/>\n<\/fieldset>\n<p>Nombre*\n<\/p>\n<p><span class=\"wpcf7-form-control-wrap\" data-name=\"your-name\"><input size=\"40\" maxlength=\"400\" class=\"wpcf7-form-control wpcf7-text wpcf7-validates-as-required\" aria-required=\"true\" aria-invalid=\"false\" value=\"\" type=\"text\" name=\"your-name\" \/><\/span>\n<\/p>\n<p>Empresa \/ Instituci\u00f3n\n<\/p>\n<p><span class=\"wpcf7-form-control-wrap\" data-name=\"your-company\"><input size=\"40\" maxlength=\"400\" class=\"wpcf7-form-control wpcf7-text\" aria-invalid=\"false\" value=\"\" type=\"text\" name=\"your-company\" \/><\/span>\n<\/p>\n<p>Cargo\n<\/p>\n<p><span class=\"wpcf7-form-control-wrap\" data-name=\"your-cargo\"><input size=\"40\" maxlength=\"400\" class=\"wpcf7-form-control wpcf7-text\" aria-invalid=\"false\" value=\"\" type=\"text\" name=\"your-cargo\" \/><\/span>\n<\/p>\n<p>Tel\u00e9fono\n<\/p>\n<p><span class=\"wpcf7-form-control-wrap\" data-name=\"your-phone\"><input size=\"40\" maxlength=\"400\" class=\"wpcf7-form-control wpcf7-text\" aria-invalid=\"false\" value=\"\" type=\"text\" name=\"your-phone\" \/><\/span>\n<\/p>\n<p>Correo electr\u00f3nico*\n<\/p>\n<p><span class=\"wpcf7-form-control-wrap\" data-name=\"your-email\"><input size=\"40\" maxlength=\"400\" class=\"wpcf7-form-control wpcf7-email wpcf7-validates-as-required wpcf7-text wpcf7-validates-as-email\" aria-required=\"true\" aria-invalid=\"false\" value=\"\" type=\"email\" name=\"your-email\" \/><\/span>\n<\/p>\n<p>Observaciones*\n<\/p>\n<p><span class=\"wpcf7-form-control-wrap\" data-name=\"your-message\"><textarea cols=\"40\" rows=\"10\" maxlength=\"2000\" class=\"wpcf7-form-control wpcf7-textarea wpcf7-validates-as-required\" aria-required=\"true\" aria-invalid=\"false\" name=\"your-message\"><\/textarea><\/span>\n<\/p>\n<p class=\"acepta2\"><span class=\"wpcf7-form-control-wrap\" data-name=\"acceptance-199\"><span class=\"wpcf7-form-control wpcf7-acceptance\"><span class=\"wpcf7-list-item\"><label><input type=\"checkbox\" name=\"acceptance-199\" value=\"1\" id=\"leido\" aria-invalid=\"false\" \/><span class=\"wpcf7-list-item-label\">He le\u00eddo y acepto las condiciones de protecci\u00f3n de datos personales.<\/span><\/label><\/span><\/span><\/span>\n<\/p>\n<p><input class=\"wpcf7-form-control wpcf7-submit has-spinner\" type=\"submit\" value=\"Enviar\" \/>\n<\/p><div class=\"wpcf7-response-output\" aria-hidden=\"true\"><\/div>\n<\/form>\n<\/div>\n[vc_raw_html]JTNDZGl2JTIwY2xhc3MlM0QlMjJtb2QtYmclMjIlM0UlM0MlMkZkaXYlM0UlMEElM0NkaXYlMjBjbGFzcyUzRCUyMm1vZC1hY2NlcHRhbmNlJTIyJTNFJTBBJTNDZGl2JTIwY2xhc3MlM0QlMjJjZXJyYXIlMjIlM0UlM0NpJTIwY2xhc3MlM0QlMjJmYXMlMjBmYS10aW1lcyUyMGZhLTN4JTIyJTNFJTNDJTJGaSUzRSUzQyUyRmRpdiUzRSUwQSUzQ3VsJTNFJTBBJTIwJTA5JTNDbGklM0UlM0NzdHJvbmclM0VSZXNwb25zYWJsZSUzQSUzQyUyRnN0cm9uZyUzRSUyMEZ1bmRhY2klQzMlQjNuJTIwVW5pdmVyc2lkYWQlMjBDYXJsb3MlMjBJSUklMEE5MTYyNDU3MDAlMkY5MTYyNDkzOTAlMjAlM0NhJTIwaHJlZiUzRCUyMm1haWx0byUzQWRzcG8lNDBmdW5kLnVjM20uZXMlMjIlM0Vkc3BvJTQwZnVuZC51YzNtLmVzJTNDJTJGYSUzRSUzQyUyRmxpJTNFJTBBJTIwJTA5JTNDbGklM0UlM0NzdHJvbmclM0VGaW5hbGlkYWQlMjBwcmluY2lwYWwlM0ElM0MlMkZzdHJvbmclM0UlMjBHZXN0aW9uYXIlMjBsYSUyMHNvbGljaXR1ZCUyMGRlJTIwaW5mb3JtYWNpJUMzJUIzbiUyMHklMkZvJTIwc3VnZXJlbmNpYXMlM0MlMkZsaSUzRSUwQSUyMCUwOSUzQ2xpJTNFJTNDc3Ryb25nJTNFTGVnaXRpbWFjaSVDMyVCM24lM0ElM0MlMkZzdHJvbmclM0UlMjBDb25zZW50aW1pZW50byUyMGRlbCUyMGludGVyZXNhZG8lMkMlMjBlamVjdWNpJUMzJUIzbiUyMGRlJTIwdW4lMjBjb250cmF0byUyMG8lMjBpbnRlciVDMyVBOXMlMjBsZWclQzMlQUR0aW1vLiUzQyUyRmxpJTNFJTBBJTIwJTA5JTNDbGklM0UlM0NzdHJvbmclM0VEZXN0aW5hdGFyaW9zJTNDJTJGc3Ryb25nJTNFJTNBJTIwU2UlMjBwb2RyJUMzJUExbiUyMGNlZGVyJTIwbG9zJTIwZGF0b3MlMjBhJTIwbGElMjBVbml2ZXJzaWRhZCUyMENhcmxvcyUyMElJSSUyMGRlJTIwTWFkcmlkJTJDJTIwZW1wcmVzYXMlMjBvJTIwaW5zdGl0dWNpb25lcyUyMGNvbGFib3JhZG9yYXMlM0MlMkZsaSUzRSUwQSUyMCUwOSUzQ2xpJTNFJTNDc3Ryb25nJTNFRGVyZWNob3MlM0ElM0MlMkZzdHJvbmclM0UlMjBhY2NlZGVyJTJDJTIwcmVjdGlmaWNhciUyMHklMjBzdXByaW1pciUyMGxvcyUyMGRhdG9zJTJDJTIwcG9ydGFiaWxpZGFkJTIwZGUlMjBsb3MlMjBkYXRvcyUyQyUyMGxpbWl0YWNpJUMzJUIzbiUyMHklMjBvcG9zaWNpJUMzJUIzbiUyMGElMjBzdSUyMHRyYXRhbWllbnRvJTJDJTIwdHJhbnNwYXJlbmNpYSUyMHklMjBkZXJlY2hvJTIwYSUyMG5vJTIwc2VyJTIwb2JqZXRvJTIwZGUlMjBkZWNpc2lvbmVzJTIwYXV0b21hdGl6YWRhcyUzQyUyRmxpJTNFJTBBJTIwJTA5JTNDbGklM0UlM0NzdHJvbmclM0VJbmZvcm1hY2klQzMlQjNuJTIwYWRpY2lvbmFsJTNBJTNDJTJGc3Ryb25nJTNFJTIwcHVlZGUlMjBjb25zdWx0YXIlMjBsYSUyMGluZm9ybWFjaSVDMyVCM24lMjBhZGljaW9uYWwlMjB5JTIwZGV0YWxsYWRhJTIwc29icmUlMjBudWVzdHJhJTIwcG9sJUMzJUFEdGljYSUyMGRlJTIwcHJpdmFjaWRhZCUyMGVuJTIwJTNDYSUyMGhyZWYlM0QlMjJodHRwcyUzQSUyRiUyRnd3dy5mb3JlbXBsZW8uY29tJTJGZW1wcmVzYXMyMDIwJTJGZXMlMkZwb2xpdGljYS1kZS1wcml2YWNpZGFkJTJGJTIyJTNFaHR0cHMlM0ElMkYlMkZ3d3cuZm9yZW1wbGVvLmNvbSUyRmVtcHJlc2FzMjAyMCUyRmVzJTJGcG9saXRpY2EtZGUtcHJpdmFjaWRhZCUyRiUzQyUyRmElM0UlM0MlMkZsaSUzRSUwQSUyMCUwOSUzQ2xpJTNFJTNDc3Ryb25nJTNFRGF0YSUyMFByb3RlY3Rpb24lMjBPZmZpY2VyJTIwJTI4RFBPJTI5JTNBJTNDJTJGc3Ryb25nJTNFJTIwR1JVUE8lMjBBREFQVEFMSUElMjBMRUdBTCUyMCVFMiU4MCU5MyUyMEZPUk1BVElWTyUyMFMuTC4lMjAtJTIwOTElMjA1NTMlMjAzNCUyMDA4JTIwLSUyMCUzQ2ElMjBocmVmJTNEJTIybWFpbHRvJTNBbGVnYWwlNDBncnVwb2FkYXB0YWxpYS5lcyUyMiUzRWxlZ2FsJTQwZ3J1cG9hZGFwdGFsaWEuZXMlM0MlMkZhJTNFJTNDJTJGbGklM0UlMEElM0MlMkZ1bCUzRSUwQSUzQyUyRmRpdiUzRQ==[\/vc_raw_html][vc_raw_js]JTNDc2NyaXB0JTNFJTIwJTBBalF1ZXJ5JTI4JTIyLmFjY2VwdGFuY2UtMTk5JTIyJTI5LmNsaWNrJTI4ZnVuY3Rpb24lMjglMjklN0IlMEElMEFqUXVlcnklMjglMjIubW9kLWFjY2VwdGFuY2UlMjIlMjkuc2hvdyUyOCUyMmZhc3QlMjIlMjklM0IlMEFqUXVlcnklMjglMjIubW9kLWJnJTIyJTI5LnNob3clMjglMjJmYXN0JTIyJTI5JTNCJTBBJTBBJTJGJTJGYWxlcnQlMjglMjJvayUyMiUyOSUzQiUwQSUwQSU3RCUyOSUzQiUwQWpRdWVyeSUyOCUyMi5tb2QtYmclMkMlMjAuY2VycmFyJTIwaSUyMiUyOS5jbGljayUyOGZ1bmN0aW9uJTI4JTI5JTdCJTBBJTBBalF1ZXJ5JTI4JTIyLm1vZC1hY2NlcHRhbmNlJTIyJTI5LmhpZGUlMjglMjJmYXN0JTIyJTI5JTNCJTBBalF1ZXJ5JTI4JTIyLm1vZC1iZyUyMiUyOS5oaWRlJTI4JTIyZmFzdCUyMiUyOSUzQiUwQSUwQSU3RCUyOSUzQiUwQSUwQSUzQyUyRnNjcmlwdCUzRQ==[\/vc_raw_js]<\/div><\/div><\/div><div class=\"vc_col-sm-2 wpb_column vc_column_container\"><div class=\"vc_column-inner\"><div class=\"wpb_wrapper\"><div class=\"w-separator size_custom\" style=\"height:32px\"><\/div><\/div><\/div><\/div><\/div><div class=\"g-cols wpb_row via_flex valign_top type_default stacking_default\"><div class=\"vc_col-sm-2 wpb_column vc_column_container\"><div class=\"vc_column-inner\"><div class=\"wpb_wrapper\"><\/div><\/div><\/div><div class=\"vc_col-sm-8 wpb_column vc_column_container has_bg_color\"><div class=\"vc_column-inner us_custom_4489a4cb\"><div class=\"wpb_wrapper\"><div class=\"wpb_text_column\"><div class=\"wpb_wrapper\"><h5 style=\"text-align: center;\">UC3M Orientaci\u00f3n &amp; Empleo.\u00a0 Tel.: 91 624 93 90\/ 57 00<br \/>\ne-mail: <a href=\"mailto:forempleo@fund.uc3m.es\">forempleo@fund.uc3m.es<\/a><\/h5>\n<\/div><\/div><\/div><\/div><\/div><div class=\"vc_col-sm-2 wpb_column vc_column_container\"><div class=\"vc_column-inner\"><div class=\"wpb_wrapper\"><\/div><\/div><\/div><\/div><\/div><\/div><\/div><\/div><\/div><\/section><!-- Row Backgrounds -->\n","protected":false},"excerpt":{"rendered":"Informaci\u00f3n y contacto Si desea recibir informaci\u00f3n o enviarnos sugerencias sobre la celebraci\u00f3n de Forempleo 2023, que se celebrar\u00e1 los d\u00edas 4 y 5 de octubre de 2023, cumplimente por favor el siguiente formulario: Los campos marcados con * es necesario cumplimentarlos. Nombre* Empresa \/ Instituci\u00f3n Cargo Tel\u00e9fono Correo electr\u00f3nico* Observaciones* He le\u00eddo y acepto...","protected":false},"author":1,"featured_media":0,"parent":0,"menu_order":0,"comment_status":"closed","ping_status":"closed","template":"","meta":{"footnotes":""},"class_list":["post-3656","page","type-page","status-publish","hentry"],"yoast_head":"<!-- This site is optimized with the Yoast SEO plugin v27.3 - https:\/\/yoast.com\/product\/yoast-seo-wordpress\/ -->\n<title>Forempleo 2022 | Contacto<\/title>\n<meta name=\"description\" content=\"Si est\u00e1s pensando en participar en Forempleo 2022, ponte en contacto con nosotros y resolveremos todas tus dudas.\" \/>\n<meta name=\"robots\" content=\"index, follow, max-snippet:-1, max-image-preview:large, max-video-preview:-1\" \/>\n<link rel=\"canonical\" href=\"https:\/\/forempleo.uc3m.es\/empresas2023\/es\/informacion-y-contacto\/\" \/>\n<meta property=\"og:locale\" content=\"es_ES\" \/>\n<meta property=\"og:type\" content=\"article\" \/>\n<meta property=\"og:title\" content=\"Forempleo 2022 | Contacto\" \/>\n<meta property=\"og:description\" content=\"Si est\u00e1s pensando en participar en Forempleo 2022, ponte en contacto con nosotros y resolveremos todas tus dudas.\" \/>\n<meta property=\"og:url\" content=\"https:\/\/forempleo.uc3m.es\/empresas2023\/es\/informacion-y-contacto\/\" \/>\n<meta property=\"og:site_name\" content=\"Forempleo Empresas 2023\" \/>\n<meta property=\"article:modified_time\" content=\"2023-03-27T16:48:31+00:00\" \/>\n<meta name=\"twitter:card\" content=\"summary_large_image\" \/>\n<meta name=\"twitter:title\" content=\"Forempleo 2022 | Contacto\" \/>\n<meta name=\"twitter:description\" content=\"Si est\u00e1s pensando en participar en Forempleo 2022, ponte en contacto con nosotros y resolveremos todas tus dudas.\" \/>\n<meta name=\"twitter:label1\" content=\"Tiempo de lectura\" \/>\n\t<meta name=\"twitter:data1\" content=\"1 minuto\" \/>\n<script type=\"application\/ld+json\" class=\"yoast-schema-graph\">{\"@context\":\"https:\\\/\\\/schema.org\",\"@graph\":[{\"@type\":\"WebPage\",\"@id\":\"https:\\\/\\\/forempleo.uc3m.es\\\/empresas2023\\\/es\\\/informacion-y-contacto\\\/\",\"url\":\"https:\\\/\\\/forempleo.uc3m.es\\\/empresas2023\\\/es\\\/informacion-y-contacto\\\/\",\"name\":\"Forempleo 2022 | Contacto\",\"isPartOf\":{\"@id\":\"https:\\\/\\\/forempleo.uc3m.es\\\/empresas2022\\\/es\\\/#website\"},\"datePublished\":\"2015-09-03T11:15:47+00:00\",\"dateModified\":\"2023-03-27T16:48:31+00:00\",\"description\":\"Si est\u00e1s pensando en participar en Forempleo 2022, ponte en contacto con nosotros y resolveremos todas tus dudas.\",\"breadcrumb\":{\"@id\":\"https:\\\/\\\/forempleo.uc3m.es\\\/empresas2023\\\/es\\\/informacion-y-contacto\\\/#breadcrumb\"},\"inLanguage\":\"es\",\"potentialAction\":[{\"@type\":\"ReadAction\",\"target\":[\"https:\\\/\\\/forempleo.uc3m.es\\\/empresas2023\\\/es\\\/informacion-y-contacto\\\/\"]}]},{\"@type\":\"BreadcrumbList\",\"@id\":\"https:\\\/\\\/forempleo.uc3m.es\\\/empresas2023\\\/es\\\/informacion-y-contacto\\\/#breadcrumb\",\"itemListElement\":[{\"@type\":\"ListItem\",\"position\":1,\"name\":\"Portada\",\"item\":\"https:\\\/\\\/forempleo.uc3m.es\\\/empresas2023\\\/es\\\/\"},{\"@type\":\"ListItem\",\"position\":2,\"name\":\"Informaci\u00f3n y Contacto\"}]},{\"@type\":\"WebSite\",\"@id\":\"https:\\\/\\\/forempleo.uc3m.es\\\/empresas2022\\\/es\\\/#website\",\"url\":\"https:\\\/\\\/forempleo.uc3m.es\\\/empresas2022\\\/es\\\/\",\"name\":\"Forempleo Empresas 2023\",\"description\":\"La Feria de Empleo Universitario m\u00e1s importante de Espa\u00f1a\",\"potentialAction\":[{\"@type\":\"SearchAction\",\"target\":{\"@type\":\"EntryPoint\",\"urlTemplate\":\"https:\\\/\\\/forempleo.uc3m.es\\\/empresas2022\\\/es\\\/?s={search_term_string}\"},\"query-input\":{\"@type\":\"PropertyValueSpecification\",\"valueRequired\":true,\"valueName\":\"search_term_string\"}}],\"inLanguage\":\"es\"}]}<\/script>\n<!-- \/ Yoast SEO plugin. -->","yoast_head_json":{"title":"Forempleo 2022 | Contacto","description":"Si est\u00e1s pensando en participar en Forempleo 2022, ponte en contacto con nosotros y resolveremos todas tus dudas.","robots":{"index":"index","follow":"follow","max-snippet":"max-snippet:-1","max-image-preview":"max-image-preview:large","max-video-preview":"max-video-preview:-1"},"canonical":"https:\/\/forempleo.uc3m.es\/empresas2023\/es\/informacion-y-contacto\/","og_locale":"es_ES","og_type":"article","og_title":"Forempleo 2022 | Contacto","og_description":"Si est\u00e1s pensando en participar en Forempleo 2022, ponte en contacto con nosotros y resolveremos todas tus dudas.","og_url":"https:\/\/forempleo.uc3m.es\/empresas2023\/es\/informacion-y-contacto\/","og_site_name":"Forempleo Empresas 2023","article_modified_time":"2023-03-27T16:48:31+00:00","twitter_card":"summary_large_image","twitter_title":"Forempleo 2022 | Contacto","twitter_description":"Si est\u00e1s pensando en participar en Forempleo 2022, ponte en contacto con nosotros y resolveremos todas tus dudas.","twitter_misc":{"Tiempo de lectura":"1 minuto"},"schema":{"@context":"https:\/\/schema.org","@graph":[{"@type":"WebPage","@id":"https:\/\/forempleo.uc3m.es\/empresas2023\/es\/informacion-y-contacto\/","url":"https:\/\/forempleo.uc3m.es\/empresas2023\/es\/informacion-y-contacto\/","name":"Forempleo 2022 | Contacto","isPartOf":{"@id":"https:\/\/forempleo.uc3m.es\/empresas2022\/es\/#website"},"datePublished":"2015-09-03T11:15:47+00:00","dateModified":"2023-03-27T16:48:31+00:00","description":"Si est\u00e1s pensando en participar en Forempleo 2022, ponte en contacto con nosotros y resolveremos todas tus dudas.","breadcrumb":{"@id":"https:\/\/forempleo.uc3m.es\/empresas2023\/es\/informacion-y-contacto\/#breadcrumb"},"inLanguage":"es","potentialAction":[{"@type":"ReadAction","target":["https:\/\/forempleo.uc3m.es\/empresas2023\/es\/informacion-y-contacto\/"]}]},{"@type":"BreadcrumbList","@id":"https:\/\/forempleo.uc3m.es\/empresas2023\/es\/informacion-y-contacto\/#breadcrumb","itemListElement":[{"@type":"ListItem","position":1,"name":"Portada","item":"https:\/\/forempleo.uc3m.es\/empresas2023\/es\/"},{"@type":"ListItem","position":2,"name":"Informaci\u00f3n y Contacto"}]},{"@type":"WebSite","@id":"https:\/\/forempleo.uc3m.es\/empresas2022\/es\/#website","url":"https:\/\/forempleo.uc3m.es\/empresas2022\/es\/","name":"Forempleo Empresas 2023","description":"La Feria de Empleo Universitario m\u00e1s importante de Espa\u00f1a","potentialAction":[{"@type":"SearchAction","target":{"@type":"EntryPoint","urlTemplate":"https:\/\/forempleo.uc3m.es\/empresas2022\/es\/?s={search_term_string}"},"query-input":{"@type":"PropertyValueSpecification","valueRequired":true,"valueName":"search_term_string"}}],"inLanguage":"es"}]}},"_links":{"self":[{"href":"https:\/\/forempleo.uc3m.es\/empresas2023\/wp-json\/wp\/v2\/pages\/3656","targetHints":{"allow":["GET"]}}],"collection":[{"href":"https:\/\/forempleo.uc3m.es\/empresas2023\/wp-json\/wp\/v2\/pages"}],"about":[{"href":"https:\/\/forempleo.uc3m.es\/empresas2023\/wp-json\/wp\/v2\/types\/page"}],"author":[{"embeddable":true,"href":"https:\/\/forempleo.uc3m.es\/empresas2023\/wp-json\/wp\/v2\/users\/1"}],"replies":[{"embeddable":true,"href":"https:\/\/forempleo.uc3m.es\/empresas2023\/wp-json\/wp\/v2\/comments?post=3656"}],"version-history":[{"count":67,"href":"https:\/\/forempleo.uc3m.es\/empresas2023\/wp-json\/wp\/v2\/pages\/3656\/revisions"}],"predecessor-version":[{"id":6270,"href":"https:\/\/forempleo.uc3m.es\/empresas2023\/wp-json\/wp\/v2\/pages\/3656\/revisions\/6270"}],"wp:attachment":[{"href":"https:\/\/forempleo.uc3m.es\/empresas2023\/wp-json\/wp\/v2\/media?parent=3656"}],"curies":[{"name":"wp","href":"https:\/\/api.w.org\/{rel}","templated":true}]}}