{"id":69,"date":"2026-03-12T17:00:43","date_gmt":"2026-03-12T16:00:43","guid":{"rendered":"https:\/\/forempleo.uc3m.es\/empresas\/?page_id=69"},"modified":"2026-04-14T18:11:03","modified_gmt":"2026-04-14T16:11:03","slug":"empresas-participantes","status":"publish","type":"page","link":"https:\/\/forempleo.uc3m.es\/empresas\/empresas-participantes\/","title":{"rendered":"Empresas participantes"},"content":{"rendered":"<section class=\"l-section wpb_row height_medium\"><div class=\"l-section-h i-cf\"><div class=\"g-cols vc_row via_flex valign_top type_default stacking_default\"><div class=\"vc_col-sm-12 wpb_column vc_column_container\"><div class=\"vc_column-inner\"><div class=\"wpb_wrapper\"><div class=\"w-image us_custom_08eb38e1 align_center\"><div class=\"w-image-h\"><img decoding=\"async\" width=\"1281\" height=\"555\" src=\"https:\/\/forempleo.uc3m.es\/empresas\/wp-content\/uploads\/2026\/04\/Group-35.png\" class=\"attachment-full size-full\" alt=\"\" loading=\"lazy\" srcset=\"https:\/\/forempleo.uc3m.es\/empresas\/wp-content\/uploads\/2026\/04\/Group-35.png 1281w, https:\/\/forempleo.uc3m.es\/empresas\/wp-content\/uploads\/2026\/04\/Group-35-300x130.png 300w, https:\/\/forempleo.uc3m.es\/empresas\/wp-content\/uploads\/2026\/04\/Group-35-1024x444.png 1024w, https:\/\/forempleo.uc3m.es\/empresas\/wp-content\/uploads\/2026\/04\/Group-35-600x260.png 600w, https:\/\/forempleo.uc3m.es\/empresas\/wp-content\/uploads\/2026\/04\/Group-35-768x333.png 768w\" sizes=\"auto, (max-width: 1281px) 100vw, 1281px\" \/><\/div><\/div><div class=\"wpb_text_column us_custom_5c216bda has_text_color\"><div class=\"wpb_wrapper\"><h1 style=\"text-align: center;\">Empresas participantes<br \/>\nen Forempleo 2025<\/h1>\n<\/div><\/div><\/div><\/div><\/div><\/div><\/div><\/section><section class=\"l-section wpb_row height_medium\"><div class=\"l-section-h i-cf\"><div class=\"g-cols vc_row via_flex valign_top type_default stacking_default\"><div class=\"vc_col-sm-6 wpb_column vc_column_container\"><div class=\"vc_column-inner us_custom_b24806f0 us_animate_this\"><div class=\"wpb_wrapper\"><div class=\"wpb_text_column\"><div class=\"wpb_wrapper\"><p><strong>158 empresas<\/strong> se dieron cita en la pasada edici\u00f3n de Forempleo que se celebr\u00f3 los d\u00edas 1 y 2 de octubre de 2025 en el Campus de Legan\u00e9s de la UC3M.<\/p>\n<\/div><\/div><\/div><\/div><\/div><div class=\"vc_col-sm-6 wpb_column vc_column_container\"><div class=\"vc_column-inner us_custom_47474b22 us_animate_this\"><div class=\"wpb_wrapper\"><div class=\"w-image us_custom_4481559d hide_on_mobiles align_center\"><div class=\"w-image-h\"><img decoding=\"async\" width=\"580\" height=\"110\" src=\"https:\/\/forempleo.uc3m.es\/empresas\/wp-content\/uploads\/2026\/03\/LOGO_FOREMPLEO_2025.png\" class=\"attachment-us_600_0 size-us_600_0\" alt=\"\" loading=\"lazy\" srcset=\"https:\/\/forempleo.uc3m.es\/empresas\/wp-content\/uploads\/2026\/03\/LOGO_FOREMPLEO_2025.png 580w, https:\/\/forempleo.uc3m.es\/empresas\/wp-content\/uploads\/2026\/03\/LOGO_FOREMPLEO_2025-300x57.png 300w\" sizes=\"auto, (max-width: 580px) 100vw, 580px\" \/><\/div><\/div><\/div><\/div><\/div><\/div><\/div><\/section><section class=\"l-section wpb_row height_auto width_full\"><div class=\"l-section-h i-cf\"><div class=\"g-cols vc_row via_flex valign_top type_default stacking_default\"><div class=\"vc_col-sm-12 wpb_column vc_column_container\"><div class=\"vc_column-inner\"><div class=\"wpb_wrapper\">[vc_raw_html]JTNDaWZyYW1lJTIwc3JjJTNEJTIyJTJGZW1wcmVzYXMtcGFydGljaXBhbnRlcy5waHAlMjIlMjB3aWR0aCUzRCUyMjEwMCUyNSUyMiUyMGhlaWdodCUzRCUyMjMwMDAlMjIlMjBvbmxvYWQlM0QlMjJyZXNpemVJZnJhbWUlMjh0aGlzJTI5JTIyJTNFJTNDJTJGaWZyYW1lJTNF[\/vc_raw_html][vc_raw_js]JTNDc2NyaXB0JTIwdHlwZSUzRCUyMnRleHQlMkZqYXZhc2NyaXB0JTIyJTNFJTBBJTIwJTIwZnVuY3Rpb24lMjByZXNpemVJZnJhbWUlMjhvYmolMjklMjAlN0IlMEElMjAlMjAlMjAlMjBvYmouc3R5bGUuaGVpZ2h0JTIwJTNEJTIwJTI4b2JqLmNvbnRlbnRXaW5kb3cuZG9jdW1lbnQuYm9keS5zY3JvbGxIZWlnaHQlMkIxMDAlMjklMjAlMkIlMjAlMjdweCUyNyUzQiUwQSUyMCUyMCU3RCUwQSUzQyUyRnNjcmlwdCUzRQ==[\/vc_raw_js]<\/div><\/div><\/div><\/div><\/div><\/section>\n","protected":false},"excerpt":{"rendered":"Empresas participantes en Forempleo 2025 158 empresas se dieron cita en la pasada edici\u00f3n de Forempleo que se celebr\u00f3 los d\u00edas 1 y 2 de octubre de 2025 en el Campus de Legan\u00e9s de la UC3M. [vc_raw_html]JTNDaWZyYW1lJTIwc3JjJTNEJTIyJTJGZW1wcmVzYXMtcGFydGljaXBhbnRlcy5waHAlMjIlMjB3aWR0aCUzRCUyMjEwMCUyNSUyMiUyMGhlaWdodCUzRCUyMjMwMDAlMjIlMjBvbmxvYWQlM0QlMjJyZXNpemVJZnJhbWUlMjh0aGlzJTI5JTIyJTNFJTNDJTJGaWZyYW1lJTNF[\/vc_raw_html][vc_raw_js]JTNDc2NyaXB0JTIwdHlwZSUzRCUyMnRleHQlMkZqYXZhc2NyaXB0JTIyJTNFJTBBJTIwJTIwZnVuY3Rpb24lMjByZXNpemVJZnJhbWUlMjhvYmolMjklMjAlN0IlMEElMjAlMjAlMjAlMjBvYmouc3R5bGUuaGVpZ2h0JTIwJTNEJTIwJTI4b2JqLmNvbnRlbnRXaW5kb3cuZG9jdW1lbnQuYm9keS5zY3JvbGxIZWlnaHQlMkIxMDAlMjklMjAlMkIlMjAlMjdweCUyNyUzQiUwQSUyMCUyMCU3RCUwQSUzQyUyRnNjcmlwdCUzRQ==[\/vc_raw_js]","protected":false},"author":1,"featured_media":0,"parent":0,"menu_order":0,"comment_status":"closed","ping_status":"closed","template":"","meta":{"footnotes":""},"class_list":["post-69","page","type-page","status-publish","hentry"],"yoast_head":"<!-- This site is optimized with the Yoast SEO plugin v27.4 - https:\/\/yoast.com\/product\/yoast-seo-wordpress\/ -->\n<title>Empresas participantes - Forempleo 2026 | 6 y 7 de octubre 2026<\/title>\n<meta name=\"robots\" content=\"index, follow, max-snippet:-1, max-image-preview:large, max-video-preview:-1\" \/>\n<link rel=\"canonical\" href=\"https:\/\/forempleo.uc3m.es\/empresas\/empresas-participantes\/\" \/>\n<meta property=\"og:locale\" content=\"es_ES\" \/>\n<meta property=\"og:type\" content=\"article\" \/>\n<meta property=\"og:title\" content=\"Empresas participantes - Forempleo 2026 | 6 y 7 de octubre 2026\" \/>\n<meta property=\"og:url\" content=\"https:\/\/forempleo.uc3m.es\/empresas\/empresas-participantes\/\" \/>\n<meta property=\"og:site_name\" content=\"Forempleo 2026 | 6 y 7 de octubre 2026\" \/>\n<meta property=\"article:modified_time\" content=\"2026-04-14T16:11:03+00:00\" \/>\n<meta name=\"twitter:card\" content=\"summary_large_image\" \/>\n<meta name=\"twitter:label1\" content=\"Tiempo de lectura\" \/>\n\t<meta name=\"twitter:data1\" content=\"1 minuto\" \/>\n<script type=\"application\/ld+json\" class=\"yoast-schema-graph\">{\"@context\":\"https:\\\/\\\/schema.org\",\"@graph\":[{\"@type\":\"WebPage\",\"@id\":\"https:\\\/\\\/forempleo.uc3m.es\\\/empresas\\\/empresas-participantes\\\/\",\"url\":\"https:\\\/\\\/forempleo.uc3m.es\\\/empresas\\\/empresas-participantes\\\/\",\"name\":\"Empresas participantes - Forempleo 2026 | 6 y 7 de octubre 2026\",\"isPartOf\":{\"@id\":\"https:\\\/\\\/forempleo.uc3m.es\\\/empresas\\\/#website\"},\"datePublished\":\"2026-03-12T16:00:43+00:00\",\"dateModified\":\"2026-04-14T16:11:03+00:00\",\"breadcrumb\":{\"@id\":\"https:\\\/\\\/forempleo.uc3m.es\\\/empresas\\\/empresas-participantes\\\/#breadcrumb\"},\"inLanguage\":\"es\",\"potentialAction\":[{\"@type\":\"ReadAction\",\"target\":[\"https:\\\/\\\/forempleo.uc3m.es\\\/empresas\\\/empresas-participantes\\\/\"]}]},{\"@type\":\"BreadcrumbList\",\"@id\":\"https:\\\/\\\/forempleo.uc3m.es\\\/empresas\\\/empresas-participantes\\\/#breadcrumb\",\"itemListElement\":[{\"@type\":\"ListItem\",\"position\":1,\"name\":\"Portada\",\"item\":\"https:\\\/\\\/forempleo.uc3m.es\\\/empresas\\\/\"},{\"@type\":\"ListItem\",\"position\":2,\"name\":\"Empresas participantes\"}]},{\"@type\":\"WebSite\",\"@id\":\"https:\\\/\\\/forempleo.uc3m.es\\\/empresas\\\/#website\",\"url\":\"https:\\\/\\\/forempleo.uc3m.es\\\/empresas\\\/\",\"name\":\"Forempleo 2026 | 6 y 7 de octubre 2026\",\"description\":\"\",\"publisher\":{\"@id\":\"https:\\\/\\\/forempleo.uc3m.es\\\/empresas\\\/#organization\"},\"potentialAction\":[{\"@type\":\"SearchAction\",\"target\":{\"@type\":\"EntryPoint\",\"urlTemplate\":\"https:\\\/\\\/forempleo.uc3m.es\\\/empresas\\\/?s={search_term_string}\"},\"query-input\":{\"@type\":\"PropertyValueSpecification\",\"valueRequired\":true,\"valueName\":\"search_term_string\"}}],\"inLanguage\":\"es\"},{\"@type\":\"Organization\",\"@id\":\"https:\\\/\\\/forempleo.uc3m.es\\\/empresas\\\/#organization\",\"name\":\"Fundaci\u00f3n Universidad Carlos III de Madrid\",\"url\":\"https:\\\/\\\/forempleo.uc3m.es\\\/empresas\\\/\",\"logo\":{\"@type\":\"ImageObject\",\"inLanguage\":\"es\",\"@id\":\"https:\\\/\\\/forempleo.uc3m.es\\\/empresas\\\/#\\\/schema\\\/logo\\\/image\\\/\",\"url\":\"https:\\\/\\\/forempleo.uc3m.es\\\/empresas\\\/wp-content\\\/uploads\\\/2026\\\/03\\\/fuciii_logo_blanco.png\",\"contentUrl\":\"https:\\\/\\\/forempleo.uc3m.es\\\/empresas\\\/wp-content\\\/uploads\\\/2026\\\/03\\\/fuciii_logo_blanco.png\",\"width\":963,\"height\":238,\"caption\":\"Fundaci\u00f3n Universidad Carlos III de Madrid\"},\"image\":{\"@id\":\"https:\\\/\\\/forempleo.uc3m.es\\\/empresas\\\/#\\\/schema\\\/logo\\\/image\\\/\"}}]}<\/script>\n<!-- \/ Yoast SEO plugin. -->","yoast_head_json":{"title":"Empresas participantes - Forempleo 2026 | 6 y 7 de octubre 2026","robots":{"index":"index","follow":"follow","max-snippet":"max-snippet:-1","max-image-preview":"max-image-preview:large","max-video-preview":"max-video-preview:-1"},"canonical":"https:\/\/forempleo.uc3m.es\/empresas\/empresas-participantes\/","og_locale":"es_ES","og_type":"article","og_title":"Empresas participantes - Forempleo 2026 | 6 y 7 de octubre 2026","og_url":"https:\/\/forempleo.uc3m.es\/empresas\/empresas-participantes\/","og_site_name":"Forempleo 2026 | 6 y 7 de octubre 2026","article_modified_time":"2026-04-14T16:11:03+00:00","twitter_card":"summary_large_image","twitter_misc":{"Tiempo de lectura":"1 minuto"},"schema":{"@context":"https:\/\/schema.org","@graph":[{"@type":"WebPage","@id":"https:\/\/forempleo.uc3m.es\/empresas\/empresas-participantes\/","url":"https:\/\/forempleo.uc3m.es\/empresas\/empresas-participantes\/","name":"Empresas participantes - Forempleo 2026 | 6 y 7 de octubre 2026","isPartOf":{"@id":"https:\/\/forempleo.uc3m.es\/empresas\/#website"},"datePublished":"2026-03-12T16:00:43+00:00","dateModified":"2026-04-14T16:11:03+00:00","breadcrumb":{"@id":"https:\/\/forempleo.uc3m.es\/empresas\/empresas-participantes\/#breadcrumb"},"inLanguage":"es","potentialAction":[{"@type":"ReadAction","target":["https:\/\/forempleo.uc3m.es\/empresas\/empresas-participantes\/"]}]},{"@type":"BreadcrumbList","@id":"https:\/\/forempleo.uc3m.es\/empresas\/empresas-participantes\/#breadcrumb","itemListElement":[{"@type":"ListItem","position":1,"name":"Portada","item":"https:\/\/forempleo.uc3m.es\/empresas\/"},{"@type":"ListItem","position":2,"name":"Empresas participantes"}]},{"@type":"WebSite","@id":"https:\/\/forempleo.uc3m.es\/empresas\/#website","url":"https:\/\/forempleo.uc3m.es\/empresas\/","name":"Forempleo 2026 | 6 y 7 de octubre 2026","description":"","publisher":{"@id":"https:\/\/forempleo.uc3m.es\/empresas\/#organization"},"potentialAction":[{"@type":"SearchAction","target":{"@type":"EntryPoint","urlTemplate":"https:\/\/forempleo.uc3m.es\/empresas\/?s={search_term_string}"},"query-input":{"@type":"PropertyValueSpecification","valueRequired":true,"valueName":"search_term_string"}}],"inLanguage":"es"},{"@type":"Organization","@id":"https:\/\/forempleo.uc3m.es\/empresas\/#organization","name":"Fundaci\u00f3n Universidad Carlos III de Madrid","url":"https:\/\/forempleo.uc3m.es\/empresas\/","logo":{"@type":"ImageObject","inLanguage":"es","@id":"https:\/\/forempleo.uc3m.es\/empresas\/#\/schema\/logo\/image\/","url":"https:\/\/forempleo.uc3m.es\/empresas\/wp-content\/uploads\/2026\/03\/fuciii_logo_blanco.png","contentUrl":"https:\/\/forempleo.uc3m.es\/empresas\/wp-content\/uploads\/2026\/03\/fuciii_logo_blanco.png","width":963,"height":238,"caption":"Fundaci\u00f3n Universidad Carlos III de Madrid"},"image":{"@id":"https:\/\/forempleo.uc3m.es\/empresas\/#\/schema\/logo\/image\/"}}]}},"_links":{"self":[{"href":"https:\/\/forempleo.uc3m.es\/empresas\/wp-json\/wp\/v2\/pages\/69","targetHints":{"allow":["GET"]}}],"collection":[{"href":"https:\/\/forempleo.uc3m.es\/empresas\/wp-json\/wp\/v2\/pages"}],"about":[{"href":"https:\/\/forempleo.uc3m.es\/empresas\/wp-json\/wp\/v2\/types\/page"}],"author":[{"embeddable":true,"href":"https:\/\/forempleo.uc3m.es\/empresas\/wp-json\/wp\/v2\/users\/1"}],"replies":[{"embeddable":true,"href":"https:\/\/forempleo.uc3m.es\/empresas\/wp-json\/wp\/v2\/comments?post=69"}],"version-history":[{"count":10,"href":"https:\/\/forempleo.uc3m.es\/empresas\/wp-json\/wp\/v2\/pages\/69\/revisions"}],"predecessor-version":[{"id":424,"href":"https:\/\/forempleo.uc3m.es\/empresas\/wp-json\/wp\/v2\/pages\/69\/revisions\/424"}],"wp:attachment":[{"href":"https:\/\/forempleo.uc3m.es\/empresas\/wp-json\/wp\/v2\/media?parent=69"}],"curies":[{"name":"wp","href":"https:\/\/api.w.org\/{rel}","templated":true}]}}