{"id":58,"date":"2026-03-12T17:00:47","date_gmt":"2026-03-12T16:00:47","guid":{"rendered":"https:\/\/forempleo.uc3m.es\/empresas\/?page_id=58"},"modified":"2026-04-15T09:43:31","modified_gmt":"2026-04-15T07:43:31","slug":"expositor","status":"publish","type":"page","link":"https:\/\/forempleo.uc3m.es\/empresas\/expositor\/","title":{"rendered":"Expositor"},"content":{"rendered":"<section class=\"l-section wpb_row height_medium\"><div class=\"l-section-h i-cf\"><div class=\"g-cols vc_row via_flex valign_top type_default stacking_default\"><div class=\"vc_col-sm-12 wpb_column vc_column_container\"><div class=\"vc_column-inner\"><div class=\"wpb_wrapper\"><div class=\"w-image us_custom_2d9ebfef align_center\"><div class=\"w-image-h\"><img decoding=\"async\" width=\"1281\" height=\"555\" src=\"https:\/\/forempleo.uc3m.es\/empresas\/wp-content\/uploads\/2026\/04\/Group-33.png\" class=\"attachment-full size-full\" alt=\"\" loading=\"lazy\" srcset=\"https:\/\/forempleo.uc3m.es\/empresas\/wp-content\/uploads\/2026\/04\/Group-33.png 1281w, https:\/\/forempleo.uc3m.es\/empresas\/wp-content\/uploads\/2026\/04\/Group-33-300x130.png 300w, https:\/\/forempleo.uc3m.es\/empresas\/wp-content\/uploads\/2026\/04\/Group-33-1024x444.png 1024w, https:\/\/forempleo.uc3m.es\/empresas\/wp-content\/uploads\/2026\/04\/Group-33-600x260.png 600w, https:\/\/forempleo.uc3m.es\/empresas\/wp-content\/uploads\/2026\/04\/Group-33-768x333.png 768w\" sizes=\"auto, (max-width: 1281px) 100vw, 1281px\" \/><\/div><\/div><div class=\"wpb_text_column us_custom_5c216bda has_text_color\"><div class=\"wpb_wrapper\"><h1 style=\"text-align: center;\">Conecta con el talento<br \/>\ndel futuro en Forempleo<\/h1>\n<\/div><\/div><\/div><\/div><\/div><\/div><\/div><\/section><section class=\"l-section wpb_row height_medium\"><div class=\"l-section-h i-cf\"><div class=\"g-cols vc_row via_flex valign_top type_default stacking_default\"><div class=\"vc_col-sm-6 wpb_column vc_column_container\"><div class=\"vc_column-inner us_custom_b24806f0 us_animate_this\"><div class=\"wpb_wrapper\"><div class=\"wpb_text_column\"><div class=\"wpb_wrapper\"><p>\u00danete a la mayor feria de empleo universitario de Madrid y posiciona tu marca empleadora. Como empresa expositora, contar\u00e1s con un stand propio para darte a conocer y conectar de forma directa con l@s estudiantes y titulad@s de la UC3M.<\/p>\n<p>No dejes pasar la oportunidad de formar parte de esta 31\u00aa edici\u00f3n y captar a l@s mejores estudiantes y titulad@s antes que nadie.<\/p>\n<\/div><\/div><\/div><\/div><\/div><div class=\"vc_col-sm-6 wpb_column vc_column_container  has_bg_color\"><div class=\"vc_column-inner us_custom_742a6d85 us_animate_this\"><div class=\"wpb_wrapper\"><div class=\"wpb_text_column\"><div class=\"wpb_wrapper\"><h4 style=\"text-align: center;\">Abierto el plazo de<br \/>\ninscripci\u00f3n de empresas<\/h4>\n<\/div><\/div><div class=\"w-btn-wrapper align_center\"><a class=\"w-btn us-btn-style_7 icon_atright\" href=\"https:\/\/forempleo.uc3m.es\/empresas\/informacion-y-contacto\/\"><span class=\"w-btn-label\">Reserva tu espacio<\/span><i class=\"fal fa-arrow-circle-right\"><\/i><\/a><\/div><\/div><\/div><\/div><\/div><\/div><\/section><section class=\"l-section wpb_row us_custom_60e9caca us_animate_this height_medium\"><div class=\"l-section-h i-cf\"><div class=\"g-cols vc_row via_flex valign_top type_default stacking_default\"><div class=\"vc_col-sm-12 wpb_column vc_column_container\"><div class=\"vc_column-inner\"><div class=\"wpb_wrapper\"><div class=\"g-cols wpb_row via_flex valign_top type_default stacking_default\"><div class=\"vc_col-sm-6 wpb_column vc_column_container\"><div class=\"vc_column-inner\"><div class=\"wpb_wrapper\"><div class=\"wpb_text_column\"><div class=\"wpb_wrapper\"><h2>Todo lo que incluye tu participaci\u00f3n en Forempleo<\/h2>\n<h4>Hemos dise\u00f1ado un paquete integral de participaci\u00f3n para atraer, conectar y reclutar el mejor talento universitario<\/h4>\n<\/div><\/div><\/div><\/div><\/div><div class=\"vc_col-sm-6 wpb_column vc_column_container\"><div class=\"vc_column-inner\"><div class=\"wpb_wrapper\"><\/div><\/div><\/div><\/div><div class=\"w-separator size_medium\"><\/div><div class=\"g-cols wpb_row via_flex valign_top type_default stacking_default\"><div class=\"vc_col-sm-4 wpb_column vc_column_container has_bg_color\"><div class=\"vc_column-inner us_custom_697aacd8\"><div class=\"wpb_wrapper\"><div class=\"w-iconbox iconpos_top style_default color_primary align_center no_text\"><div class=\"w-iconbox-icon\" style=\"font-size:2rem;\"><i class=\"fal fa-warehouse\"><\/i><\/div><div class=\"w-iconbox-meta\"><h3 class=\"w-iconbox-title\">Stand y dotaciones<\/h3><\/div><\/div><div class=\"wpb_text_column\"><div class=\"wpb_wrapper\"><ul>\n<li>Stand modular, de\u00a0 6 m2, con perfil de aluminio, color blanco y paredes de madera del mismo color.<\/li>\n<li>Mobiliario: Dos taburetes, una mesa alta y mostrador lateral.<\/li>\n<li>Rotulaci\u00f3n general para cada stand, con el nombre de la empresa expositora.<\/li>\n<li>Iluminaci\u00f3n propia para cada stand, mediante carril con dos focos giratorios.<\/li>\n<li>Acometida el\u00e9ctrica: Un enchufe por stand.<\/li>\n<\/ul>\n<\/div><\/div><\/div><\/div><\/div><div class=\"vc_col-sm-4 wpb_column vc_column_container has_bg_color\"><div class=\"vc_column-inner us_custom_697aacd8\"><div class=\"wpb_wrapper\"><div class=\"w-iconbox iconpos_top style_default color_primary align_center no_text\"><div class=\"w-iconbox-icon\" style=\"font-size:2rem;\"><i class=\"fal fa-bell\"><\/i><\/div><div class=\"w-iconbox-meta\"><h3 class=\"w-iconbox-title\">Difusi\u00f3n e imagen<\/h3><\/div><\/div><div class=\"wpb_text_column\"><div class=\"wpb_wrapper\"><ul>\n<li>Inclusi\u00f3n en el Cat\u00e1logo Oficial digital, que se difundir\u00e1 en el \u00e1mbito de esta Universidad y entre todos los visitantes de Forempleo 2026.<\/li>\n<li>Campa\u00f1a de difusi\u00f3n entre la Universidad Carlos III de Madrid.<\/li>\n<li>Espacio propio dentro de la web de Forempleo 2026, para difundir informaci\u00f3n sobre la empresa.<\/li>\n<\/ul>\n<\/div><\/div><\/div><\/div><\/div><div class=\"vc_col-sm-4 wpb_column vc_column_container has_bg_color\"><div class=\"vc_column-inner us_custom_697aacd8\"><div class=\"wpb_wrapper\"><div class=\"w-iconbox iconpos_top style_default color_primary align_center no_text\"><div class=\"w-iconbox-icon\" style=\"font-size:2rem;\"><i class=\"fal fa-arrow-alt-to-top\"><\/i><\/div><div class=\"w-iconbox-meta\"><h3 class=\"w-iconbox-title\">Otros servicios<\/h3><\/div><\/div><div class=\"wpb_text_column\"><div class=\"wpb_wrapper\"><ul>\n<li>Una plaza de aparcamiento por empresa.<\/li>\n<li>Tickets de comida.<\/li>\n<li>Conexi\u00f3n a Internet a trav\u00e9s de red Wi-Fi.<\/li>\n<li>Atenci\u00f3n personalizada a la empresa.<\/li>\n<li>Zona de Descanso con desayuno y caf\u00e9 durante todo el d\u00eda.<\/li>\n<li>Relaci\u00f3n con los medios de comunicaci\u00f3n que acuden a cubrir el evento.<\/li>\n<li>Seguro de Responsabilidad Civil.<\/li>\n<li>Dossier de prensa con las apariciones m\u00e1s importantes de Forempleo 2026 en radio, televisi\u00f3n, prensa, etc.<\/li>\n<\/ul>\n<\/div><\/div><\/div><\/div><\/div><\/div><\/div><\/div><\/div><\/div><\/div><\/section><!-- Row Backgrounds --><div class=\"upb_color\" data-bg-override=\"0\" data-bg-color=\"#E6F7FC\" data-fadeout=\"\" data-fadeout-percentage=\"30\" data-parallax-content=\"\" data-parallax-content-sense=\"30\" data-row-effect-mobile-disable=\"true\" data-img-parallax-mobile-disable=\"true\" data-rtl=\"false\"  data-custom-vc-row=\"\"  data-vc=\"8.7.2\"  data-is_old_vc=\"\"  data-theme-support=\"\"   data-overlay=\"false\" data-overlay-color=\"\" data-overlay-pattern=\"\" data-overlay-pattern-opacity=\"\" data-overlay-pattern-size=\"\"    ><\/div><section class=\"l-section wpb_row us_custom_f029a2ba height_medium\"><div class=\"l-section-h i-cf\"><div class=\"g-cols vc_row via_flex valign_top type_default stacking_default\"><div class=\"vc_col-sm-12 wpb_column vc_column_container\"><div class=\"vc_column-inner\"><div class=\"wpb_wrapper\"><div class=\"wpb_text_column\"><div class=\"wpb_wrapper\"><h2 style=\"text-align: center;\">Planta de distrubuci\u00f3n<\/h2>\n<\/div><\/div><div class=\"g-cols wpb_row via_flex valign_top type_default stacking_default\"><div class=\"vc_col-sm-2 wpb_column vc_column_container\"><div class=\"vc_column-inner\"><div class=\"wpb_wrapper\"><\/div><\/div><\/div><div class=\"vc_col-sm-8 wpb_column vc_column_container\"><div class=\"vc_column-inner\"><div class=\"wpb_wrapper\"><div class=\"w-image align_center\"><div class=\"w-image-h\"><img decoding=\"async\" width=\"873\" height=\"835\" src=\"https:\/\/forempleo.uc3m.es\/empresas\/wp-content\/uploads\/2026\/04\/planta-de-distribucion.png\" class=\"attachment-large size-large\" alt=\"\" loading=\"lazy\" srcset=\"https:\/\/forempleo.uc3m.es\/empresas\/wp-content\/uploads\/2026\/04\/planta-de-distribucion.png 873w, https:\/\/forempleo.uc3m.es\/empresas\/wp-content\/uploads\/2026\/04\/planta-de-distribucion-300x287.png 300w, https:\/\/forempleo.uc3m.es\/empresas\/wp-content\/uploads\/2026\/04\/planta-de-distribucion-600x574.png 600w, https:\/\/forempleo.uc3m.es\/empresas\/wp-content\/uploads\/2026\/04\/planta-de-distribucion-768x735.png 768w\" sizes=\"auto, (max-width: 873px) 100vw, 873px\" \/><\/div><\/div><div class=\"w-separator size_medium\"><\/div><div class=\"wpb_text_column us_custom_f4397b66\"><div class=\"wpb_wrapper\"><p style=\"text-align: center;\">(*) Este plano no es contractual. La Organizaci\u00f3n se reserva el derecho a modificarlo en caso de necesidad.<\/p>\n<\/div><\/div><\/div><\/div><\/div><div class=\"vc_col-sm-2 wpb_column vc_column_container\"><div class=\"vc_column-inner\"><div class=\"wpb_wrapper\"><\/div><\/div><\/div><\/div><\/div><\/div><\/div><\/div><\/div><\/section><section class=\"l-section wpb_row us_custom_8f2ba1f4 us_animate_this height_medium\"><div class=\"l-section-h i-cf\"><div class=\"g-cols vc_row via_flex valign_top type_default stacking_default\"><div class=\"vc_col-sm-12 wpb_column vc_column_container has_bg_color\"><div class=\"vc_column-inner us_custom_a768e2a6\"><div class=\"wpb_wrapper\"><div class=\"wpb_text_column\"><div class=\"wpb_wrapper\"><h3 style=\"text-align: center;\">\u00a1No te quedes fuera!<br \/>\nReserva tu espacio ahora<\/h3>\n<\/div><\/div><div class=\"w-btn-wrapper align_center\"><a class=\"w-btn us-btn-style_7 icon_atright\" href=\"https:\/\/forempleo.uc3m.es\/empresas\/informacion-y-contacto\/\"><span class=\"w-btn-label\">Reserva tu espacio<\/span><i class=\"fal fa-arrow-circle-right\"><\/i><\/a><\/div><\/div><\/div><\/div><\/div><\/div><\/section>\n","protected":false},"excerpt":{"rendered":"Conecta con el talento del futuro en Forempleo \u00danete a la mayor feria de empleo universitario de Madrid y posiciona tu marca empleadora. Como empresa expositora, contar\u00e1s con un stand propio para darte a conocer y conectar de forma directa con l@s estudiantes y titulad@s de la UC3M. No dejes pasar la oportunidad de formar...","protected":false},"author":1,"featured_media":0,"parent":0,"menu_order":0,"comment_status":"closed","ping_status":"closed","template":"","meta":{"footnotes":""},"class_list":["post-58","page","type-page","status-publish","hentry"],"yoast_head":"<!-- This site is optimized with the Yoast SEO plugin v27.4 - https:\/\/yoast.com\/product\/yoast-seo-wordpress\/ -->\n<title>Expositor - Forempleo 2026 | 6 y 7 de octubre 2026<\/title>\n<meta name=\"robots\" content=\"index, follow, max-snippet:-1, max-image-preview:large, max-video-preview:-1\" \/>\n<link rel=\"canonical\" href=\"https:\/\/forempleo.uc3m.es\/empresas\/expositor\/\" \/>\n<meta property=\"og:locale\" content=\"es_ES\" \/>\n<meta property=\"og:type\" content=\"article\" \/>\n<meta property=\"og:title\" content=\"Expositor - Forempleo 2026 | 6 y 7 de octubre 2026\" \/>\n<meta property=\"og:url\" content=\"https:\/\/forempleo.uc3m.es\/empresas\/expositor\/\" \/>\n<meta property=\"og:site_name\" content=\"Forempleo 2026 | 6 y 7 de octubre 2026\" \/>\n<meta property=\"article:modified_time\" content=\"2026-04-15T07:43:31+00:00\" \/>\n<meta name=\"twitter:card\" content=\"summary_large_image\" \/>\n<meta name=\"twitter:label1\" content=\"Tiempo de lectura\" \/>\n\t<meta name=\"twitter:data1\" content=\"5 minutos\" \/>\n<script type=\"application\/ld+json\" class=\"yoast-schema-graph\">{\"@context\":\"https:\\\/\\\/schema.org\",\"@graph\":[{\"@type\":\"WebPage\",\"@id\":\"https:\\\/\\\/forempleo.uc3m.es\\\/empresas\\\/expositor\\\/\",\"url\":\"https:\\\/\\\/forempleo.uc3m.es\\\/empresas\\\/expositor\\\/\",\"name\":\"Expositor - Forempleo 2026 | 6 y 7 de octubre 2026\",\"isPartOf\":{\"@id\":\"https:\\\/\\\/forempleo.uc3m.es\\\/empresas\\\/#website\"},\"datePublished\":\"2026-03-12T16:00:47+00:00\",\"dateModified\":\"2026-04-15T07:43:31+00:00\",\"breadcrumb\":{\"@id\":\"https:\\\/\\\/forempleo.uc3m.es\\\/empresas\\\/expositor\\\/#breadcrumb\"},\"inLanguage\":\"es\",\"potentialAction\":[{\"@type\":\"ReadAction\",\"target\":[\"https:\\\/\\\/forempleo.uc3m.es\\\/empresas\\\/expositor\\\/\"]}]},{\"@type\":\"BreadcrumbList\",\"@id\":\"https:\\\/\\\/forempleo.uc3m.es\\\/empresas\\\/expositor\\\/#breadcrumb\",\"itemListElement\":[{\"@type\":\"ListItem\",\"position\":1,\"name\":\"Portada\",\"item\":\"https:\\\/\\\/forempleo.uc3m.es\\\/empresas\\\/\"},{\"@type\":\"ListItem\",\"position\":2,\"name\":\"Expositor\"}]},{\"@type\":\"WebSite\",\"@id\":\"https:\\\/\\\/forempleo.uc3m.es\\\/empresas\\\/#website\",\"url\":\"https:\\\/\\\/forempleo.uc3m.es\\\/empresas\\\/\",\"name\":\"Forempleo 2026 | 6 y 7 de octubre 2026\",\"description\":\"\",\"publisher\":{\"@id\":\"https:\\\/\\\/forempleo.uc3m.es\\\/empresas\\\/#organization\"},\"potentialAction\":[{\"@type\":\"SearchAction\",\"target\":{\"@type\":\"EntryPoint\",\"urlTemplate\":\"https:\\\/\\\/forempleo.uc3m.es\\\/empresas\\\/?s={search_term_string}\"},\"query-input\":{\"@type\":\"PropertyValueSpecification\",\"valueRequired\":true,\"valueName\":\"search_term_string\"}}],\"inLanguage\":\"es\"},{\"@type\":\"Organization\",\"@id\":\"https:\\\/\\\/forempleo.uc3m.es\\\/empresas\\\/#organization\",\"name\":\"Fundaci\u00f3n Universidad Carlos III de Madrid\",\"url\":\"https:\\\/\\\/forempleo.uc3m.es\\\/empresas\\\/\",\"logo\":{\"@type\":\"ImageObject\",\"inLanguage\":\"es\",\"@id\":\"https:\\\/\\\/forempleo.uc3m.es\\\/empresas\\\/#\\\/schema\\\/logo\\\/image\\\/\",\"url\":\"https:\\\/\\\/forempleo.uc3m.es\\\/empresas\\\/wp-content\\\/uploads\\\/2026\\\/03\\\/fuciii_logo_blanco.png\",\"contentUrl\":\"https:\\\/\\\/forempleo.uc3m.es\\\/empresas\\\/wp-content\\\/uploads\\\/2026\\\/03\\\/fuciii_logo_blanco.png\",\"width\":963,\"height\":238,\"caption\":\"Fundaci\u00f3n Universidad Carlos III de Madrid\"},\"image\":{\"@id\":\"https:\\\/\\\/forempleo.uc3m.es\\\/empresas\\\/#\\\/schema\\\/logo\\\/image\\\/\"}}]}<\/script>\n<!-- \/ Yoast SEO plugin. -->","yoast_head_json":{"title":"Expositor - Forempleo 2026 | 6 y 7 de octubre 2026","robots":{"index":"index","follow":"follow","max-snippet":"max-snippet:-1","max-image-preview":"max-image-preview:large","max-video-preview":"max-video-preview:-1"},"canonical":"https:\/\/forempleo.uc3m.es\/empresas\/expositor\/","og_locale":"es_ES","og_type":"article","og_title":"Expositor - Forempleo 2026 | 6 y 7 de octubre 2026","og_url":"https:\/\/forempleo.uc3m.es\/empresas\/expositor\/","og_site_name":"Forempleo 2026 | 6 y 7 de octubre 2026","article_modified_time":"2026-04-15T07:43:31+00:00","twitter_card":"summary_large_image","twitter_misc":{"Tiempo de lectura":"5 minutos"},"schema":{"@context":"https:\/\/schema.org","@graph":[{"@type":"WebPage","@id":"https:\/\/forempleo.uc3m.es\/empresas\/expositor\/","url":"https:\/\/forempleo.uc3m.es\/empresas\/expositor\/","name":"Expositor - Forempleo 2026 | 6 y 7 de octubre 2026","isPartOf":{"@id":"https:\/\/forempleo.uc3m.es\/empresas\/#website"},"datePublished":"2026-03-12T16:00:47+00:00","dateModified":"2026-04-15T07:43:31+00:00","breadcrumb":{"@id":"https:\/\/forempleo.uc3m.es\/empresas\/expositor\/#breadcrumb"},"inLanguage":"es","potentialAction":[{"@type":"ReadAction","target":["https:\/\/forempleo.uc3m.es\/empresas\/expositor\/"]}]},{"@type":"BreadcrumbList","@id":"https:\/\/forempleo.uc3m.es\/empresas\/expositor\/#breadcrumb","itemListElement":[{"@type":"ListItem","position":1,"name":"Portada","item":"https:\/\/forempleo.uc3m.es\/empresas\/"},{"@type":"ListItem","position":2,"name":"Expositor"}]},{"@type":"WebSite","@id":"https:\/\/forempleo.uc3m.es\/empresas\/#website","url":"https:\/\/forempleo.uc3m.es\/empresas\/","name":"Forempleo 2026 | 6 y 7 de octubre 2026","description":"","publisher":{"@id":"https:\/\/forempleo.uc3m.es\/empresas\/#organization"},"potentialAction":[{"@type":"SearchAction","target":{"@type":"EntryPoint","urlTemplate":"https:\/\/forempleo.uc3m.es\/empresas\/?s={search_term_string}"},"query-input":{"@type":"PropertyValueSpecification","valueRequired":true,"valueName":"search_term_string"}}],"inLanguage":"es"},{"@type":"Organization","@id":"https:\/\/forempleo.uc3m.es\/empresas\/#organization","name":"Fundaci\u00f3n Universidad Carlos III de Madrid","url":"https:\/\/forempleo.uc3m.es\/empresas\/","logo":{"@type":"ImageObject","inLanguage":"es","@id":"https:\/\/forempleo.uc3m.es\/empresas\/#\/schema\/logo\/image\/","url":"https:\/\/forempleo.uc3m.es\/empresas\/wp-content\/uploads\/2026\/03\/fuciii_logo_blanco.png","contentUrl":"https:\/\/forempleo.uc3m.es\/empresas\/wp-content\/uploads\/2026\/03\/fuciii_logo_blanco.png","width":963,"height":238,"caption":"Fundaci\u00f3n Universidad Carlos III de Madrid"},"image":{"@id":"https:\/\/forempleo.uc3m.es\/empresas\/#\/schema\/logo\/image\/"}}]}},"_links":{"self":[{"href":"https:\/\/forempleo.uc3m.es\/empresas\/wp-json\/wp\/v2\/pages\/58","targetHints":{"allow":["GET"]}}],"collection":[{"href":"https:\/\/forempleo.uc3m.es\/empresas\/wp-json\/wp\/v2\/pages"}],"about":[{"href":"https:\/\/forempleo.uc3m.es\/empresas\/wp-json\/wp\/v2\/types\/page"}],"author":[{"embeddable":true,"href":"https:\/\/forempleo.uc3m.es\/empresas\/wp-json\/wp\/v2\/users\/1"}],"replies":[{"embeddable":true,"href":"https:\/\/forempleo.uc3m.es\/empresas\/wp-json\/wp\/v2\/comments?post=58"}],"version-history":[{"count":27,"href":"https:\/\/forempleo.uc3m.es\/empresas\/wp-json\/wp\/v2\/pages\/58\/revisions"}],"predecessor-version":[{"id":425,"href":"https:\/\/forempleo.uc3m.es\/empresas\/wp-json\/wp\/v2\/pages\/58\/revisions\/425"}],"wp:attachment":[{"href":"https:\/\/forempleo.uc3m.es\/empresas\/wp-json\/wp\/v2\/media?parent=58"}],"curies":[{"name":"wp","href":"https:\/\/api.w.org\/{rel}","templated":true}]}}