{"id":51,"date":"2026-03-12T17:00:35","date_gmt":"2026-03-12T16:00:35","guid":{"rendered":"https:\/\/forempleo.uc3m.es\/empresas\/?page_id=51"},"modified":"2026-04-15T09:45:13","modified_gmt":"2026-04-15T07:45:13","slug":"por-que-participar","status":"publish","type":"page","link":"https:\/\/forempleo.uc3m.es\/empresas\/por-que-participar\/","title":{"rendered":"\u00bfPor qu\u00e9 participar?"},"content":{"rendered":"<section class=\"l-section wpb_row height_medium\"><div class=\"l-section-h i-cf\"><div class=\"g-cols vc_row via_flex valign_top type_default stacking_default\"><div class=\"vc_col-sm-12 wpb_column vc_column_container\"><div class=\"vc_column-inner\"><div class=\"wpb_wrapper\"><div class=\"w-image us_custom_08eb38e1 has_ratio align_center\"><div class=\"w-image-h\"><div style=\"padding-bottom:42.8571%\"><\/div><img decoding=\"async\" width=\"1281\" height=\"555\" src=\"https:\/\/forempleo.uc3m.es\/empresas\/wp-content\/uploads\/2026\/04\/Group-37.png\" class=\"attachment-full size-full\" alt=\"\" loading=\"lazy\" \/><\/div><\/div><div class=\"wpb_text_column us_custom_03cca2be has_text_color\"><div class=\"wpb_wrapper\"><h1 style=\"text-align: center;\">Posiciona tu empresa donde est\u00e1<br \/>\nel talento que buscas<\/h1>\n<\/div><\/div><\/div><\/div><\/div><\/div><\/div><\/section><section class=\"l-section wpb_row height_medium\"><div class=\"l-section-h i-cf\"><div class=\"g-cols vc_row via_flex valign_top type_default stacking_default\"><div class=\"vc_col-sm-12 wpb_column vc_column_container\"><div class=\"vc_column-inner us_custom_7e20fa79 us_animate_this\"><div class=\"wpb_wrapper\"><div class=\"wpb_text_column\"><div class=\"wpb_wrapper\"><h2>La feria de empleo de referencia en Madrid<\/h2>\n<\/div><\/div><div class=\"wpb_text_column\"><div class=\"wpb_wrapper\"><p style=\"text-align: left;\">Las cifras de Forempleo demuestran por qu\u00e9 somos el punto de encuentro imprescindible entre el mundo acad\u00e9mico y el empresarial. Con una experiencia de 30 ediciones desarrolladas, reunimos a m\u00e1s de 7.000 j\u00f3venes al d\u00eda con una media de edad de 23 a\u00f1os.<\/p>\n<p style=\"text-align: left;\">Aqu\u00ed encontrar\u00e1s el talento que tu organizaci\u00f3n necesita, con un 82% de estudiantes de \u00faltimos cursos, un 18% de titulad@s y un marcado perfil tecnol\u00f3gico (51% de estudiantes de ingenier\u00eda). \u00danete a la feria de empleo universitario de referencia.<\/p>\n<\/div><\/div><div class=\"w-hwrapper valign_top stack_on_mobiles align_justify\" style=\"--hwrapper-gap:2rem\"><div class=\"w-vwrapper align_none valign_top\"><div class=\"w-iconbox us_custom_8d5aa4e2 iconpos_top style_default color_custom align_center no_text no_title\"><div class=\"w-iconbox-icon\" style=\"font-size:3rem;--icon-color:#00b2df;\"><i class=\"fal fa-calendar-star\"><\/i><\/div><div class=\"w-iconbox-meta\"><\/div><\/div><div class=\"w-counter us_custom_7e52264c color_custom align_center animation_none has_font_size\" data-duration=\"2\" style=\"--w-counter-duration: 2s;\"><div class=\"w-counter-value\" aria-label=\"30\" style=\"color:var(--color-chrome-toolbar);\"><span class=\"w-counter-value-part final\" aria-hidden=\"true\">30<\/span><span class=\"w-counter-value-part hidden type_text\" aria-hidden=\"true\" data-final><\/span><span class=\"w-counter-value-part hidden type_number\" aria-hidden=\"true\" data-final=\"30\">1<\/span><span class=\"w-counter-value-part hidden type_text\" aria-hidden=\"true\" data-final><\/span><\/div><h4 class=\"w-counter-title\">ediciones<\/h4><\/div><\/div><div class=\"w-vwrapper align_none valign_top\"><div class=\"w-iconbox us_custom_8d5aa4e2 iconpos_top style_default color_custom align_center no_text no_title\"><div class=\"w-iconbox-icon\" style=\"font-size:3rem;--icon-color:#00b2df;\"><i class=\"fal fa-users\"><\/i><\/div><div class=\"w-iconbox-meta\"><\/div><\/div><div class=\"w-counter us_custom_7e52264c color_custom align_center animation_none has_font_size\" data-duration=\"2\" style=\"--w-counter-duration: 2s;\"><div class=\"w-counter-value\" aria-label=\"7000\" style=\"color:var(--color-chrome-toolbar);\"><span class=\"w-counter-value-part final\" aria-hidden=\"true\">7000<\/span><span class=\"w-counter-value-part hidden type_text\" aria-hidden=\"true\" data-final><\/span><span class=\"w-counter-value-part hidden type_number\" aria-hidden=\"true\" data-final=\"7000\">1<\/span><span class=\"w-counter-value-part hidden type_text\" aria-hidden=\"true\" data-final><\/span><\/div><h4 class=\"w-counter-title\">visitantes<br \/>\n\/d\u00eda<\/h4><\/div><\/div><div class=\"w-vwrapper align_none valign_top\"><div class=\"w-iconbox us_custom_8d5aa4e2 iconpos_top style_default color_custom align_center no_text no_title\"><div class=\"w-iconbox-icon\" style=\"font-size:3rem;--icon-color:#00b2df;\"><i class=\"fal fa-star\"><\/i><\/div><div class=\"w-iconbox-meta\"><\/div><\/div><div class=\"w-counter us_custom_7e52264c color_custom align_center animation_none has_font_size\" data-duration=\"2\" style=\"--w-counter-duration: 2s;\"><div class=\"w-counter-value\" aria-label=\"97,4%\" style=\"color:var(--color-chrome-toolbar);\"><span class=\"w-counter-value-part final\" aria-hidden=\"true\">97,4%<\/span><span class=\"w-counter-value-part hidden type_text\" aria-hidden=\"true\" data-final><\/span><span class=\"w-counter-value-part hidden type_number\" aria-hidden=\"true\" data-final=\"97,4\">0<\/span><span class=\"w-counter-value-part hidden type_text\" aria-hidden=\"true\" data-final=\"%\">%<\/span><\/div><h4 class=\"w-counter-title\">satisfacci\u00f3n<br \/>\nexpositores<\/h4><\/div><\/div><div class=\"w-vwrapper align_none valign_top\"><div class=\"w-iconbox us_custom_8d5aa4e2 iconpos_top style_default color_custom align_center no_text no_title\"><div class=\"w-iconbox-icon\" style=\"font-size:3rem;--icon-color:#00b2df;\"><i class=\"fal fa-graduation-cap\"><\/i><\/div><div class=\"w-iconbox-meta\"><\/div><\/div><div class=\"w-counter us_custom_7e52264c color_custom align_center animation_none has_font_size\" data-duration=\"2\" style=\"--w-counter-duration: 2s;\"><div class=\"w-counter-value\" aria-label=\"82%\" style=\"color:var(--color-chrome-toolbar);\"><span class=\"w-counter-value-part final\" aria-hidden=\"true\">82%<\/span><span class=\"w-counter-value-part hidden type_text\" aria-hidden=\"true\" data-final><\/span><span class=\"w-counter-value-part hidden type_number\" aria-hidden=\"true\" data-final=\"82\">0<\/span><span class=\"w-counter-value-part hidden type_text\" aria-hidden=\"true\" data-final=\"%\">%<\/span><\/div><h4 class=\"w-counter-title\">estudiantes<\/h4><\/div><\/div><div class=\"w-vwrapper align_none valign_top\"><div class=\"w-iconbox us_custom_8d5aa4e2 iconpos_top style_default color_custom align_center no_text no_title\"><div class=\"w-iconbox-icon\" style=\"font-size:3rem;--icon-color:#00b2df;\"><i class=\"fal fa-file-certificate\"><\/i><\/div><div class=\"w-iconbox-meta\"><\/div><\/div><div class=\"w-counter us_custom_7e52264c color_custom align_center animation_none has_font_size\" data-duration=\"2\" style=\"--w-counter-duration: 2s;\"><div class=\"w-counter-value\" aria-label=\"18%\" style=\"color:var(--color-chrome-toolbar);\"><span class=\"w-counter-value-part final\" aria-hidden=\"true\">18%<\/span><span class=\"w-counter-value-part hidden type_text\" aria-hidden=\"true\" data-final><\/span><span class=\"w-counter-value-part hidden type_number\" aria-hidden=\"true\" data-final=\"18\">0<\/span><span class=\"w-counter-value-part hidden type_text\" aria-hidden=\"true\" data-final=\"%\">%<\/span><\/div><h4 class=\"w-counter-title\">titulad@s<\/h4><\/div><\/div><div class=\"w-vwrapper align_none valign_top\"><div class=\"w-iconbox us_custom_8d5aa4e2 iconpos_top style_default color_custom align_center no_text no_title\"><div class=\"w-iconbox-icon\" style=\"font-size:3rem;--icon-color:#00b2df;\"><i class=\"fal fa-thumbs-up\"><\/i><\/div><div class=\"w-iconbox-meta\"><\/div><\/div><div class=\"w-counter us_custom_7e52264c color_custom align_center animation_none has_font_size\" data-duration=\"2\" style=\"--w-counter-duration: 2s;\"><div class=\"w-counter-value\" aria-label=\"95,7%\" style=\"color:var(--color-chrome-toolbar);\"><span class=\"w-counter-value-part final\" aria-hidden=\"true\">95,7%<\/span><span class=\"w-counter-value-part hidden type_text\" aria-hidden=\"true\" data-final><\/span><span class=\"w-counter-value-part hidden type_number\" aria-hidden=\"true\" data-final=\"95,7\">0<\/span><span class=\"w-counter-value-part hidden type_text\" aria-hidden=\"true\" data-final=\"%\">%<\/span><\/div><h4 class=\"w-counter-title\">satisfacci\u00f3n<br \/>\nvisitantes<\/h4><\/div><\/div><\/div><\/div><\/div><\/div><\/div><\/div><\/section><!-- Row Backgrounds --><div class=\"upb_color\" data-bg-override=\"0\" data-bg-color=\"#E6F7FC\" data-fadeout=\"\" data-fadeout-percentage=\"30\" data-parallax-content=\"\" data-parallax-content-sense=\"30\" data-row-effect-mobile-disable=\"true\" data-img-parallax-mobile-disable=\"true\" data-rtl=\"false\"  data-custom-vc-row=\"\"  data-vc=\"8.7.2\"  data-is_old_vc=\"\"  data-theme-support=\"\"   data-overlay=\"false\" data-overlay-color=\"\" data-overlay-pattern=\"\" data-overlay-pattern-opacity=\"\" data-overlay-pattern-size=\"\"    ><\/div><section class=\"l-section wpb_row us_custom_60e9caca us_animate_this height_medium\"><div class=\"l-section-h i-cf\"><div class=\"g-cols vc_row via_flex valign_top type_default stacking_default\"><div class=\"vc_col-sm-4 wpb_column vc_column_container\"><div class=\"vc_column-inner\"><div class=\"wpb_wrapper\"><div class=\"wpb_text_column\"><div class=\"wpb_wrapper\"><h2>Capta al mejor talento para tu empresa<\/h2>\n<h4>Conoce todas las posibilidades que ponemos a tu disposici\u00f3n para participar el Forempleo 2026<\/h4>\n<\/div><\/div><\/div><\/div><\/div><div class=\"vc_col-sm-4 wpb_column vc_column_container has_bg_color\"><div class=\"vc_column-inner us_custom_88c903a5\"><div class=\"wpb_wrapper\"><div class=\"wpb_text_column\"><div class=\"wpb_wrapper\"><h3>Como expositor<\/h3>\n<p>Las empresas participantes contar\u00e1n con un stand para darse a conocer entre l@s estudiantes y titulad@s que visiten la feria<\/p>\n<\/div><\/div><div class=\"w-btn-wrapper align_right\"><a class=\"w-btn us-btn-style_7 icon_atright\" href=\"https:\/\/forempleo.uc3m.es\/empresas\/expositor\/\"><span class=\"w-btn-label\">SABER<\/span><i class=\"fal fa-fal fa-plus\"><\/i><\/a><\/div><\/div><\/div><\/div><div class=\"vc_col-sm-4 wpb_column vc_column_container has_bg_color\"><div class=\"vc_column-inner us_custom_967d700b\"><div class=\"wpb_wrapper\"><div class=\"wpb_text_column\"><div class=\"wpb_wrapper\"><h3>Actividades<\/h3>\n<p>Contacta con candidat@s y conoce de primera mano las habilidades y competencias de l@s universitari@s, pudiendo realizar entrevistas de trabajo durante la feria.<\/p>\n<\/div><\/div><div class=\"w-btn-wrapper align_right\"><a class=\"w-btn us-btn-style_7 icon_atright\" href=\"https:\/\/forempleo.uc3m.es\/empresas\/actividades-complementarias\/\"><span class=\"w-btn-label\">SABER<\/span><i class=\"fal fa-fal fa-plus\"><\/i><\/a><\/div><\/div><\/div><\/div><\/div><\/div><\/section><!-- Row Backgrounds --><div class=\"upb_color\" data-bg-override=\"0\" data-bg-color=\"#00000000\" data-fadeout=\"\" data-fadeout-percentage=\"30\" data-parallax-content=\"\" data-parallax-content-sense=\"30\" data-row-effect-mobile-disable=\"true\" data-img-parallax-mobile-disable=\"true\" data-rtl=\"false\"  data-custom-vc-row=\"\"  data-vc=\"8.7.2\"  data-is_old_vc=\"\"  data-theme-support=\"\"   data-overlay=\"false\" data-overlay-color=\"\" data-overlay-pattern=\"\" data-overlay-pattern-opacity=\"\" data-overlay-pattern-size=\"\"    ><\/div><section class=\"l-section wpb_row us_custom_8d5aa4e2 height_small\"><div class=\"l-section-h i-cf\"><div class=\"g-cols vc_row via_flex valign_top type_default stacking_default\"><div class=\"vc_col-sm-12 wpb_column vc_column_container\"><div class=\"vc_column-inner\"><div class=\"wpb_wrapper\"><div class=\"wpb_text_column\"><div class=\"wpb_wrapper\"><h2 style=\"text-align: center;\">Vive la experiencia Forempleo: as\u00ed fue nuestra \u00faltima edici\u00f3n<\/h2>\n<\/div><\/div><div class=\"w-video align_none ratio_16x9 has_iframe\"><div class=\"w-video-h\"><iframe title=\"Youtube video player\" src=\"\/\/www.youtube.com\/embed\/ewv-AintNLE?autoplay=0&controls=1&origin=https:\/\/forempleo.uc3m.es\/empresas&loop=0&mute=0\" allowfullscreen=\"1\" loading=\"lazy\"><\/iframe><\/div><\/div><\/div><\/div><\/div><\/div><\/div><\/section><section class=\"l-section wpb_row us_custom_8f2ba1f4 us_animate_this height_medium\"><div class=\"l-section-h i-cf\"><div class=\"g-cols vc_row via_flex valign_top type_default stacking_default\"><div class=\"vc_col-sm-12 wpb_column vc_column_container has_bg_color\"><div class=\"vc_column-inner us_custom_a768e2a6\"><div class=\"wpb_wrapper\"><div class=\"wpb_text_column\"><div class=\"wpb_wrapper\"><h3 style=\"text-align: center;\">\u00a1No te quedes fuera!<br \/>\nReserva tu espacio ahora<\/h3>\n<\/div><\/div><div class=\"w-btn-wrapper align_center\"><a class=\"w-btn us-btn-style_7 icon_atright\" href=\"https:\/\/forempleo.uc3m.es\/empresas\/informacion-y-contacto\/\"><span class=\"w-btn-label\">Reserva tu espacio<\/span><i class=\"fal fa-arrow-circle-right\"><\/i><\/a><\/div><\/div><\/div><\/div><\/div><\/div><\/section>\n","protected":false},"excerpt":{"rendered":"Posiciona tu empresa donde est\u00e1 el talento que buscas La feria de empleo de referencia en Madrid Las cifras de Forempleo demuestran por qu\u00e9 somos el punto de encuentro imprescindible entre el mundo acad\u00e9mico y el empresarial. Con una experiencia de 30 ediciones desarrolladas, reunimos a m\u00e1s de 7.000 j\u00f3venes al d\u00eda con una media...","protected":false},"author":1,"featured_media":0,"parent":0,"menu_order":0,"comment_status":"closed","ping_status":"closed","template":"","meta":{"footnotes":""},"class_list":["post-51","page","type-page","status-publish","hentry"],"yoast_head":"<!-- This site is optimized with the Yoast SEO plugin v27.4 - https:\/\/yoast.com\/product\/yoast-seo-wordpress\/ -->\n<title>\u00bfPor qu\u00e9 participar? - Forempleo 2026 | 6 y 7 de octubre 2026<\/title>\n<meta name=\"robots\" content=\"index, follow, max-snippet:-1, max-image-preview:large, max-video-preview:-1\" \/>\n<link rel=\"canonical\" href=\"https:\/\/forempleo.uc3m.es\/empresas\/por-que-participar\/\" \/>\n<meta property=\"og:locale\" content=\"es_ES\" \/>\n<meta property=\"og:type\" content=\"article\" \/>\n<meta property=\"og:title\" content=\"\u00bfPor qu\u00e9 participar? - Forempleo 2026 | 6 y 7 de octubre 2026\" \/>\n<meta property=\"og:url\" content=\"https:\/\/forempleo.uc3m.es\/empresas\/por-que-participar\/\" \/>\n<meta property=\"og:site_name\" content=\"Forempleo 2026 | 6 y 7 de octubre 2026\" \/>\n<meta property=\"article:modified_time\" content=\"2026-04-15T07:45:13+00:00\" \/>\n<meta name=\"twitter:card\" content=\"summary_large_image\" \/>\n<meta name=\"twitter:label1\" content=\"Tiempo de lectura\" \/>\n\t<meta name=\"twitter:data1\" content=\"9 minutos\" \/>\n<script type=\"application\/ld+json\" class=\"yoast-schema-graph\">{\"@context\":\"https:\\\/\\\/schema.org\",\"@graph\":[{\"@type\":\"WebPage\",\"@id\":\"https:\\\/\\\/forempleo.uc3m.es\\\/empresas\\\/por-que-participar\\\/\",\"url\":\"https:\\\/\\\/forempleo.uc3m.es\\\/empresas\\\/por-que-participar\\\/\",\"name\":\"\u00bfPor qu\u00e9 participar? - Forempleo 2026 | 6 y 7 de octubre 2026\",\"isPartOf\":{\"@id\":\"https:\\\/\\\/forempleo.uc3m.es\\\/empresas\\\/#website\"},\"datePublished\":\"2026-03-12T16:00:35+00:00\",\"dateModified\":\"2026-04-15T07:45:13+00:00\",\"breadcrumb\":{\"@id\":\"https:\\\/\\\/forempleo.uc3m.es\\\/empresas\\\/por-que-participar\\\/#breadcrumb\"},\"inLanguage\":\"es\",\"potentialAction\":[{\"@type\":\"ReadAction\",\"target\":[\"https:\\\/\\\/forempleo.uc3m.es\\\/empresas\\\/por-que-participar\\\/\"]}]},{\"@type\":\"BreadcrumbList\",\"@id\":\"https:\\\/\\\/forempleo.uc3m.es\\\/empresas\\\/por-que-participar\\\/#breadcrumb\",\"itemListElement\":[{\"@type\":\"ListItem\",\"position\":1,\"name\":\"Portada\",\"item\":\"https:\\\/\\\/forempleo.uc3m.es\\\/empresas\\\/\"},{\"@type\":\"ListItem\",\"position\":2,\"name\":\"\u00bfPor qu\u00e9 participar?\"}]},{\"@type\":\"WebSite\",\"@id\":\"https:\\\/\\\/forempleo.uc3m.es\\\/empresas\\\/#website\",\"url\":\"https:\\\/\\\/forempleo.uc3m.es\\\/empresas\\\/\",\"name\":\"Forempleo 2026 | 6 y 7 de octubre 2026\",\"description\":\"\",\"publisher\":{\"@id\":\"https:\\\/\\\/forempleo.uc3m.es\\\/empresas\\\/#organization\"},\"potentialAction\":[{\"@type\":\"SearchAction\",\"target\":{\"@type\":\"EntryPoint\",\"urlTemplate\":\"https:\\\/\\\/forempleo.uc3m.es\\\/empresas\\\/?s={search_term_string}\"},\"query-input\":{\"@type\":\"PropertyValueSpecification\",\"valueRequired\":true,\"valueName\":\"search_term_string\"}}],\"inLanguage\":\"es\"},{\"@type\":\"Organization\",\"@id\":\"https:\\\/\\\/forempleo.uc3m.es\\\/empresas\\\/#organization\",\"name\":\"Fundaci\u00f3n Universidad Carlos III de Madrid\",\"url\":\"https:\\\/\\\/forempleo.uc3m.es\\\/empresas\\\/\",\"logo\":{\"@type\":\"ImageObject\",\"inLanguage\":\"es\",\"@id\":\"https:\\\/\\\/forempleo.uc3m.es\\\/empresas\\\/#\\\/schema\\\/logo\\\/image\\\/\",\"url\":\"https:\\\/\\\/forempleo.uc3m.es\\\/empresas\\\/wp-content\\\/uploads\\\/2026\\\/03\\\/fuciii_logo_blanco.png\",\"contentUrl\":\"https:\\\/\\\/forempleo.uc3m.es\\\/empresas\\\/wp-content\\\/uploads\\\/2026\\\/03\\\/fuciii_logo_blanco.png\",\"width\":963,\"height\":238,\"caption\":\"Fundaci\u00f3n Universidad Carlos III de Madrid\"},\"image\":{\"@id\":\"https:\\\/\\\/forempleo.uc3m.es\\\/empresas\\\/#\\\/schema\\\/logo\\\/image\\\/\"}}]}<\/script>\n<!-- \/ Yoast SEO plugin. -->","yoast_head_json":{"title":"\u00bfPor qu\u00e9 participar? - Forempleo 2026 | 6 y 7 de octubre 2026","robots":{"index":"index","follow":"follow","max-snippet":"max-snippet:-1","max-image-preview":"max-image-preview:large","max-video-preview":"max-video-preview:-1"},"canonical":"https:\/\/forempleo.uc3m.es\/empresas\/por-que-participar\/","og_locale":"es_ES","og_type":"article","og_title":"\u00bfPor qu\u00e9 participar? - Forempleo 2026 | 6 y 7 de octubre 2026","og_url":"https:\/\/forempleo.uc3m.es\/empresas\/por-que-participar\/","og_site_name":"Forempleo 2026 | 6 y 7 de octubre 2026","article_modified_time":"2026-04-15T07:45:13+00:00","twitter_card":"summary_large_image","twitter_misc":{"Tiempo de lectura":"9 minutos"},"schema":{"@context":"https:\/\/schema.org","@graph":[{"@type":"WebPage","@id":"https:\/\/forempleo.uc3m.es\/empresas\/por-que-participar\/","url":"https:\/\/forempleo.uc3m.es\/empresas\/por-que-participar\/","name":"\u00bfPor qu\u00e9 participar? - Forempleo 2026 | 6 y 7 de octubre 2026","isPartOf":{"@id":"https:\/\/forempleo.uc3m.es\/empresas\/#website"},"datePublished":"2026-03-12T16:00:35+00:00","dateModified":"2026-04-15T07:45:13+00:00","breadcrumb":{"@id":"https:\/\/forempleo.uc3m.es\/empresas\/por-que-participar\/#breadcrumb"},"inLanguage":"es","potentialAction":[{"@type":"ReadAction","target":["https:\/\/forempleo.uc3m.es\/empresas\/por-que-participar\/"]}]},{"@type":"BreadcrumbList","@id":"https:\/\/forempleo.uc3m.es\/empresas\/por-que-participar\/#breadcrumb","itemListElement":[{"@type":"ListItem","position":1,"name":"Portada","item":"https:\/\/forempleo.uc3m.es\/empresas\/"},{"@type":"ListItem","position":2,"name":"\u00bfPor qu\u00e9 participar?"}]},{"@type":"WebSite","@id":"https:\/\/forempleo.uc3m.es\/empresas\/#website","url":"https:\/\/forempleo.uc3m.es\/empresas\/","name":"Forempleo 2026 | 6 y 7 de octubre 2026","description":"","publisher":{"@id":"https:\/\/forempleo.uc3m.es\/empresas\/#organization"},"potentialAction":[{"@type":"SearchAction","target":{"@type":"EntryPoint","urlTemplate":"https:\/\/forempleo.uc3m.es\/empresas\/?s={search_term_string}"},"query-input":{"@type":"PropertyValueSpecification","valueRequired":true,"valueName":"search_term_string"}}],"inLanguage":"es"},{"@type":"Organization","@id":"https:\/\/forempleo.uc3m.es\/empresas\/#organization","name":"Fundaci\u00f3n Universidad Carlos III de Madrid","url":"https:\/\/forempleo.uc3m.es\/empresas\/","logo":{"@type":"ImageObject","inLanguage":"es","@id":"https:\/\/forempleo.uc3m.es\/empresas\/#\/schema\/logo\/image\/","url":"https:\/\/forempleo.uc3m.es\/empresas\/wp-content\/uploads\/2026\/03\/fuciii_logo_blanco.png","contentUrl":"https:\/\/forempleo.uc3m.es\/empresas\/wp-content\/uploads\/2026\/03\/fuciii_logo_blanco.png","width":963,"height":238,"caption":"Fundaci\u00f3n Universidad Carlos III de Madrid"},"image":{"@id":"https:\/\/forempleo.uc3m.es\/empresas\/#\/schema\/logo\/image\/"}}]}},"_links":{"self":[{"href":"https:\/\/forempleo.uc3m.es\/empresas\/wp-json\/wp\/v2\/pages\/51","targetHints":{"allow":["GET"]}}],"collection":[{"href":"https:\/\/forempleo.uc3m.es\/empresas\/wp-json\/wp\/v2\/pages"}],"about":[{"href":"https:\/\/forempleo.uc3m.es\/empresas\/wp-json\/wp\/v2\/types\/page"}],"author":[{"embeddable":true,"href":"https:\/\/forempleo.uc3m.es\/empresas\/wp-json\/wp\/v2\/users\/1"}],"replies":[{"embeddable":true,"href":"https:\/\/forempleo.uc3m.es\/empresas\/wp-json\/wp\/v2\/comments?post=51"}],"version-history":[{"count":63,"href":"https:\/\/forempleo.uc3m.es\/empresas\/wp-json\/wp\/v2\/pages\/51\/revisions"}],"predecessor-version":[{"id":427,"href":"https:\/\/forempleo.uc3m.es\/empresas\/wp-json\/wp\/v2\/pages\/51\/revisions\/427"}],"wp:attachment":[{"href":"https:\/\/forempleo.uc3m.es\/empresas\/wp-json\/wp\/v2\/media?parent=51"}],"curies":[{"name":"wp","href":"https:\/\/api.w.org\/{rel}","templated":true}]}}