{"id":6559,"date":"2019-07-30T06:45:14","date_gmt":"2019-07-30T06:45:14","guid":{"rendered":"https:\/\/www.forempleo.com\/alumnos2020\/?page_id=6559"},"modified":"2020-01-28T12:07:00","modified_gmt":"2020-01-28T11:07:00","slug":"jornada-salidas-profesionales-2","status":"publish","type":"page","link":"https:\/\/forempleo.uc3m.es\/alumnos2023\/jornada-salidas-profesionales-2\/","title":{"rendered":"Jornada Salidas Profesionales + Networking"},"content":{"rendered":"<section class=\"l-section wpb_row height_medium\"><div class=\"l-section-h i-cf\"><div class=\"g-cols vc_row via_flex valign_top type_default stacking_default\"><div class=\"vc_col-sm-12 wpb_column vc_column_container\"><div class=\"vc_column-inner\"><div class=\"wpb_wrapper\"><div class=\"wpb_text_column\"><div class=\"wpb_wrapper\"><h1 style=\"text-align: center;\">Jornadas de Salidas Profesionales + Networking<\/h1>\n<\/div><\/div><div class=\"wpb_text_column\"><div class=\"wpb_wrapper\"><p style=\"text-align: center;\">Este a\u00f1o se han creado las Jornadas sobre Salidas Profesionales con el objetivo de que obteng\u00e1is informaci\u00f3n sobre cu\u00e1les son las opciones profesionales que existen en el momento actual y a futuro, titulaciones demandadas para cada una de las diferentes \u00e1reas o departamentos, etc. Para ello, contaremos con la presencia de empresas l\u00edderes en su sector que demandan vuestro perfil profesional. A continuaci\u00f3n, podr\u00e1s charlar directamente con las personas de la empresa que vengan a la presentaci\u00f3n en una sesi\u00f3n de networking.<\/p>\n<\/div><\/div><div class=\"w-separator size_medium\"><\/div><div class=\"w-image us_custom_bf81054c align_center\"><div class=\"w-image-h\"><img decoding=\"async\" width=\"400\" height=\"209\" src=\"https:\/\/forempleo.uc3m.es\/alumnos2023\/wp-content\/uploads\/sites\/17\/2019\/07\/salidas_empleo.png\" class=\"attachment-us_400_400 size-us_400_400\" alt=\"\" loading=\"lazy\" srcset=\"https:\/\/forempleo.uc3m.es\/alumnos2023\/wp-content\/uploads\/sites\/17\/2019\/07\/salidas_empleo.png 608w, https:\/\/forempleo.uc3m.es\/alumnos2023\/wp-content\/uploads\/sites\/17\/2019\/07\/salidas_empleo-300x157.png 300w, https:\/\/forempleo.uc3m.es\/alumnos2023\/wp-content\/uploads\/sites\/17\/2019\/07\/salidas_empleo-600x314.png 600w\" sizes=\"auto, (max-width: 400px) 100vw, 400px\" \/><\/div><\/div><div class=\"w-separator size_medium\"><\/div><div class=\"ult-spacer spacer-69df17131d367\" data-id=\"69df17131d367\" data-height=\"\" data-height-mobile=\"\" data-height-tab=\"\" data-height-tab-portrait=\"\" data-height-mobile-landscape=\"35\" style=\"clear:both;display:block;\"><\/div><\/div><\/div><\/div><\/div><\/div><\/section><section class=\"l-section wpb_row us_custom_85de636a height_medium\"><div class=\"l-section-h i-cf\"><div class=\"g-cols vc_row via_flex valign_top type_default stacking_default\"><div class=\"vc_col-sm-4 wpb_column vc_column_container\"><div class=\"vc_column-inner\"><div class=\"wpb_wrapper\"><div class=\"wpb_text_column us_custom_9bbbe76c\"><div class=\"wpb_wrapper\"><h4 style=\"text-align: center;\"><span style=\"color: #ffffff;\">2 de Octubre (10:30 &#8211; 11:30)<\/span><\/h4>\n<\/div><\/div><div class=\"uavc-list-icon uavc-list-icon-wrapper ult-adjust-bottom-margin   \"><ul class=\"uavc-list\"><li><div class=\"uavc-list-content\" id=\"list-icon-wrap-7799\"><span  data-ultimate-target='#list-icon-wrap-7799 .uavc-list-desc'  data-responsive-json-new='{\"font-size\":\"\",\"line-height\":\"\"}'  class=\"uavc-list-desc ult-responsive\" style=\"\">\n<h2 style=\"font-weight: 400; text-align: center;\">Jornada de Salidas Profesionales: \u201cCreaci\u00f3n de contenidos digitales\u00bb<\/h2>\n<h4 style=\"text-align: center;\">Lugar: Aula 2.3.A04<\/h4>\n<h5 style=\"font-weight: 400; text-align: center;\">Ponente: C\u00e9sar Pe\u00f1a Mart\u00ednez\u00a0 (LAB RTVE Y NUEVAS NARRATIVAS INTERACTIVAS)<\/h5>\n<p style=\"font-weight: 400; text-align: center;\">Aprende a c\u00f3mo contar historias a los nuevos p\u00fablicos. Por primera vez en la historia, los periodistas tenemos la oportunidad de recurrir a todos los lenguajes narrativos de manera conjunta para hacer llegar la informaci\u00f3n a los destinatarios. Aprender a ser creativos adaptando el formato al contenido, y no a la inversa como ha ocurrido hist\u00f3ricamente, es una oportunidad que solo ofrece el entorno digital. RTVE.es crea contenidos de entretenimiento e informaci\u00f3n con la visi\u00f3n puesta en nuevos p\u00fablicos y narrativas.<\/p>\n<\/span><\/div><\/li><\/ul><\/div><div class=\"w-image align_center\"><div class=\"w-image-h\"><img decoding=\"async\" width=\"150\" height=\"150\" src=\"https:\/\/forempleo.uc3m.es\/alumnos2023\/wp-content\/uploads\/sites\/17\/2019\/09\/logos_rtve-150x150.jpg\" class=\"attachment-thumbnail size-thumbnail\" alt=\"\" loading=\"lazy\" srcset=\"https:\/\/forempleo.uc3m.es\/alumnos2023\/wp-content\/uploads\/sites\/17\/2019\/09\/logos_rtve-150x150.jpg 150w, https:\/\/forempleo.uc3m.es\/alumnos2023\/wp-content\/uploads\/sites\/17\/2019\/09\/logos_rtve-300x300.jpg 300w, https:\/\/forempleo.uc3m.es\/alumnos2023\/wp-content\/uploads\/sites\/17\/2019\/09\/logos_rtve-350x350.jpg 350w, https:\/\/forempleo.uc3m.es\/alumnos2023\/wp-content\/uploads\/sites\/17\/2019\/09\/logos_rtve-400x400.jpg 400w, https:\/\/forempleo.uc3m.es\/alumnos2023\/wp-content\/uploads\/sites\/17\/2019\/09\/logos_rtve.jpg 500w\" sizes=\"auto, (max-width: 150px) 100vw, 150px\" \/><\/div><\/div><\/div><\/div><\/div><div class=\"vc_col-sm-4 wpb_column vc_column_container\"><div class=\"vc_column-inner\"><div class=\"wpb_wrapper\"><div class=\"wpb_text_column us_custom_9bbbe76c\"><div class=\"wpb_wrapper\"><h4 style=\"text-align: center;\"><span style=\"color: #ffffff;\">2 de Octubre (13:00 &#8211; 14:30) <\/span><\/h4>\n<\/div><\/div><div class=\"uavc-list-icon uavc-list-icon-wrapper ult-adjust-bottom-margin   \"><ul class=\"uavc-list\"><li><div class=\"uavc-list-content\" id=\"list-icon-wrap-8306\"><span  data-ultimate-target='#list-icon-wrap-8306 .uavc-list-desc'  data-responsive-json-new='{\"font-size\":\"\",\"line-height\":\"\"}'  class=\"uavc-list-desc ult-responsive\" style=\"\">\n<h2 style=\"text-align: center;\">Jornada de Salidas Profesionales: Banca de Inversi\u00f3n<\/h2>\n<h4 style=\"text-align: center;\">Lugar: Sala de Conferencias<\/h4>\n<h5 style=\"text-align: center;\">Ponentes: MORGAN STANLEY y DEUTSCHE BANK<\/h5>\n<p style=\"text-align: center;\">\u00bfTe apasiona la Banca de Inversi\u00f3n? \u00bfhas pensado desarrollar tu carrera profesional en este sector?, Descubre esta profesi\u00f3n de la mano de dos empresas de referencia como son MORGAN STANLEY y DEUTSCHE BANK. Ellas te contar\u00e1n qu\u00e9 perfil se requiere para entrar en sus organizaciones, c\u00f3mo es el proceso de selecci\u00f3n, en qu\u00e9 tipo de proyectos podr\u00edas colaborar, a qu\u00e9 retos te podr\u00edas enfrentar y qu\u00e9 carrera profesional puedes desarrollar en este sector.<\/p>\n<\/span><\/div><\/li><\/ul><\/div><div class=\"w-slider style_none fit_scaledown nav_none count_2\"><div class=\"w-slider-h\"><div class=\"royalSlider\"><div class=\"rsContent\"><a class=\"rsImg\" data-rsw=\"300\" data-rsh=\"75\" href=\"https:\/\/forempleo.uc3m.es\/alumnos2023\/wp-content\/uploads\/sites\/17\/2019\/07\/Morgan-Stanley-logo-png-300x75.png\"><span data-alt=\"\"><\/span><\/a><\/div><div class=\"rsContent\"><a class=\"rsImg\" data-rsw=\"300\" data-rsh=\"47\" href=\"https:\/\/forempleo.uc3m.es\/alumnos2023\/wp-content\/uploads\/sites\/17\/2019\/07\/db-logo-png-300x47.png\"><span data-alt=\"\"><\/span><\/a><\/div><\/div><img decoding=\"async\" src=\"https:\/\/forempleo.uc3m.es\/alumnos2023\/wp-content\/uploads\/sites\/17\/2019\/07\/Morgan-Stanley-logo-png-300x75.png\" width=\"300\" height=\"75\" alt loading=\"lazy\"><\/div><div class=\"w-slider-json\" onclick='return {&quot;autoScaleSlider&quot;:true,&quot;addActiveClass&quot;:true,&quot;loop&quot;:true,&quot;fadeInLoadedSlide&quot;:false,&quot;slidesSpacing&quot;:0,&quot;imageScalePadding&quot;:0,&quot;numImagesToPreload&quot;:2,&quot;arrowsNav&quot;:false,&quot;arrowsNavAutoHide&quot;:false,&quot;transitionType&quot;:&quot;move&quot;,&quot;transitionSpeed&quot;:400,&quot;block&quot;:{&quot;moveEffect&quot;:&quot;none&quot;,&quot;speed&quot;:300},&quot;thumbs&quot;:{&quot;fitInViewport&quot;:false,&quot;firstMargin&quot;:false,&quot;spacing&quot;:4},&quot;controlNavigation&quot;:&quot;none&quot;,&quot;autoplay&quot;:{&quot;enabled&quot;:true,&quot;pauseOnHover&quot;:false,&quot;delay&quot;:2000},&quot;autoScaleSliderWidth&quot;:300,&quot;autoScaleSliderHeight&quot;:75}'><\/div><\/div><\/div><\/div><\/div><div class=\"vc_col-sm-4 wpb_column vc_column_container\"><div class=\"vc_column-inner\"><div class=\"wpb_wrapper\"><div class=\"wpb_text_column us_custom_9bbbe76c\"><div class=\"wpb_wrapper\"><h4 style=\"text-align: center;\"><span style=\"color: #ffffff;\">3 de Octubre <\/span><span style=\"color: #ffffff;\">(15:00 &#8211; 16:30)<\/span><\/h4>\n<\/div><\/div><div class=\"uavc-list-icon uavc-list-icon-wrapper ult-adjust-bottom-margin   \"><ul class=\"uavc-list\"><li><div class=\"uavc-list-content\" id=\"list-icon-wrap-6658\"><span  data-ultimate-target='#list-icon-wrap-6658 .uavc-list-desc'  data-responsive-json-new='{\"font-size\":\"\",\"line-height\":\"\"}'  class=\"uavc-list-desc ult-responsive\" style=\"\">\n<h2 style=\"text-align: center;\">Jornada de Salidas Profesionales: Consultor\u00eda Estrat\u00e9gica<\/h2>\n<h4 style=\"text-align: center;\">Lugar: Sala de Conferencias<\/h4>\n<h5 style=\"text-align: center;\">Ponentes: BAIN &amp; COMPANY y MCKINSEY &amp; COMPANY<\/h5>\n<p style=\"text-align: center;\">Si la Consultor\u00eda Estrat\u00e9gica es lo tuyo, no dudes en venir a esta Jornada para charlar abiertamente con BAIN y MCKINSEY y compartir informaci\u00f3n sobre las oportunidades que ofrece este sector.<\/p>\n<\/span><\/div><\/li><\/ul><\/div><div class=\"w-slider style_none fit_scaledown nav_none count_2\"><div class=\"w-slider-h\"><div class=\"royalSlider\"><div class=\"rsContent\"><a class=\"rsImg\" data-rsw=\"300\" data-rsh=\"96\" href=\"https:\/\/forempleo.uc3m.es\/alumnos2023\/wp-content\/uploads\/sites\/17\/2019\/07\/kisspng-mckinsey-company-business-organization-chief-exe-company-5b361cb41c1ea4.6142800215302729481152-300x96.png\"><span data-alt=\"\"><\/span><\/a><\/div><div class=\"rsContent\"><a class=\"rsImg\" data-rsw=\"300\" data-rsh=\"33\" href=\"https:\/\/forempleo.uc3m.es\/alumnos2023\/wp-content\/uploads\/sites\/17\/2019\/07\/1280px-Bain__Company_logo.svg-300x33.png\"><span data-alt=\"\"><\/span><\/a><\/div><\/div><img decoding=\"async\" src=\"https:\/\/forempleo.uc3m.es\/alumnos2023\/wp-content\/uploads\/sites\/17\/2019\/07\/kisspng-mckinsey-company-business-organization-chief-exe-company-5b361cb41c1ea4.6142800215302729481152-300x96.png\" width=\"300\" height=\"96\" alt loading=\"lazy\"><\/div><div class=\"w-slider-json\" onclick='return {&quot;autoScaleSlider&quot;:true,&quot;addActiveClass&quot;:true,&quot;loop&quot;:true,&quot;fadeInLoadedSlide&quot;:false,&quot;slidesSpacing&quot;:0,&quot;imageScalePadding&quot;:0,&quot;numImagesToPreload&quot;:2,&quot;arrowsNav&quot;:false,&quot;arrowsNavAutoHide&quot;:false,&quot;transitionType&quot;:&quot;move&quot;,&quot;transitionSpeed&quot;:400,&quot;block&quot;:{&quot;moveEffect&quot;:&quot;none&quot;,&quot;speed&quot;:300},&quot;thumbs&quot;:{&quot;fitInViewport&quot;:false,&quot;firstMargin&quot;:false,&quot;spacing&quot;:4},&quot;controlNavigation&quot;:&quot;none&quot;,&quot;autoplay&quot;:{&quot;enabled&quot;:true,&quot;pauseOnHover&quot;:false,&quot;delay&quot;:2000},&quot;autoScaleSliderWidth&quot;:300,&quot;autoScaleSliderHeight&quot;:96}'><\/div><\/div><\/div><\/div><\/div><div class=\"vc_col-sm-12 wpb_column vc_column_container\"><div class=\"vc_column-inner\"><div class=\"wpb_wrapper\"><\/div><\/div><\/div><\/div><\/div><\/section><section class=\"l-section wpb_row height_medium\"><div class=\"l-section-h i-cf\"><div class=\"g-cols vc_row via_flex valign_top type_default stacking_default\"><div class=\"vc_col-sm-12 wpb_column vc_column_container\"><div class=\"vc_column-inner\"><div class=\"wpb_wrapper\"><div class=\"wpb_text_column us_custom_9bbbe76c\"><div class=\"wpb_wrapper\"><h4 style=\"text-align: center;\"><span style=\"color: #ffffff;\">Empresas patrocinadoras<\/span><\/h4>\n<\/div><\/div><div class=\"w-separator size_small\"><\/div><div class=\"g-cols wpb_row us_custom_7d5e32d4 via_flex valign_top type_default stacking_default\"><div class=\"vc_col-sm-2 wpb_column vc_column_container\"><div class=\"vc_column-inner us_custom_7d5e32d4\"><div class=\"wpb_wrapper\"><div class=\"w-image us_custom_fab4abd9 align_none\"><a target=\" _blank\" rel=\"nofollow\" href=\"https:\/\/www.accenture.com\/es-es\/careers\" aria-label=\"Patrocinadores-500x500px-accenture\" class=\"w-image-h\"><img decoding=\"async\" width=\"500\" height=\"500\" src=\"https:\/\/forempleo.uc3m.es\/alumnos2023\/wp-content\/uploads\/sites\/17\/2019\/07\/Patrocinadores-500x500px-accenture.jpg\" class=\"attachment-large size-large\" alt=\"\" loading=\"lazy\" srcset=\"https:\/\/forempleo.uc3m.es\/alumnos2023\/wp-content\/uploads\/sites\/17\/2019\/07\/Patrocinadores-500x500px-accenture.jpg 500w, https:\/\/forempleo.uc3m.es\/alumnos2023\/wp-content\/uploads\/sites\/17\/2019\/07\/Patrocinadores-500x500px-accenture-150x150.jpg 150w, https:\/\/forempleo.uc3m.es\/alumnos2023\/wp-content\/uploads\/sites\/17\/2019\/07\/Patrocinadores-500x500px-accenture-300x300.jpg 300w, https:\/\/forempleo.uc3m.es\/alumnos2023\/wp-content\/uploads\/sites\/17\/2019\/07\/Patrocinadores-500x500px-accenture-350x350.jpg 350w\" sizes=\"auto, (max-width: 500px) 100vw, 500px\" \/><\/a><\/div><\/div><\/div><\/div><div class=\"vc_col-sm-2 wpb_column vc_column_container\"><div class=\"vc_column-inner\"><div class=\"wpb_wrapper\"><div class=\"w-image align_none\"><a target=\" _blank\" rel=\"nofollow\" href=\"https:\/\/careers.bbva.com\/es\/\" aria-label=\"Patrocinadores-500x500px-bbva (1)\" class=\"w-image-h\"><img decoding=\"async\" width=\"500\" height=\"500\" src=\"https:\/\/forempleo.uc3m.es\/alumnos2023\/wp-content\/uploads\/sites\/17\/2019\/07\/Patrocinadores-500x500px-bbva-1.jpg\" class=\"attachment-large size-large\" alt=\"\" loading=\"lazy\" srcset=\"https:\/\/forempleo.uc3m.es\/alumnos2023\/wp-content\/uploads\/sites\/17\/2019\/07\/Patrocinadores-500x500px-bbva-1.jpg 500w, https:\/\/forempleo.uc3m.es\/alumnos2023\/wp-content\/uploads\/sites\/17\/2019\/07\/Patrocinadores-500x500px-bbva-1-150x150.jpg 150w, https:\/\/forempleo.uc3m.es\/alumnos2023\/wp-content\/uploads\/sites\/17\/2019\/07\/Patrocinadores-500x500px-bbva-1-300x300.jpg 300w, https:\/\/forempleo.uc3m.es\/alumnos2023\/wp-content\/uploads\/sites\/17\/2019\/07\/Patrocinadores-500x500px-bbva-1-350x350.jpg 350w\" sizes=\"auto, (max-width: 500px) 100vw, 500px\" \/><\/a><\/div><\/div><\/div><\/div><div class=\"vc_col-sm-2 wpb_column vc_column_container\"><div class=\"vc_column-inner\"><div class=\"wpb_wrapper\"><div class=\"w-image align_none\"><a target=\" _blank\" rel=\"nofollow\" href=\"http:\/\/www.dxc.technology\/es\" aria-label=\"Patrocinadores-500x500px-dxc\" class=\"w-image-h\"><img decoding=\"async\" width=\"500\" height=\"500\" src=\"https:\/\/forempleo.uc3m.es\/alumnos2023\/wp-content\/uploads\/sites\/17\/2019\/07\/Patrocinadores-500x500px-dxc.jpg\" class=\"attachment-large size-large\" alt=\"\" loading=\"lazy\" srcset=\"https:\/\/forempleo.uc3m.es\/alumnos2023\/wp-content\/uploads\/sites\/17\/2019\/07\/Patrocinadores-500x500px-dxc.jpg 500w, https:\/\/forempleo.uc3m.es\/alumnos2023\/wp-content\/uploads\/sites\/17\/2019\/07\/Patrocinadores-500x500px-dxc-150x150.jpg 150w, https:\/\/forempleo.uc3m.es\/alumnos2023\/wp-content\/uploads\/sites\/17\/2019\/07\/Patrocinadores-500x500px-dxc-300x300.jpg 300w, https:\/\/forempleo.uc3m.es\/alumnos2023\/wp-content\/uploads\/sites\/17\/2019\/07\/Patrocinadores-500x500px-dxc-350x350.jpg 350w\" sizes=\"auto, (max-width: 500px) 100vw, 500px\" \/><\/a><\/div><\/div><\/div><\/div><div class=\"vc_col-sm-2 wpb_column vc_column_container\"><div class=\"vc_column-inner\"><div class=\"wpb_wrapper\"><div class=\"w-image align_none\"><div class=\"w-image-h\"><img decoding=\"async\" width=\"500\" height=\"500\" src=\"https:\/\/forempleo.uc3m.es\/alumnos2023\/wp-content\/uploads\/sites\/17\/2019\/07\/Patrocinadores-500x500px-ey.jpg\" class=\"attachment-large size-large\" alt=\"\" loading=\"lazy\" srcset=\"https:\/\/forempleo.uc3m.es\/alumnos2023\/wp-content\/uploads\/sites\/17\/2019\/07\/Patrocinadores-500x500px-ey.jpg 500w, https:\/\/forempleo.uc3m.es\/alumnos2023\/wp-content\/uploads\/sites\/17\/2019\/07\/Patrocinadores-500x500px-ey-150x150.jpg 150w, https:\/\/forempleo.uc3m.es\/alumnos2023\/wp-content\/uploads\/sites\/17\/2019\/07\/Patrocinadores-500x500px-ey-300x300.jpg 300w, https:\/\/forempleo.uc3m.es\/alumnos2023\/wp-content\/uploads\/sites\/17\/2019\/07\/Patrocinadores-500x500px-ey-350x350.jpg 350w\" sizes=\"auto, (max-width: 500px) 100vw, 500px\" \/><\/div><\/div><\/div><\/div><\/div><div class=\"vc_col-sm-2 wpb_column vc_column_container\"><div class=\"vc_column-inner\"><div class=\"wpb_wrapper\"><div class=\"w-image align_none\"><div class=\"w-image-h\"><img decoding=\"async\" width=\"500\" height=\"500\" src=\"https:\/\/forempleo.uc3m.es\/alumnos2023\/wp-content\/uploads\/sites\/17\/2019\/07\/Patrocinadores-500x500px-indra.jpg\" class=\"attachment-large size-large\" alt=\"\" loading=\"lazy\" srcset=\"https:\/\/forempleo.uc3m.es\/alumnos2023\/wp-content\/uploads\/sites\/17\/2019\/07\/Patrocinadores-500x500px-indra.jpg 500w, https:\/\/forempleo.uc3m.es\/alumnos2023\/wp-content\/uploads\/sites\/17\/2019\/07\/Patrocinadores-500x500px-indra-150x150.jpg 150w, https:\/\/forempleo.uc3m.es\/alumnos2023\/wp-content\/uploads\/sites\/17\/2019\/07\/Patrocinadores-500x500px-indra-300x300.jpg 300w, https:\/\/forempleo.uc3m.es\/alumnos2023\/wp-content\/uploads\/sites\/17\/2019\/07\/Patrocinadores-500x500px-indra-350x350.jpg 350w\" sizes=\"auto, (max-width: 500px) 100vw, 500px\" \/><\/div><\/div><\/div><\/div><\/div><div class=\"vc_col-sm-2 wpb_column vc_column_container\"><div class=\"vc_column-inner\"><div class=\"wpb_wrapper\"><div class=\"w-image align_center\"><a target=\" _blank\" rel=\"nofollow\" href=\"https:\/\/www.salesforce.com\/es\/\" aria-label=\"Patrocinadores-500x500px-salesforce\" class=\"w-image-h\"><img decoding=\"async\" width=\"500\" height=\"500\" src=\"https:\/\/forempleo.uc3m.es\/alumnos2023\/wp-content\/uploads\/sites\/17\/2019\/07\/Patrocinadores-500x500px-salesforce.jpg\" class=\"attachment-large size-large\" alt=\"\" loading=\"lazy\" srcset=\"https:\/\/forempleo.uc3m.es\/alumnos2023\/wp-content\/uploads\/sites\/17\/2019\/07\/Patrocinadores-500x500px-salesforce.jpg 500w, https:\/\/forempleo.uc3m.es\/alumnos2023\/wp-content\/uploads\/sites\/17\/2019\/07\/Patrocinadores-500x500px-salesforce-150x150.jpg 150w, https:\/\/forempleo.uc3m.es\/alumnos2023\/wp-content\/uploads\/sites\/17\/2019\/07\/Patrocinadores-500x500px-salesforce-300x300.jpg 300w, https:\/\/forempleo.uc3m.es\/alumnos2023\/wp-content\/uploads\/sites\/17\/2019\/07\/Patrocinadores-500x500px-salesforce-350x350.jpg 350w\" sizes=\"auto, (max-width: 500px) 100vw, 500px\" \/><\/a><\/div><\/div><\/div><\/div><\/div><\/div><\/div><\/div><\/div><\/div><\/section><div class=\"vc_col-sm-12 wpb_column vc_column_container\"><div class=\"vc_column-inner us_custom_7d5e32d4\"><div class=\"wpb_wrapper\"><\/div><\/div><\/div>\n","protected":false},"excerpt":{"rendered":"Jornadas de Salidas Profesionales + Networking Este a\u00f1o se han creado las Jornadas sobre Salidas Profesionales con el objetivo de que obteng\u00e1is informaci\u00f3n sobre cu\u00e1les son las opciones profesionales que existen en el momento actual y a futuro, titulaciones demandadas para cada una de las diferentes \u00e1reas o departamentos, etc. Para ello, contaremos con la...","protected":false},"author":674188,"featured_media":0,"parent":0,"menu_order":0,"comment_status":"closed","ping_status":"closed","template":"","meta":{"footnotes":""},"class_list":["post-6559","page","type-page","status-publish","hentry"],"yoast_head":"<!-- This site is optimized with the Yoast SEO plugin v27.4 - https:\/\/yoast.com\/product\/yoast-seo-wordpress\/ -->\n<title>Jornada Salidas Profesionales + Networking - Forempleo 2023<\/title>\n<meta name=\"robots\" content=\"index, follow, max-snippet:-1, max-image-preview:large, max-video-preview:-1\" \/>\n<link rel=\"canonical\" href=\"https:\/\/forempleo.uc3m.es\/alumnos2023\/es\/jornada-salidas-profesionales-2\/\" \/>\n<meta property=\"og:locale\" content=\"es_ES\" \/>\n<meta property=\"og:type\" content=\"article\" \/>\n<meta property=\"og:title\" content=\"Jornada Salidas Profesionales + Networking - Forempleo 2023\" \/>\n<meta property=\"og:url\" content=\"https:\/\/forempleo.uc3m.es\/alumnos2023\/es\/jornada-salidas-profesionales-2\/\" \/>\n<meta property=\"og:site_name\" content=\"Forempleo 2023\" \/>\n<meta property=\"article:publisher\" content=\"https:\/\/www.facebook.com\/Forempleo-2017-1184284735049966\/\" \/>\n<meta property=\"article:modified_time\" content=\"2020-01-28T11:07:00+00:00\" \/>\n<meta name=\"twitter:card\" content=\"summary_large_image\" \/>\n<meta name=\"twitter:site\" content=\"@forempleoUC3M\" \/>\n<meta name=\"twitter:label1\" content=\"Tiempo de lectura\" \/>\n\t<meta name=\"twitter:data1\" content=\"5 minutos\" \/>\n<script type=\"application\/ld+json\" class=\"yoast-schema-graph\">{\"@context\":\"https:\\\/\\\/schema.org\",\"@graph\":[{\"@type\":\"WebPage\",\"@id\":\"https:\\\/\\\/forempleo.uc3m.es\\\/alumnos2023\\\/es\\\/jornada-salidas-profesionales-2\\\/\",\"url\":\"https:\\\/\\\/forempleo.uc3m.es\\\/alumnos2023\\\/es\\\/jornada-salidas-profesionales-2\\\/\",\"name\":\"Jornada Salidas Profesionales + Networking - Forempleo 2023\",\"isPartOf\":{\"@id\":\"https:\\\/\\\/forempleo.uc3m.es\\\/alumnos2020\\\/es\\\/home\\\/#website\"},\"datePublished\":\"2019-07-30T06:45:14+00:00\",\"dateModified\":\"2020-01-28T11:07:00+00:00\",\"breadcrumb\":{\"@id\":\"https:\\\/\\\/forempleo.uc3m.es\\\/alumnos2023\\\/es\\\/jornada-salidas-profesionales-2\\\/#breadcrumb\"},\"inLanguage\":\"es\",\"potentialAction\":[{\"@type\":\"ReadAction\",\"target\":[\"https:\\\/\\\/forempleo.uc3m.es\\\/alumnos2023\\\/es\\\/jornada-salidas-profesionales-2\\\/\"]}]},{\"@type\":\"BreadcrumbList\",\"@id\":\"https:\\\/\\\/forempleo.uc3m.es\\\/alumnos2023\\\/es\\\/jornada-salidas-profesionales-2\\\/#breadcrumb\",\"itemListElement\":[{\"@type\":\"ListItem\",\"position\":1,\"name\":\"Portada\",\"item\":\"https:\\\/\\\/forempleo.uc3m.es\\\/alumnos2023\\\/\"},{\"@type\":\"ListItem\",\"position\":2,\"name\":\"Jornada Salidas Profesionales + Networking\"}]},{\"@type\":\"WebSite\",\"@id\":\"https:\\\/\\\/forempleo.uc3m.es\\\/alumnos2020\\\/es\\\/home\\\/#website\",\"url\":\"https:\\\/\\\/forempleo.uc3m.es\\\/alumnos2020\\\/es\\\/home\\\/\",\"name\":\"Forempleo 2023\",\"description\":\"La Feria de Empleo Universitario m\u00e1s importante de Espa\u00f1a\",\"potentialAction\":[{\"@type\":\"SearchAction\",\"target\":{\"@type\":\"EntryPoint\",\"urlTemplate\":\"https:\\\/\\\/forempleo.uc3m.es\\\/alumnos2020\\\/es\\\/home\\\/?s={search_term_string}\"},\"query-input\":{\"@type\":\"PropertyValueSpecification\",\"valueRequired\":true,\"valueName\":\"search_term_string\"}}],\"inLanguage\":\"es\"}]}<\/script>\n<!-- \/ Yoast SEO plugin. -->","yoast_head_json":{"title":"Jornada Salidas Profesionales + Networking - Forempleo 2023","robots":{"index":"index","follow":"follow","max-snippet":"max-snippet:-1","max-image-preview":"max-image-preview:large","max-video-preview":"max-video-preview:-1"},"canonical":"https:\/\/forempleo.uc3m.es\/alumnos2023\/es\/jornada-salidas-profesionales-2\/","og_locale":"es_ES","og_type":"article","og_title":"Jornada Salidas Profesionales + Networking - Forempleo 2023","og_url":"https:\/\/forempleo.uc3m.es\/alumnos2023\/es\/jornada-salidas-profesionales-2\/","og_site_name":"Forempleo 2023","article_publisher":"https:\/\/www.facebook.com\/Forempleo-2017-1184284735049966\/","article_modified_time":"2020-01-28T11:07:00+00:00","twitter_card":"summary_large_image","twitter_site":"@forempleoUC3M","twitter_misc":{"Tiempo de lectura":"5 minutos"},"schema":{"@context":"https:\/\/schema.org","@graph":[{"@type":"WebPage","@id":"https:\/\/forempleo.uc3m.es\/alumnos2023\/es\/jornada-salidas-profesionales-2\/","url":"https:\/\/forempleo.uc3m.es\/alumnos2023\/es\/jornada-salidas-profesionales-2\/","name":"Jornada Salidas Profesionales + Networking - Forempleo 2023","isPartOf":{"@id":"https:\/\/forempleo.uc3m.es\/alumnos2020\/es\/home\/#website"},"datePublished":"2019-07-30T06:45:14+00:00","dateModified":"2020-01-28T11:07:00+00:00","breadcrumb":{"@id":"https:\/\/forempleo.uc3m.es\/alumnos2023\/es\/jornada-salidas-profesionales-2\/#breadcrumb"},"inLanguage":"es","potentialAction":[{"@type":"ReadAction","target":["https:\/\/forempleo.uc3m.es\/alumnos2023\/es\/jornada-salidas-profesionales-2\/"]}]},{"@type":"BreadcrumbList","@id":"https:\/\/forempleo.uc3m.es\/alumnos2023\/es\/jornada-salidas-profesionales-2\/#breadcrumb","itemListElement":[{"@type":"ListItem","position":1,"name":"Portada","item":"https:\/\/forempleo.uc3m.es\/alumnos2023\/"},{"@type":"ListItem","position":2,"name":"Jornada Salidas Profesionales + Networking"}]},{"@type":"WebSite","@id":"https:\/\/forempleo.uc3m.es\/alumnos2020\/es\/home\/#website","url":"https:\/\/forempleo.uc3m.es\/alumnos2020\/es\/home\/","name":"Forempleo 2023","description":"La Feria de Empleo Universitario m\u00e1s importante de Espa\u00f1a","potentialAction":[{"@type":"SearchAction","target":{"@type":"EntryPoint","urlTemplate":"https:\/\/forempleo.uc3m.es\/alumnos2020\/es\/home\/?s={search_term_string}"},"query-input":{"@type":"PropertyValueSpecification","valueRequired":true,"valueName":"search_term_string"}}],"inLanguage":"es"}]}},"_links":{"self":[{"href":"https:\/\/forempleo.uc3m.es\/alumnos2023\/wp-json\/wp\/v2\/pages\/6559","targetHints":{"allow":["GET"]}}],"collection":[{"href":"https:\/\/forempleo.uc3m.es\/alumnos2023\/wp-json\/wp\/v2\/pages"}],"about":[{"href":"https:\/\/forempleo.uc3m.es\/alumnos2023\/wp-json\/wp\/v2\/types\/page"}],"author":[{"embeddable":true,"href":"https:\/\/forempleo.uc3m.es\/alumnos2023\/wp-json\/wp\/v2\/users\/674188"}],"replies":[{"embeddable":true,"href":"https:\/\/forempleo.uc3m.es\/alumnos2023\/wp-json\/wp\/v2\/comments?post=6559"}],"version-history":[{"count":34,"href":"https:\/\/forempleo.uc3m.es\/alumnos2023\/wp-json\/wp\/v2\/pages\/6559\/revisions"}],"predecessor-version":[{"id":7252,"href":"https:\/\/forempleo.uc3m.es\/alumnos2023\/wp-json\/wp\/v2\/pages\/6559\/revisions\/7252"}],"wp:attachment":[{"href":"https:\/\/forempleo.uc3m.es\/alumnos2023\/wp-json\/wp\/v2\/media?parent=6559"}],"curies":[{"name":"wp","href":"https:\/\/api.w.org\/{rel}","templated":true}]}}