{"id":5010,"date":"2017-08-31T15:25:20","date_gmt":"2017-08-31T15:25:20","guid":{"rendered":"http:\/\/www.forempleo.com\/alumnos2020\/?page_id=5010"},"modified":"2023-09-05T18:11:14","modified_gmt":"2023-09-05T16:11:14","slug":"empresas-participantes","status":"publish","type":"page","link":"https:\/\/forempleo.uc3m.es\/alumnos2023\/empresas-participantes\/","title":{"rendered":"Empresas participantes"},"content":{"rendered":"<section class=\"l-section wpb_row us_custom_d971738f height_medium\"><div class=\"l-section-h i-cf\"><div class=\"g-cols vc_row via_flex valign_top type_default stacking_default\"><div class=\"vc_col-sm-12 wpb_column vc_column_container\"><div class=\"vc_column-inner\"><div class=\"wpb_wrapper\"><div class=\"wpb_text_column\"><div class=\"wpb_wrapper\"><h2 style=\"text-align: center;\"><strong>Empresas participantes en Forempleo 2023<\/strong><\/h2>\n<p style=\"text-align: center;\"><strong>Pincha en cada uno de los logos para m\u00e1s informaci\u00f3n sobre la empresa y los perfiles que est\u00e1n buscando.<\/strong><\/p>\n<\/div><\/div><div class=\"ult-spacer spacer-69d3dc124365d\" data-id=\"69d3dc124365d\" data-height=\"1\" data-height-mobile=\"20\" data-height-tab=\"\" data-height-tab-portrait=\"\" data-height-mobile-landscape=\"10\" style=\"clear:both;display:block;\"><\/div><\/div><\/div><\/div><\/div><\/div><\/section><section class=\"l-section wpb_row height_auto width_full\"><div class=\"l-section-h i-cf\"><div class=\"g-cols vc_row via_flex valign_top type_default stacking_default\"><div class=\"vc_col-sm-12 wpb_column vc_column_container\"><div class=\"vc_column-inner\"><div class=\"wpb_wrapper\">[vc_raw_html]JTNDaWZyYW1lJTIwc3JjJTNEJTIyJTJGZW1wcmVzYXMtcGFydGljaXBhbnRlcy5waHAlMjIlMjB3aWR0aCUzRCUyMjEwMCUyNSUyMiUyMGhlaWdodCUzRCUyMjE4MDAlMjIlM0UlM0MlMkZpZnJhbWUlM0U=[\/vc_raw_html]<\/div><\/div><\/div><\/div><\/div><\/section><section class=\"l-section wpb_row height_medium\"><div class=\"l-section-h i-cf\"><div class=\"g-cols vc_row via_flex valign_top type_default stacking_default\"><div class=\"vc_col-sm-12 wpb_column vc_column_container\"><div class=\"vc_column-inner\"><div class=\"wpb_wrapper\"><div class=\"ult-spacer spacer-69d3dc1243eda\" data-id=\"69d3dc1243eda\" data-height=\"0\" data-height-mobile=\"70\" data-height-tab=\"\" data-height-tab-portrait=\"\" data-height-mobile-landscape=\"50\" style=\"clear:both;display:block;\"><\/div><\/div><\/div><\/div><\/div><\/div><\/section>\n","protected":false},"excerpt":{"rendered":"Empresas participantes en Forempleo 2023 Pincha en cada uno de los logos para m\u00e1s informaci\u00f3n sobre la empresa y los perfiles que est\u00e1n buscando. [vc_raw_html]JTNDaWZyYW1lJTIwc3JjJTNEJTIyJTJGZW1wcmVzYXMtcGFydGljaXBhbnRlcy5waHAlMjIlMjB3aWR0aCUzRCUyMjEwMCUyNSUyMiUyMGhlaWdodCUzRCUyMjE4MDAlMjIlM0UlM0MlMkZpZnJhbWUlM0U=[\/vc_raw_html]","protected":false},"author":3,"featured_media":0,"parent":0,"menu_order":0,"comment_status":"closed","ping_status":"closed","template":"","meta":{"footnotes":""},"class_list":["post-5010","page","type-page","status-publish","hentry"],"yoast_head":"<!-- This site is optimized with the Yoast SEO plugin v27.3 - https:\/\/yoast.com\/product\/yoast-seo-wordpress\/ -->\n<title>Empresas participantes - Forempleo 2023<\/title>\n<meta name=\"robots\" content=\"index, follow, max-snippet:-1, max-image-preview:large, max-video-preview:-1\" \/>\n<link rel=\"canonical\" href=\"https:\/\/forempleo.uc3m.es\/alumnos2023\/empresas-participantes\/\" \/>\n<meta property=\"og:locale\" content=\"es_ES\" \/>\n<meta property=\"og:type\" content=\"article\" \/>\n<meta property=\"og:title\" content=\"Empresas participantes - Forempleo 2023\" \/>\n<meta property=\"og:url\" content=\"https:\/\/forempleo.uc3m.es\/alumnos2023\/empresas-participantes\/\" \/>\n<meta property=\"og:site_name\" content=\"Forempleo 2023\" \/>\n<meta property=\"article:publisher\" content=\"https:\/\/www.facebook.com\/Forempleo-2017-1184284735049966\/\" \/>\n<meta property=\"article:modified_time\" content=\"2023-09-05T16:11:14+00:00\" \/>\n<meta name=\"twitter:card\" content=\"summary_large_image\" \/>\n<meta name=\"twitter:image\" content=\"http:\/\/www.forempleo.com\/alumnos2020\/wp-content\/uploads\/sites\/17\/2018\/10\/creataconectandotalento.jpg\" \/>\n<meta name=\"twitter:site\" content=\"@forempleoUC3M\" \/>\n<meta name=\"twitter:label1\" content=\"Tiempo de lectura\" \/>\n\t<meta name=\"twitter:data1\" content=\"1 minuto\" \/>\n<script type=\"application\/ld+json\" class=\"yoast-schema-graph\">{\"@context\":\"https:\\\/\\\/schema.org\",\"@graph\":[{\"@type\":\"WebPage\",\"@id\":\"https:\\\/\\\/forempleo.uc3m.es\\\/alumnos2023\\\/empresas-participantes\\\/\",\"url\":\"https:\\\/\\\/forempleo.uc3m.es\\\/alumnos2023\\\/empresas-participantes\\\/\",\"name\":\"Empresas participantes - Forempleo 2023\",\"isPartOf\":{\"@id\":\"https:\\\/\\\/forempleo.uc3m.es\\\/alumnos2020\\\/es\\\/home\\\/#website\"},\"datePublished\":\"2017-08-31T15:25:20+00:00\",\"dateModified\":\"2023-09-05T16:11:14+00:00\",\"breadcrumb\":{\"@id\":\"https:\\\/\\\/forempleo.uc3m.es\\\/alumnos2023\\\/empresas-participantes\\\/#breadcrumb\"},\"inLanguage\":\"es\",\"potentialAction\":[{\"@type\":\"ReadAction\",\"target\":[\"https:\\\/\\\/forempleo.uc3m.es\\\/alumnos2023\\\/empresas-participantes\\\/\"]}]},{\"@type\":\"BreadcrumbList\",\"@id\":\"https:\\\/\\\/forempleo.uc3m.es\\\/alumnos2023\\\/empresas-participantes\\\/#breadcrumb\",\"itemListElement\":[{\"@type\":\"ListItem\",\"position\":1,\"name\":\"Portada\",\"item\":\"https:\\\/\\\/forempleo.uc3m.es\\\/alumnos2023\\\/\"},{\"@type\":\"ListItem\",\"position\":2,\"name\":\"Empresas participantes\"}]},{\"@type\":\"WebSite\",\"@id\":\"https:\\\/\\\/forempleo.uc3m.es\\\/alumnos2020\\\/es\\\/home\\\/#website\",\"url\":\"https:\\\/\\\/forempleo.uc3m.es\\\/alumnos2020\\\/es\\\/home\\\/\",\"name\":\"Forempleo 2023\",\"description\":\"La Feria de Empleo Universitario m\u00e1s importante de Espa\u00f1a\",\"potentialAction\":[{\"@type\":\"SearchAction\",\"target\":{\"@type\":\"EntryPoint\",\"urlTemplate\":\"https:\\\/\\\/forempleo.uc3m.es\\\/alumnos2020\\\/es\\\/home\\\/?s={search_term_string}\"},\"query-input\":{\"@type\":\"PropertyValueSpecification\",\"valueRequired\":true,\"valueName\":\"search_term_string\"}}],\"inLanguage\":\"es\"}]}<\/script>\n<!-- \/ Yoast SEO plugin. -->","yoast_head_json":{"title":"Empresas participantes - Forempleo 2023","robots":{"index":"index","follow":"follow","max-snippet":"max-snippet:-1","max-image-preview":"max-image-preview:large","max-video-preview":"max-video-preview:-1"},"canonical":"https:\/\/forempleo.uc3m.es\/alumnos2023\/empresas-participantes\/","og_locale":"es_ES","og_type":"article","og_title":"Empresas participantes - Forempleo 2023","og_url":"https:\/\/forempleo.uc3m.es\/alumnos2023\/empresas-participantes\/","og_site_name":"Forempleo 2023","article_publisher":"https:\/\/www.facebook.com\/Forempleo-2017-1184284735049966\/","article_modified_time":"2023-09-05T16:11:14+00:00","twitter_card":"summary_large_image","twitter_image":"http:\/\/www.forempleo.com\/alumnos2020\/wp-content\/uploads\/sites\/17\/2018\/10\/creataconectandotalento.jpg","twitter_site":"@forempleoUC3M","twitter_misc":{"Tiempo de lectura":"1 minuto"},"schema":{"@context":"https:\/\/schema.org","@graph":[{"@type":"WebPage","@id":"https:\/\/forempleo.uc3m.es\/alumnos2023\/empresas-participantes\/","url":"https:\/\/forempleo.uc3m.es\/alumnos2023\/empresas-participantes\/","name":"Empresas participantes - Forempleo 2023","isPartOf":{"@id":"https:\/\/forempleo.uc3m.es\/alumnos2020\/es\/home\/#website"},"datePublished":"2017-08-31T15:25:20+00:00","dateModified":"2023-09-05T16:11:14+00:00","breadcrumb":{"@id":"https:\/\/forempleo.uc3m.es\/alumnos2023\/empresas-participantes\/#breadcrumb"},"inLanguage":"es","potentialAction":[{"@type":"ReadAction","target":["https:\/\/forempleo.uc3m.es\/alumnos2023\/empresas-participantes\/"]}]},{"@type":"BreadcrumbList","@id":"https:\/\/forempleo.uc3m.es\/alumnos2023\/empresas-participantes\/#breadcrumb","itemListElement":[{"@type":"ListItem","position":1,"name":"Portada","item":"https:\/\/forempleo.uc3m.es\/alumnos2023\/"},{"@type":"ListItem","position":2,"name":"Empresas participantes"}]},{"@type":"WebSite","@id":"https:\/\/forempleo.uc3m.es\/alumnos2020\/es\/home\/#website","url":"https:\/\/forempleo.uc3m.es\/alumnos2020\/es\/home\/","name":"Forempleo 2023","description":"La Feria de Empleo Universitario m\u00e1s importante de Espa\u00f1a","potentialAction":[{"@type":"SearchAction","target":{"@type":"EntryPoint","urlTemplate":"https:\/\/forempleo.uc3m.es\/alumnos2020\/es\/home\/?s={search_term_string}"},"query-input":{"@type":"PropertyValueSpecification","valueRequired":true,"valueName":"search_term_string"}}],"inLanguage":"es"}]}},"_links":{"self":[{"href":"https:\/\/forempleo.uc3m.es\/alumnos2023\/wp-json\/wp\/v2\/pages\/5010","targetHints":{"allow":["GET"]}}],"collection":[{"href":"https:\/\/forempleo.uc3m.es\/alumnos2023\/wp-json\/wp\/v2\/pages"}],"about":[{"href":"https:\/\/forempleo.uc3m.es\/alumnos2023\/wp-json\/wp\/v2\/types\/page"}],"author":[{"embeddable":true,"href":"https:\/\/forempleo.uc3m.es\/alumnos2023\/wp-json\/wp\/v2\/users\/3"}],"replies":[{"embeddable":true,"href":"https:\/\/forempleo.uc3m.es\/alumnos2023\/wp-json\/wp\/v2\/comments?post=5010"}],"version-history":[{"count":62,"href":"https:\/\/forempleo.uc3m.es\/alumnos2023\/wp-json\/wp\/v2\/pages\/5010\/revisions"}],"predecessor-version":[{"id":9575,"href":"https:\/\/forempleo.uc3m.es\/alumnos2023\/wp-json\/wp\/v2\/pages\/5010\/revisions\/9575"}],"wp:attachment":[{"href":"https:\/\/forempleo.uc3m.es\/alumnos2023\/wp-json\/wp\/v2\/media?parent=5010"}],"curies":[{"name":"wp","href":"https:\/\/api.w.org\/{rel}","templated":true}]}}