{"id":4162,"date":"2023-09-02T10:35:53","date_gmt":"2023-09-02T08:35:53","guid":{"rendered":"http:\/\/www.forempleo.com\/alumnos2020\/?page_id=4162"},"modified":"2023-10-03T11:59:30","modified_gmt":"2023-10-03T09:59:30","slug":"puente-hacia-el-empleo","status":"publish","type":"page","link":"https:\/\/forempleo.uc3m.es\/alumnos2023\/puente-hacia-el-empleo\/","title":{"rendered":"Puente hacia el Empleo"},"content":{"rendered":"<section class=\"l-section wpb_row height_medium\"><div class=\"l-section-h i-cf\"><div class=\"g-cols vc_row via_flex valign_top type_default stacking_default\"><div class=\"vc_col-sm-12 wpb_column vc_column_container\"><div class=\"vc_column-inner\"><div class=\"wpb_wrapper\"><div class=\"g-cols wpb_row via_flex valign_top type_default stacking_default\"><div class=\"vc_col-sm-6 wpb_column vc_column_container\"><div class=\"vc_column-inner\"><div class=\"wpb_wrapper\"><div class=\"wpb_text_column us_custom_47e68cdb has_text_color\"><div class=\"wpb_wrapper\"><h1 style=\"text-align: left;\">Puente hacia el empleo<strong><br \/>\n<\/strong><\/h1>\n<\/div><\/div><div class=\"w-separator size_small\"><\/div><div class=\"wpb_text_column\"><div class=\"wpb_wrapper\"><p>Consulta tus dudas con t\u00e9cnicos de recursos humanos: c\u00f3mo hacer tu CV o mejorarlo, subir tu perfil a LinkedIn, cu\u00e1ndo y c\u00f3mo buscar unas pr\u00e1cticas, c\u00f3mo prepararte para un proceso de selecci\u00f3n\u2026<\/p>\n<p>\u00a1Y no olvides hacerte tu foto profesional!<\/p>\n<\/div><\/div><div class=\"w-hwrapper valign_middle align_none\"><div class=\"w-btn-wrapper align_left\"><a class=\"w-btn us-btn-style_7\" href=\"#\"><span class=\"w-btn-label\">Ven a puente hacia el empleo<\/span><\/a><\/div><\/div><\/div><\/div><\/div><div class=\"vc_col-sm-6 wpb_column vc_column_container\"><div class=\"vc_column-inner\"><div class=\"wpb_wrapper\"><div class=\"w-image hide_on_mobiles align_center\"><div class=\"w-image-h\"><img decoding=\"async\" width=\"486\" height=\"211\" src=\"https:\/\/forempleo.uc3m.es\/alumnos2023\/wp-content\/uploads\/sites\/17\/2023\/10\/imagenes_web_puente_empleo_2.png\" class=\"attachment-large size-large\" alt=\"\" loading=\"lazy\" srcset=\"https:\/\/forempleo.uc3m.es\/alumnos2023\/wp-content\/uploads\/sites\/17\/2023\/10\/imagenes_web_puente_empleo_2.png 486w, https:\/\/forempleo.uc3m.es\/alumnos2023\/wp-content\/uploads\/sites\/17\/2023\/10\/imagenes_web_puente_empleo_2-300x130.png 300w, https:\/\/forempleo.uc3m.es\/alumnos2023\/wp-content\/uploads\/sites\/17\/2023\/10\/imagenes_web_puente_empleo_2-400x174.png 400w\" sizes=\"auto, (max-width: 486px) 100vw, 486px\" \/><\/div><\/div><\/div><\/div><\/div><\/div><div class=\"w-separator size_large\"><\/div><\/div><\/div><\/div><div class=\"vc_col-sm-12 wpb_column vc_column_container\"><div class=\"vc_column-inner\"><div class=\"wpb_wrapper\"><div class=\"g-cols wpb_row via_flex valign_top type_default stacking_default\"><div class=\"vc_col-sm-4 wpb_column vc_column_container\"><div class=\"vc_column-inner\"><div class=\"wpb_wrapper\"><div class=\"aio-icon-component    style_1\"><div id=\"Info-box-wrap-4736\" class=\"aio-icon-box left-icon\" style=\"\"  ><div class=\"aio-icon-left\"><div class=\"ult-just-icon-wrapper  \"><div class=\"align-icon\" style=\"text-align:center;\">\n<div class=\"aio-icon-img \" style=\"font-size:80px;display:inline-block;\" >\n\t<img decoding=\"async\" class=\"img-icon\" alt=\"null\" src=\"https:\/\/forempleo.uc3m.es\/alumnos2023\/wp-content\/uploads\/sites\/17\/2019\/07\/ordenador_icon.png\"\/>\n<\/div><\/div><\/div><\/div><div class=\"aio-ibd-block\"><div class=\"aio-icon-header\" ><h3 class=\"aio-icon-title ult-responsive\"  data-ultimate-target='#Info-box-wrap-4736 .aio-icon-title'  data-responsive-json-new='{\"font-size\":\"\",\"line-height\":\"\"}'  style=\"\">Audit Digital<\/h3><\/div> <!-- header --><div class=\"aio-icon-description ult-responsive\"  data-ultimate-target='#Info-box-wrap-4736 .aio-icon-description'  data-responsive-json-new='{\"font-size\":\"\",\"line-height\":\"\"}'  style=\"\">Revisi\u00f3n de tu huella digital para valorar su impacto en tu imagen profesional.<\/div> <!-- description --><\/div> <!-- aio-ibd-block --><\/div> <!-- aio-icon-box --><\/div> <!-- aio-icon-component --><\/div><\/div><\/div><div class=\"vc_col-sm-4 wpb_column vc_column_container\"><div class=\"vc_column-inner\"><div class=\"wpb_wrapper\"><div class=\"aio-icon-component    style_1\"><div id=\"Info-box-wrap-9108\" class=\"aio-icon-box left-icon\" style=\"\"  ><div class=\"aio-icon-left\"><div class=\"ult-just-icon-wrapper  \"><div class=\"align-icon\" style=\"text-align:center;\">\n<div class=\"aio-icon-img \" style=\"font-size:80px;display:inline-block;\" >\n\t<img decoding=\"async\" class=\"img-icon\" alt=\"null\" src=\"https:\/\/forempleo.uc3m.es\/alumnos2023\/wp-content\/uploads\/sites\/17\/2019\/07\/curriculum_icon.png\"\/>\n<\/div><\/div><\/div><\/div><div class=\"aio-ibd-block\"><div class=\"aio-icon-header\" ><h3 class=\"aio-icon-title ult-responsive\"  data-ultimate-target='#Info-box-wrap-9108 .aio-icon-title'  data-responsive-json-new='{\"font-size\":\"\",\"line-height\":\"\"}'  style=\"\">Revisi\u00f3n de tu CV<\/h3><\/div> <!-- header --><div class=\"aio-icon-description ult-responsive\"  data-ultimate-target='#Info-box-wrap-9108 .aio-icon-description'  data-responsive-json-new='{\"font-size\":\"\",\"line-height\":\"\"}'  style=\"\">Ll\u00e9vate tu CV en papel y lo revisamos antes de que se lo entregues a las empresas de Forempleo y tambi\u00e9n revisamos tu perfil en el portal de empleo de Orientaci\u00f3n &amp; Empleo.<\/div> <!-- description --><\/div> <!-- aio-ibd-block --><\/div> <!-- aio-icon-box --><\/div> <!-- aio-icon-component --><\/div><\/div><\/div><div class=\"vc_col-sm-4 wpb_column vc_column_container\"><div class=\"vc_column-inner\"><div class=\"wpb_wrapper\"><div class=\"aio-icon-component    style_1\"><div id=\"Info-box-wrap-3720\" class=\"aio-icon-box left-icon\" style=\"\"  ><div class=\"aio-icon-left\"><div class=\"ult-just-icon-wrapper  \"><div class=\"align-icon\" style=\"text-align:center;\">\n<div class=\"aio-icon-img \" style=\"font-size:80px;display:inline-block;\" >\n\t<img decoding=\"async\" class=\"img-icon\" alt=\"null\" src=\"https:\/\/forempleo.uc3m.es\/alumnos2023\/wp-content\/uploads\/sites\/17\/2019\/07\/camara_icon.png\"\/>\n<\/div><\/div><\/div><\/div><div class=\"aio-ibd-block\"><div class=\"aio-icon-header\" ><h3 class=\"aio-icon-title ult-responsive\"  data-ultimate-target='#Info-box-wrap-3720 .aio-icon-title'  data-responsive-json-new='{\"font-size\":\"\",\"line-height\":\"\"}'  style=\"\">Foto profesional<\/h3><\/div> <!-- header --><div class=\"aio-icon-description ult-responsive\"  data-ultimate-target='#Info-box-wrap-3720 .aio-icon-description'  data-responsive-json-new='{\"font-size\":\"\",\"line-height\":\"\"}'  style=\"\">Adem\u00e1s podr\u00e1s hacerte una foto profesional y te orientamos de c\u00f3mo hacerla.<\/div> <!-- description --><\/div> <!-- aio-ibd-block --><\/div> <!-- aio-icon-box --><\/div> <!-- aio-icon-component --><\/div><\/div><\/div><\/div><div class=\"w-separator size_medium\"><\/div><div class=\"w-grid type_masonry layout_gallery_default cols_2 with_isotope\" id=\"us_grid_1\" style=\"--columns:2;\" data-filterable=\"true\"><style>.layout_gallery_default .w-grid-item-h{}<\/style><div class=\"w-grid-list\">\t<article class=\"w-grid-item size_1x1 post-9612 attachment type-attachment status-inherit hentry\" data-id=\"9612\">\r\n\t\t<div class=\"w-grid-item-h\">\r\n\t\t\t\t\t\t\t<a ref=\"magnificPopupGrid\" href=\"https:\/\/forempleo.uc3m.es\/alumnos2023\/wp-content\/uploads\/sites\/17\/2023\/09\/TXD01749-1-scaled.jpg\" class=\"w-grid-item-anchor\" aria-label=\"TXD01749 (1)\"><\/a>\r\n\t\t\t\t\t\t<div class=\"w-post-elm post_image usg_post_image_1 stretched\"><img loading=\"lazy\" decoding=\"async\" width=\"1024\" height=\"683\" src=\"https:\/\/forempleo.uc3m.es\/alumnos2023\/wp-content\/uploads\/sites\/17\/2023\/09\/TXD01749-1-1024x683.jpg\" class=\"attachment-large size-large\" alt=\"\" srcset=\"https:\/\/forempleo.uc3m.es\/alumnos2023\/wp-content\/uploads\/sites\/17\/2023\/09\/TXD01749-1-1024x683.jpg 1024w, https:\/\/forempleo.uc3m.es\/alumnos2023\/wp-content\/uploads\/sites\/17\/2023\/09\/TXD01749-1-300x200.jpg 300w, https:\/\/forempleo.uc3m.es\/alumnos2023\/wp-content\/uploads\/sites\/17\/2023\/09\/TXD01749-1-600x400.jpg 600w, https:\/\/forempleo.uc3m.es\/alumnos2023\/wp-content\/uploads\/sites\/17\/2023\/09\/TXD01749-1-400x267.jpg 400w, https:\/\/forempleo.uc3m.es\/alumnos2023\/wp-content\/uploads\/sites\/17\/2023\/09\/TXD01749-1-768x512.jpg 768w\" sizes=\"auto, (max-width: 1024px) 100vw, 1024px\" \/><\/div>\t\t<\/div>\r\n\t\t\t<\/article>\r\n\t<article class=\"w-grid-item size_1x1 post-9611 attachment type-attachment status-inherit hentry\" data-id=\"9611\">\r\n\t\t<div class=\"w-grid-item-h\">\r\n\t\t\t\t\t\t\t<a ref=\"magnificPopupGrid\" href=\"https:\/\/forempleo.uc3m.es\/alumnos2023\/wp-content\/uploads\/sites\/17\/2023\/09\/MVP_0802-scaled.jpg\" class=\"w-grid-item-anchor\" aria-label=\"MVP_0802\"><\/a>\r\n\t\t\t\t\t\t<div class=\"w-post-elm post_image usg_post_image_1 stretched\"><img loading=\"lazy\" decoding=\"async\" width=\"1024\" height=\"683\" src=\"https:\/\/forempleo.uc3m.es\/alumnos2023\/wp-content\/uploads\/sites\/17\/2023\/09\/MVP_0802-1024x683.jpg\" class=\"attachment-large size-large\" alt=\"\" srcset=\"https:\/\/forempleo.uc3m.es\/alumnos2023\/wp-content\/uploads\/sites\/17\/2023\/09\/MVP_0802-1024x683.jpg 1024w, https:\/\/forempleo.uc3m.es\/alumnos2023\/wp-content\/uploads\/sites\/17\/2023\/09\/MVP_0802-300x200.jpg 300w, https:\/\/forempleo.uc3m.es\/alumnos2023\/wp-content\/uploads\/sites\/17\/2023\/09\/MVP_0802-600x400.jpg 600w, https:\/\/forempleo.uc3m.es\/alumnos2023\/wp-content\/uploads\/sites\/17\/2023\/09\/MVP_0802-400x267.jpg 400w, https:\/\/forempleo.uc3m.es\/alumnos2023\/wp-content\/uploads\/sites\/17\/2023\/09\/MVP_0802-768x512.jpg 768w\" sizes=\"auto, (max-width: 1024px) 100vw, 1024px\" \/><\/div>\t\t<\/div>\r\n\t\t\t<\/article>\r\n<\/div><div class=\"w-grid-preloader\">\t<div class=\"g-preloader type_1\">\r\n\t\t<div><\/div>\r\n\t<\/div>\r\n\t<\/div>\t<div class=\"w-grid-json hidden\" onclick='return {&quot;action&quot;:&quot;us_ajax_grid&quot;,&quot;infinite_scroll&quot;:0,&quot;max_num_pages&quot;:1,&quot;pagination&quot;:&quot;none&quot;,&quot;template_vars&quot;:{&quot;columns&quot;:&quot;2&quot;,&quot;exclude_items&quot;:&quot;none&quot;,&quot;img_size&quot;:&quot;large&quot;,&quot;ignore_items_size&quot;:0,&quot;items_layout&quot;:&quot;gallery_default&quot;,&quot;items_offset&quot;:&quot;1&quot;,&quot;load_animation&quot;:&quot;none&quot;,&quot;overriding_link&quot;:&quot;%7B%22type%22%3A%22popup_image%22%7D&quot;,&quot;post_id&quot;:0,&quot;query_args&quot;:{&quot;post_type&quot;:[&quot;attachment&quot;],&quot;post__in&quot;:[&quot;9612&quot;,&quot;9611&quot;],&quot;post_status&quot;:&quot;inherit&quot;,&quot;post_mime_type&quot;:&quot;image&quot;,&quot;posts_per_page&quot;:999},&quot;orderby_query_args&quot;:{&quot;orderby&quot;:{&quot;post__in&quot;:&quot;ASC&quot;},&quot;order&quot;:&quot;ASC&quot;},&quot;type&quot;:&quot;masonry&quot;,&quot;us_grid_post_type&quot;:&quot;attachment&quot;,&quot;us_grid_ajax_index&quot;:1,&quot;us_grid_filter_query_string&quot;:null,&quot;us_grid_index&quot;:1,&quot;page_args&quot;:[]}}'><\/div>\r\n\t<\/div><div class=\"w-separator size_medium\"><\/div><\/div><\/div><\/div><\/div><\/div><\/section><div class=\"vc_col-sm-12 wpb_column vc_column_container\"><div class=\"vc_column-inner us_custom_7d5e32d4\"><div class=\"wpb_wrapper\"><\/div><\/div><\/div><section class=\"l-section wpb_row us_custom_9bbbe76c height_auto\"><div class=\"l-section-h i-cf\"><div class=\"g-cols vc_row via_flex valign_top type_default stacking_default\"><div class=\"vc_col-sm-12 wpb_column vc_column_container\"><div class=\"vc_column-inner\"><div class=\"wpb_wrapper\"><div class=\"wpb_text_column us_custom_ca811e99 has_text_color\"><div class=\"wpb_wrapper\"><p style=\"text-align: center;\">Empresas patrocinadoras<\/p>\n<\/div><\/div><\/div><\/div><\/div><\/div><\/div><\/section><section class=\"l-section wpb_row height_small\"><div class=\"l-section-h i-cf\"><div class=\"g-cols vc_row via_flex valign_top type_default stacking_default\"><div class=\"vc_col-sm-1\/5 wpb_column vc_column_container\"><div class=\"vc_column-inner\"><div class=\"wpb_wrapper\"><div class=\"w-image us_custom_3ffca0c2 align_none\"><a target=\"_blank\" rel=\"nofollow\" href=\"https:\/\/www.accenture.com\/es-es\" aria-label=\"003_Logo_accenture\" class=\"w-image-h\"><img decoding=\"async\" width=\"300\" height=\"300\" src=\"https:\/\/forempleo.uc3m.es\/alumnos2023\/wp-content\/uploads\/sites\/17\/2020\/09\/003_Logo_accenture.jpg\" class=\"attachment-large size-large\" alt=\"\" loading=\"lazy\" srcset=\"https:\/\/forempleo.uc3m.es\/alumnos2023\/wp-content\/uploads\/sites\/17\/2020\/09\/003_Logo_accenture.jpg 300w, https:\/\/forempleo.uc3m.es\/alumnos2023\/wp-content\/uploads\/sites\/17\/2020\/09\/003_Logo_accenture-150x150.jpg 150w\" sizes=\"auto, (max-width: 300px) 100vw, 300px\" \/><\/a><\/div><\/div><\/div><\/div><div class=\"vc_col-sm-1\/5 wpb_column vc_column_container\"><div class=\"vc_column-inner\"><div class=\"wpb_wrapper\"><div class=\"w-image us_custom_da231e2d align_none\"><a title=\"BBVA\" target=\"_blank\" rel=\"nofollow\" href=\"https:\/\/www.bbva.es\/personas.html\" aria-label=\"027_Logo_BBVA\" class=\"w-image-h\"><img decoding=\"async\" width=\"300\" height=\"300\" src=\"https:\/\/forempleo.uc3m.es\/alumnos2023\/wp-content\/uploads\/sites\/17\/2022\/09\/027_Logo_BBVA.jpg\" class=\"attachment-large size-large\" alt=\"\" loading=\"lazy\" srcset=\"https:\/\/forempleo.uc3m.es\/alumnos2023\/wp-content\/uploads\/sites\/17\/2022\/09\/027_Logo_BBVA.jpg 300w, https:\/\/forempleo.uc3m.es\/alumnos2023\/wp-content\/uploads\/sites\/17\/2022\/09\/027_Logo_BBVA-150x150.jpg 150w\" sizes=\"auto, (max-width: 300px) 100vw, 300px\" \/><\/a><\/div><\/div><\/div><\/div><div class=\"vc_col-sm-1\/5 wpb_column vc_column_container\"><div class=\"vc_column-inner\"><div class=\"wpb_wrapper\"><div class=\"w-image us_custom_da231e2d align_none\"><a title=\"Deloitte\" target=\"_blank\" rel=\"nofollow\" href=\"https:\/\/www2.deloitte.com\/es\/es.html\" aria-label=\"048_Logo_DELOITTE\" class=\"w-image-h\"><img decoding=\"async\" width=\"300\" height=\"300\" src=\"https:\/\/forempleo.uc3m.es\/alumnos2023\/wp-content\/uploads\/sites\/17\/2022\/09\/048_Logo_DELOITTE.jpg\" class=\"attachment-large size-large\" alt=\"\" loading=\"lazy\" srcset=\"https:\/\/forempleo.uc3m.es\/alumnos2023\/wp-content\/uploads\/sites\/17\/2022\/09\/048_Logo_DELOITTE.jpg 300w, https:\/\/forempleo.uc3m.es\/alumnos2023\/wp-content\/uploads\/sites\/17\/2022\/09\/048_Logo_DELOITTE-150x150.jpg 150w\" sizes=\"auto, (max-width: 300px) 100vw, 300px\" \/><\/a><\/div><\/div><\/div><\/div><div class=\"vc_col-sm-1\/5 wpb_column vc_column_container\"><div class=\"vc_column-inner\"><div class=\"wpb_wrapper\"><div class=\"w-image us_custom_da231e2d align_none\"><a title=\"EY\" target=\"_blank\" rel=\"nofollow\" href=\"https:\/\/www.ey.com\/es_es\" aria-label=\"062_Logo_EY\" class=\"w-image-h\"><img decoding=\"async\" width=\"300\" height=\"300\" src=\"https:\/\/forempleo.uc3m.es\/alumnos2023\/wp-content\/uploads\/sites\/17\/2022\/09\/062_Logo_EY-1.jpg\" class=\"attachment-large size-large\" alt=\"\" loading=\"lazy\" srcset=\"https:\/\/forempleo.uc3m.es\/alumnos2023\/wp-content\/uploads\/sites\/17\/2022\/09\/062_Logo_EY-1.jpg 300w, https:\/\/forempleo.uc3m.es\/alumnos2023\/wp-content\/uploads\/sites\/17\/2022\/09\/062_Logo_EY-1-150x150.jpg 150w\" sizes=\"auto, (max-width: 300px) 100vw, 300px\" \/><\/a><\/div><\/div><\/div><\/div><div class=\"vc_col-sm-1\/5 wpb_column vc_column_container\"><div class=\"vc_column-inner\"><div class=\"wpb_wrapper\"><div class=\"w-image us_custom_da231e2d align_none\"><a title=\"KPMG\" target=\"_blank\" rel=\"nofollow\" href=\"https:\/\/kpmg.com\/es\/es\/home.html\" aria-label=\"068_Logo_kpmg\" class=\"w-image-h\"><img decoding=\"async\" width=\"300\" height=\"300\" src=\"https:\/\/forempleo.uc3m.es\/alumnos2023\/wp-content\/uploads\/sites\/17\/2020\/10\/068_Logo_kpmg.jpg\" class=\"attachment-large size-large\" alt=\"\" loading=\"lazy\" srcset=\"https:\/\/forempleo.uc3m.es\/alumnos2023\/wp-content\/uploads\/sites\/17\/2020\/10\/068_Logo_kpmg.jpg 300w, https:\/\/forempleo.uc3m.es\/alumnos2023\/wp-content\/uploads\/sites\/17\/2020\/10\/068_Logo_kpmg-150x150.jpg 150w\" sizes=\"auto, (max-width: 300px) 100vw, 300px\" \/><\/a><\/div><\/div><\/div><\/div><\/div><\/div><\/section>\n","protected":false},"excerpt":{"rendered":"","protected":false},"author":3,"featured_media":0,"parent":0,"menu_order":0,"comment_status":"closed","ping_status":"closed","template":"","meta":{"footnotes":""},"class_list":["post-4162","page","type-page","status-publish","hentry"],"yoast_head":"<!-- This site is optimized with the Yoast SEO plugin v27.3 - https:\/\/yoast.com\/product\/yoast-seo-wordpress\/ -->\n<title>Forempleo 2023 (4 y 5 de octubre) | Puente hacia el empleo<\/title>\n<meta name=\"description\" content=\"Consulta con t\u00e9cnicos de RR.HH.: c\u00f3mo hacer tu CV, subir tu perfil a LinkedIn o c\u00f3mo buscar pr\u00e1cticas. Ven a Forempleo Campus UC3M de Legan\u00e9s\" \/>\n<meta name=\"robots\" content=\"index, follow, max-snippet:-1, max-image-preview:large, max-video-preview:-1\" \/>\n<link rel=\"canonical\" href=\"https:\/\/forempleo.uc3m.es\/alumnos2023\/puente-hacia-el-empleo\/\" \/>\n<meta property=\"og:locale\" content=\"es_ES\" \/>\n<meta property=\"og:type\" content=\"article\" \/>\n<meta property=\"og:title\" content=\"Forempleo 2023 (4 y 5 de octubre) | Puente hacia el empleo\" \/>\n<meta property=\"og:description\" content=\"Consulta con t\u00e9cnicos de RR.HH.: c\u00f3mo hacer tu CV, subir tu perfil a LinkedIn o c\u00f3mo buscar pr\u00e1cticas. Ven a Forempleo Campus UC3M de Legan\u00e9s\" \/>\n<meta property=\"og:url\" content=\"https:\/\/forempleo.uc3m.es\/alumnos2023\/puente-hacia-el-empleo\/\" \/>\n<meta property=\"og:site_name\" content=\"Forempleo 2023\" \/>\n<meta property=\"article:publisher\" content=\"https:\/\/www.facebook.com\/Forempleo-2017-1184284735049966\/\" \/>\n<meta property=\"article:modified_time\" content=\"2023-10-03T09:59:30+00:00\" \/>\n<meta name=\"twitter:card\" content=\"summary_large_image\" \/>\n<meta name=\"twitter:site\" content=\"@forempleoUC3M\" \/>\n<meta name=\"twitter:label1\" content=\"Tiempo de lectura\" \/>\n\t<meta name=\"twitter:data1\" content=\"1 minuto\" \/>\n<script type=\"application\/ld+json\" class=\"yoast-schema-graph\">{\"@context\":\"https:\\\/\\\/schema.org\",\"@graph\":[{\"@type\":\"WebPage\",\"@id\":\"https:\\\/\\\/forempleo.uc3m.es\\\/alumnos2023\\\/puente-hacia-el-empleo\\\/\",\"url\":\"https:\\\/\\\/forempleo.uc3m.es\\\/alumnos2023\\\/puente-hacia-el-empleo\\\/\",\"name\":\"Forempleo 2023 (4 y 5 de octubre) | Puente hacia el empleo\",\"isPartOf\":{\"@id\":\"https:\\\/\\\/forempleo.uc3m.es\\\/alumnos2020\\\/es\\\/home\\\/#website\"},\"datePublished\":\"2023-09-02T08:35:53+00:00\",\"dateModified\":\"2023-10-03T09:59:30+00:00\",\"description\":\"Consulta con t\u00e9cnicos de RR.HH.: c\u00f3mo hacer tu CV, subir tu perfil a LinkedIn o c\u00f3mo buscar pr\u00e1cticas. Ven a Forempleo Campus UC3M de Legan\u00e9s\",\"breadcrumb\":{\"@id\":\"https:\\\/\\\/forempleo.uc3m.es\\\/alumnos2023\\\/puente-hacia-el-empleo\\\/#breadcrumb\"},\"inLanguage\":\"es\",\"potentialAction\":[{\"@type\":\"ReadAction\",\"target\":[\"https:\\\/\\\/forempleo.uc3m.es\\\/alumnos2023\\\/puente-hacia-el-empleo\\\/\"]}]},{\"@type\":\"BreadcrumbList\",\"@id\":\"https:\\\/\\\/forempleo.uc3m.es\\\/alumnos2023\\\/puente-hacia-el-empleo\\\/#breadcrumb\",\"itemListElement\":[{\"@type\":\"ListItem\",\"position\":1,\"name\":\"Portada\",\"item\":\"https:\\\/\\\/forempleo.uc3m.es\\\/alumnos2023\\\/\"},{\"@type\":\"ListItem\",\"position\":2,\"name\":\"Puente hacia el Empleo\"}]},{\"@type\":\"WebSite\",\"@id\":\"https:\\\/\\\/forempleo.uc3m.es\\\/alumnos2020\\\/es\\\/home\\\/#website\",\"url\":\"https:\\\/\\\/forempleo.uc3m.es\\\/alumnos2020\\\/es\\\/home\\\/\",\"name\":\"Forempleo 2023\",\"description\":\"La Feria de Empleo Universitario m\u00e1s importante de Espa\u00f1a\",\"potentialAction\":[{\"@type\":\"SearchAction\",\"target\":{\"@type\":\"EntryPoint\",\"urlTemplate\":\"https:\\\/\\\/forempleo.uc3m.es\\\/alumnos2020\\\/es\\\/home\\\/?s={search_term_string}\"},\"query-input\":{\"@type\":\"PropertyValueSpecification\",\"valueRequired\":true,\"valueName\":\"search_term_string\"}}],\"inLanguage\":\"es\"}]}<\/script>\n<!-- \/ Yoast SEO plugin. -->","yoast_head_json":{"title":"Forempleo 2023 (4 y 5 de octubre) | Puente hacia el empleo","description":"Consulta con t\u00e9cnicos de RR.HH.: c\u00f3mo hacer tu CV, subir tu perfil a LinkedIn o c\u00f3mo buscar pr\u00e1cticas. Ven a Forempleo Campus UC3M de Legan\u00e9s","robots":{"index":"index","follow":"follow","max-snippet":"max-snippet:-1","max-image-preview":"max-image-preview:large","max-video-preview":"max-video-preview:-1"},"canonical":"https:\/\/forempleo.uc3m.es\/alumnos2023\/puente-hacia-el-empleo\/","og_locale":"es_ES","og_type":"article","og_title":"Forempleo 2023 (4 y 5 de octubre) | Puente hacia el empleo","og_description":"Consulta con t\u00e9cnicos de RR.HH.: c\u00f3mo hacer tu CV, subir tu perfil a LinkedIn o c\u00f3mo buscar pr\u00e1cticas. Ven a Forempleo Campus UC3M de Legan\u00e9s","og_url":"https:\/\/forempleo.uc3m.es\/alumnos2023\/puente-hacia-el-empleo\/","og_site_name":"Forempleo 2023","article_publisher":"https:\/\/www.facebook.com\/Forempleo-2017-1184284735049966\/","article_modified_time":"2023-10-03T09:59:30+00:00","twitter_card":"summary_large_image","twitter_site":"@forempleoUC3M","twitter_misc":{"Tiempo de lectura":"1 minuto"},"schema":{"@context":"https:\/\/schema.org","@graph":[{"@type":"WebPage","@id":"https:\/\/forempleo.uc3m.es\/alumnos2023\/puente-hacia-el-empleo\/","url":"https:\/\/forempleo.uc3m.es\/alumnos2023\/puente-hacia-el-empleo\/","name":"Forempleo 2023 (4 y 5 de octubre) | Puente hacia el empleo","isPartOf":{"@id":"https:\/\/forempleo.uc3m.es\/alumnos2020\/es\/home\/#website"},"datePublished":"2023-09-02T08:35:53+00:00","dateModified":"2023-10-03T09:59:30+00:00","description":"Consulta con t\u00e9cnicos de RR.HH.: c\u00f3mo hacer tu CV, subir tu perfil a LinkedIn o c\u00f3mo buscar pr\u00e1cticas. Ven a Forempleo Campus UC3M de Legan\u00e9s","breadcrumb":{"@id":"https:\/\/forempleo.uc3m.es\/alumnos2023\/puente-hacia-el-empleo\/#breadcrumb"},"inLanguage":"es","potentialAction":[{"@type":"ReadAction","target":["https:\/\/forempleo.uc3m.es\/alumnos2023\/puente-hacia-el-empleo\/"]}]},{"@type":"BreadcrumbList","@id":"https:\/\/forempleo.uc3m.es\/alumnos2023\/puente-hacia-el-empleo\/#breadcrumb","itemListElement":[{"@type":"ListItem","position":1,"name":"Portada","item":"https:\/\/forempleo.uc3m.es\/alumnos2023\/"},{"@type":"ListItem","position":2,"name":"Puente hacia el Empleo"}]},{"@type":"WebSite","@id":"https:\/\/forempleo.uc3m.es\/alumnos2020\/es\/home\/#website","url":"https:\/\/forempleo.uc3m.es\/alumnos2020\/es\/home\/","name":"Forempleo 2023","description":"La Feria de Empleo Universitario m\u00e1s importante de Espa\u00f1a","potentialAction":[{"@type":"SearchAction","target":{"@type":"EntryPoint","urlTemplate":"https:\/\/forempleo.uc3m.es\/alumnos2020\/es\/home\/?s={search_term_string}"},"query-input":{"@type":"PropertyValueSpecification","valueRequired":true,"valueName":"search_term_string"}}],"inLanguage":"es"}]}},"_links":{"self":[{"href":"https:\/\/forempleo.uc3m.es\/alumnos2023\/wp-json\/wp\/v2\/pages\/4162","targetHints":{"allow":["GET"]}}],"collection":[{"href":"https:\/\/forempleo.uc3m.es\/alumnos2023\/wp-json\/wp\/v2\/pages"}],"about":[{"href":"https:\/\/forempleo.uc3m.es\/alumnos2023\/wp-json\/wp\/v2\/types\/page"}],"author":[{"embeddable":true,"href":"https:\/\/forempleo.uc3m.es\/alumnos2023\/wp-json\/wp\/v2\/users\/3"}],"replies":[{"embeddable":true,"href":"https:\/\/forempleo.uc3m.es\/alumnos2023\/wp-json\/wp\/v2\/comments?post=4162"}],"version-history":[{"count":94,"href":"https:\/\/forempleo.uc3m.es\/alumnos2023\/wp-json\/wp\/v2\/pages\/4162\/revisions"}],"predecessor-version":[{"id":9711,"href":"https:\/\/forempleo.uc3m.es\/alumnos2023\/wp-json\/wp\/v2\/pages\/4162\/revisions\/9711"}],"wp:attachment":[{"href":"https:\/\/forempleo.uc3m.es\/alumnos2023\/wp-json\/wp\/v2\/media?parent=4162"}],"curies":[{"name":"wp","href":"https:\/\/api.w.org\/{rel}","templated":true}]}}